{"id":4149,"date":"2023-10-24T12:50:33","date_gmt":"2023-10-24T12:50:33","guid":{"rendered":"https:\/\/www.sinavkolej.com\/capa\/?page_id=4149"},"modified":"2024-04-04T09:18:42","modified_gmt":"2024-04-04T09:18:42","slug":"anadolu-lisesi","status":"publish","type":"page","link":"https:\/\/www.sinavkolej.com\/capa\/anadolu-lisesi\/","title":{"rendered":"Anadolu Lisesi"},"content":{"rendered":"\t\t<div data-elementor-type=\"wp-page\" data-elementor-id=\"4149\" class=\"elementor elementor-4149\">\n\t\t\t\t\t\t<section class=\"elementor-section elementor-top-section elementor-element elementor-element-b63540a elementor-section-boxed elementor-section-height-default elementor-section-height-default\" data-id=\"b63540a\" data-element_type=\"section\">\n\t\t\t\t\t\t<div class=\"elementor-container elementor-column-gap-no\">\n\t\t\t\t\t<div class=\"elementor-column elementor-col-100 elementor-top-column elementor-element elementor-element-2b37718\" data-id=\"2b37718\" data-element_type=\"column\">\n\t\t\t<div class=\"elementor-widget-wrap elementor-element-populated\">\n\t\t\t\t\t\t<section class=\"elementor-section elementor-inner-section elementor-element elementor-element-e3ffe3f elementor-section-boxed elementor-section-height-default elementor-section-height-default\" data-id=\"e3ffe3f\" data-element_type=\"section\">\n\t\t\t\t\t\t<div class=\"elementor-container elementor-column-gap-no\">\n\t\t\t\t\t<div class=\"elementor-column elementor-col-100 elementor-inner-column elementor-element elementor-element-90fb08b\" data-id=\"90fb08b\" data-element_type=\"column\">\n\t\t\t<div class=\"elementor-widget-wrap elementor-element-populated\">\n\t\t\t\t\r\n\r\n\t\t<div class=\"elementor-element elementor-element-cf29924 elementor-widget elementor-widget-image\" data-id=\"cf29924\" data-element_type=\"widget\" data-widget_type=\"image.default\">\n\t\t\t\t<div class=\"elementor-widget-container\">\n\t\t\t<style>\/*! elementor - v3.22.0 - 26-06-2024 *\/\n.elementor-widget-image{text-align:center}.elementor-widget-image a{display:inline-block}.elementor-widget-image a img[src$=\".svg\"]{width:48px}.elementor-widget-image img{vertical-align:middle;display:inline-block}<\/style>\t\t\t\t\t\t\t\t\t\t<img fetchpriority=\"high\" decoding=\"async\" width=\"1225\" height=\"551\" src=\"https:\/\/www.sinavkolej.com\/capa\/wp-content\/uploads\/2023\/10\/Sinavlar-cikarak-ogrenciler.webp\" class=\"attachment-full size-full wp-image-4151\" alt=\"\" srcset=\"https:\/\/www.sinavkolej.com\/capa\/wp-content\/uploads\/2023\/10\/Sinavlar-cikarak-ogrenciler.webp 1225w, https:\/\/www.sinavkolej.com\/capa\/wp-content\/uploads\/2023\/10\/Sinavlar-cikarak-ogrenciler-300x135.webp 300w, https:\/\/www.sinavkolej.com\/capa\/wp-content\/uploads\/2023\/10\/Sinavlar-cikarak-ogrenciler-1024x461.webp 1024w, https:\/\/www.sinavkolej.com\/capa\/wp-content\/uploads\/2023\/10\/Sinavlar-cikarak-ogrenciler-768x345.webp 768w\" sizes=\"(max-width: 1225px) 100vw, 1225px\" \/>\t\t\t\t\t\t\t\t\t\t\t\t\t<\/div>\n\t\t\t\t<\/div>\n\t\t\t\t<div class=\"elementor-element elementor-element-2148a4c elementor-widget elementor-widget-heading\" data-id=\"2148a4c\" data-element_type=\"widget\" data-widget_type=\"heading.default\">\n\t\t\t\t<div class=\"elementor-widget-container\">\n\t\t\t<style>\/*! elementor - v3.22.0 - 26-06-2024 *\/\n.elementor-heading-title{padding:0;margin:0;line-height:1}.elementor-widget-heading .elementor-heading-title[class*=elementor-size-]>a{color:inherit;font-size:inherit;line-height:inherit}.elementor-widget-heading .elementor-heading-title.elementor-size-small{font-size:15px}.elementor-widget-heading .elementor-heading-title.elementor-size-medium{font-size:19px}.elementor-widget-heading .elementor-heading-title.elementor-size-large{font-size:29px}.elementor-widget-heading .elementor-heading-title.elementor-size-xl{font-size:39px}.elementor-widget-heading .elementor-heading-title.elementor-size-xxl{font-size:59px}<\/style><h3 class=\"elementor-heading-title elementor-size-default\">\u0130Y\u0130 B\u0130R L\u0130SE, \u0130Y\u0130 B\u0130R \u00dcN\u0130VERS\u0130TEN\u0130N KAPISIDIR\n<\/h3>\t\t<\/div>\n\t\t\t\t<\/div>\n\t\t\t\t<div class=\"elementor-element elementor-element-154bc68 elementor-widget elementor-widget-text-editor\" data-id=\"154bc68\" data-element_type=\"widget\" data-widget_type=\"text-editor.default\">\n\t\t\t\t<div class=\"elementor-widget-container\">\n\t\t\t<style>\/*! elementor - v3.22.0 - 26-06-2024 *\/\n.elementor-widget-text-editor.elementor-drop-cap-view-stacked .elementor-drop-cap{background-color:#69727d;color:#fff}.elementor-widget-text-editor.elementor-drop-cap-view-framed .elementor-drop-cap{color:#69727d;border:3px solid;background-color:transparent}.elementor-widget-text-editor:not(.elementor-drop-cap-view-default) .elementor-drop-cap{margin-top:8px}.elementor-widget-text-editor:not(.elementor-drop-cap-view-default) .elementor-drop-cap-letter{width:1em;height:1em}.elementor-widget-text-editor .elementor-drop-cap{float:left;text-align:center;line-height:1;font-size:50px}.elementor-widget-text-editor .elementor-drop-cap-letter{display:inline-block}<\/style>\t\t\t\t<div>Akademik mentor ve rehber \u00f6\u011fretmenin her \u00f6\u011frencinin akademik ve sosyal geli\u015fimini takip etti\u011fi \u00c7apa\u00a0S\u0131nav\u00a0Kursnde, e\u011fitimi iki a\u015famada ele almak gerekir.<\/div><div>\u00a0<\/div><div>Birinci a\u015fama; 9 ve 10. s\u0131n\u0131fta \u0130ngilizce e\u011fitimi ile temel akademik e\u011fitim \u00f6n plana \u00e7\u0131kmaktad\u0131r. Bunlarla birlikte, de\u011ferler e\u011fitimi kapsam\u0131nda yer alan k\u00fclt\u00fcr, sanat ve spor etkinlikleri ile kul\u00fcp \u00e7al\u0131\u015fmalar\u0131 s\u00fcrd\u00fcr\u00fcl\u00fcr.<\/div><div>\u00a0<\/div><div>\u0130kinci a\u015fama; 11 ve 12. s\u0131n\u0131fta ise yabanc\u0131 dil e\u011fitimi \u00f6nemini korumaktad\u0131r. \u00dcniversiteye giri\u015f s\u0131nav\u0131 olan YKS (TYT-AYT) haz\u0131rl\u0131k \u00e7al\u0131\u015fmalar\u0131 bu d\u00f6nemde ciddi bir ivme kazan\u0131r.<\/div><div>\u00a0<\/div><div>Her hafta d\u00fczenli bir \u015fekilde uygulanan TYT-AYT ve ders denemeleri, soru \u00e7\u00f6z\u00fcm saatleri ve et\u00fct tamamlama \u00e7al\u0131\u015fmalar\u0131yla kurs ve \u00f6zel derse gerek kalmayacak \u015fekilde bir akademik program izlenir.<\/div><div>\u00a0<\/div><div>\u00c7apa\u00a0S\u0131nav\u00a0Kurs Liselerinde \u00f6\u011frencilerin biri ya da bir k\u0131sm\u0131 de\u011fil hepsi \u00fcniversiteye gider. \u00dcstelik okul olarak TYT ve AYT\u2019de ba\u015far\u0131l\u0131 derecelere sahiptir.<\/div><div>\u00a0<\/div><div>Ayr\u0131ca \u00f6\u011frencilerin en \u00e7ok bu d\u00f6nemde ihtiya\u00e7 duydu\u011fu rehberlik ve dan\u0131\u015fmanl\u0131k \u00e7al\u0131\u015fmalar\u0131na \u00f6zel \u00f6nem verilir. Rehber \u00f6\u011fretmenler her \u00f6\u011frenciyle birebir ilgilenir ve meslek, kariyer, \u00fcniversite haz\u0131rl\u0131k ve veli-\u00f6\u011frenci ileti\u015fimi konular\u0131nda dan\u0131\u015fmanl\u0131k yapar ve destek verir.<\/div><div>\u00a0<\/div><div>\u00c7apa\u00a0S\u0131nav\u00a0Kursnde \u00f6\u011frenciler i\u00e7in yurt d\u0131\u015f\u0131 e\u011fitim dan\u0131\u015fmanl\u0131\u011f\u0131 kapsam\u0131nda kariyer g\u00fcnleri d\u00fczenlenir ve \u00fclkemizin sayg\u0131n \u00fcniversitelerine kapsaml\u0131 geziler d\u00fczenlenir. Bu kapsamda \u00f6\u011frenci de\u011fi\u015fim programlar\u0131yla isteyen \u00f6\u011frenciler e\u011fitimlerinin bir k\u0131sm\u0131n\u0131 ABD ve Kanada gibi \u00fclkelerde s\u00fcrd\u00fcr\u00fcrler.<\/div><div>\u00a0<\/div><div>\u00a0OKULUMUZDA AKADEM\u0130K S\u00dcRE\u00c7<\/div><div>\u00a0<\/div><div>Mentorluk Sistemi: S\u0131nav E\u011fitim Kurumlar\u0131n\u0131n kuruldu\u011fu \u00fc\u00e7 temel unsurdan ilki takip\/sorumluluktur. \u00d6\u011frencilerimiz b\u00fcy\u00fck bir sorumluluk ve titizlik \u00e7er\u00e7evesinde takip edilmektedir. Bunun i\u00e7indir ki okulumuzda t\u00fcm \u00f6\u011frencilerimizin akademik ba\u015far\u0131lar\u0131yla yak\u0131ndan ilgilenilir. Geli\u015fmelerden veliler de d\u00fczenli olarak haberdar edilir. Mentorluk sistemi okulumuzda sorunlar\u0131n tespit edilip ayn\u0131 zamanda \u00e7\u00f6z\u00fcme kavu\u015fturuldu\u011fu bir yap\u0131d\u0131r.<\/div><div>\u00a0<\/div><div>Yaz\u0131l\u0131 S\u0131navlar ve Deneme S\u0131navlar\u0131: \u201c\u00d6l\u00e7\u00fclmeyen bilgi y\u00f6netilemez\u201d ilkesiyle hareket eden kurumumuzda \u00f6l\u00e7me-de\u011ferlendirme b\u00fcy\u00fck bir titizlikle y\u00fcr\u00fct\u00fclmektedir. Yaz\u0131l\u0131 s\u0131navlar ve deneme s\u0131navlar\u0131 S\u0131nav E\u011fitim Kurumlar\u0131 Genel Merkezi taraf\u0131ndan haz\u0131rlanmakta ve T\u00fcrkiye genelinde e\u015f zamanl\u0131 uygulanmaktad\u0131r. Yap\u0131lan her deneme s\u0131nav\u0131 S\u0131nav E\u011fitim Kurumlar\u0131 b\u00fcnyesindeki on binlerce \u00f6\u011frenci ile birlikte de\u011ferlendirilmektedir.<\/div><div>\u00a0<\/div><div>\u00d6DEVLER<\/div><div>\u00a0<\/div><div>G\u00fcnl\u00fck, haftal\u0131k, d\u00f6nemlik \u00f6devlerin bir program dahilinde ve sistemli bir \u015fekilde ger\u00e7ekle\u015ftirildi\u011fi S\u0131nav Kolejlerinde;<\/div><div>Yo\u011fun program\u0131 yeti\u015ftirmek ve \u00f6\u011frencileri en iyi \u015fekilde haz\u0131rlayabilmek i\u00e7in okuldaki ders ve et\u00fctlerin yan\u0131nda yan\u0131nda bireysel \u00e7al\u0131\u015fmalara\/\u00f6devlere \u00f6nem verilmektedir.\u00d6\u011frencinin bireysel \u00e7al\u0131\u015fmalar\u0131n\u0131 planlamak amac\u0131yla, haftal\u0131k ders programlar\u0131ndan hareketle her dersin \u00f6dev g\u00fcn\u00fc ve miktar\u0131 \u201c\u00f6dev \u00e7izelgesi\u201dnde belirlenmektedir.Haftal\u0131k ders programlar\u0131nda ilgili dersin ilk saati mutlaka \u00f6dev kontrol\u00fc i\u00e7in ayr\u0131lmakta, \u00f6devlerini yapmayan \u00f6\u011frencilerin \u00f6devleri ek \u00e7al\u0131\u015fma saatinde tamamlat\u0131lmaktad\u0131r.<\/div><div>\u00a0<\/div><div>\u00c7apa\u00a0S\u0131nav\u00a0Kursnde \u00f6devler 3 kategoride planlanm\u0131\u015ft\u0131r.<\/div><div>G\u00fcnl\u00fck \u00f6devler: Farkl\u0131 kaynaklardan, \u201cSoru Bankas\u0131 Mod\u00fclleri\u201dnden g\u00fcnl\u00fck \u00f6devler verilir. Ayr\u0131ca ders \u00f6\u011fretmenleri taraf\u0131ndan ev \u00e7al\u0131\u015fmas\u0131 \u015feklindeki ba\u015fka etkinlikler de yapt\u0131r\u0131l\u0131r ve g\u00fcnl\u00fck \u00f6devlerin tamam\u0131 hafta i\u00e7i kontrol edilir.D\u00f6nem \u00f6devleri: D\u00f6nem konular\u0131n\u0131 kapsayacak \u015fekilde haz\u0131rlanan d\u00f6nem sonu \u00f6devleri verilir ve kontrol\u00fc yeni d\u00f6nem ba\u015f\u0131nda yap\u0131l\u0131r.Haftal\u0131k \u00f6devler: \u201cHaftal\u0131k \u00d6dev Fasik\u00fclleri\u201d(T\u00d6DEV) her ders i\u00e7in cuma g\u00fcnleri verilir ve kontrol\u00fc ilgili ilk derste \/ \u00f6dev kontrol saatinde yap\u0131l\u0131r. \u00d6dev de\u011ferlendirmeleri SINAVNET \u00fczerinden veli ile payla\u015f\u0131l\u0131r.<\/div><div>\u00a0<\/div><div>YAYINLAR<\/div><div>\u00a0<\/div><div>Okulumuzda yay\u0131nc\u0131l\u0131k anlam\u0131nda k\u00f6kl\u00fc bir ge\u00e7mi\u015fe ve birikime sahip olan uzman yay\u0131n ekibi taraf\u0131ndan olu\u015fturulan S\u0131nav E\u011fitim Kurumlar\u0131 Yay\u0131nlar\u0131 kullan\u0131lmaktad\u0131r. Talim Terbiye Kurulunun olu\u015fturdu\u011fu m\u00fcfredata uygun ayn\u0131 zamanda \u00fcniversite s\u0131navlar\u0131nda sorulan sorular\u0131 analiz ederek haz\u0131rlanan yay\u0131nlar \u00f6\u011frencilerimize kaynakl\u0131k etmektedir.<\/div><div>\u00a0<\/div><div>ESENYURT HARAM\u0130DERE SINAV KOLEJ\u0130 \u00dcST D\u00dcZEY \u0130NG\u0130L\u0130ZCE<\/div><div>\u00a0<\/div><div>V\u0130ZYONUMUZ: Ulusal ve uluslararas\u0131 platformda \u00f6zg\u00fcveni geli\u015ftiren ve \u0130ngilizce\u2019yi etkili bir \u015fekilde konu\u015fan \u00f6\u011frenci yeti\u015ftirmektir. \u00d6\u011frencilerimiz; \u00fclkemizde ve uluslararas\u0131 arenalarda \u0130ngilizceyi ustaca kullanan, h\u0131zl\u0131 ve etkili ileti\u015fim kurabilen profesyonel ve akademik kadrolar\u0131n olu\u015fturulmas\u0131n\u0131n \u00f6nemi bilinciyle y\u00fcksek d\u00fczeyde \u0130ngilizce bilgi ve becerilerine sahip bireyler olarak yeti\u015ftirilmektedir.<\/div><div>\u00a0<\/div><div>D\u0130L HEDEF\u0130M\u0130Z: \u0130leri D\u00fczey (C1)<\/div><div>Avrupa Ortak Dil \u00c7er\u00e7evesi (CEFR) tan\u0131m\u0131na g\u00f6re C1 d\u00fczeyinde \u0130ngilizceye sahip bireyler \u00e7ok \u00e7e\u015fitli, zor metinleri ve konu\u015fmalar\u0131 anlayabilir ve \u00e7o\u011fu durumda kendini ak\u0131c\u0131 olarak ifade edebilir. Okulumuzda bu yabanc\u0131 dil hedefi, gerek yurt d\u0131\u015f\u0131nda gerekse T\u00fcrkiye\u2019de \u00f6\u011fretim dili \u0130ngilizce olan \u00fcniversiteler ve fak\u00fcltelerde okuyacak \u00f6\u011frencilerin haz\u0131rl\u0131k s\u0131n\u0131flar\u0131n\u0131 atlayarak direkt b\u00f6l\u00fcmlerinde okumaya ba\u015flamalar\u0131 i\u00e7in uygun bir d\u00fczeye gelmesini sa\u011flamaktad\u0131r.<\/div><div>\u00d6\u011frencilerin C1 d\u00fczeyine eri\u015ferek mezun olabilmeleri amac\u0131yla, ders i\u00e7erikleri d\u00f6rt dil becerisini ayn\u0131 h\u0131zda geli\u015ftiren, uluslararas\u0131 s\u0131navlara (Cambridge PET, FCE, IELTS, TOEFL s\u0131navlar\u0131na vb.) haz\u0131rlay\u0131c\u0131 ve \u00f6\u011frencilerin bireysel gereksinimlerine g\u00f6re uyarlanm\u0131\u015f \u00f6zg\u00fcn materyallerden olu\u015fur.<\/div><div>\u00a0<\/div><div>G\u00d6REV\u0130M\u0130Z: Hakkaniyetli Dil E\u011fitimi<\/div><div>\u0130ngilizce dersleri CEFR prensiplerine g\u00f6re d\u00fczenlenmi\u015f olan m\u00fcfredat, metodoloji ve \u00f6l\u00e7me-de\u011ferlendirme kriterlerini temel alarak uygulanmaktad\u0131r. Hakkaniyetli bir e\u011fitim kurumu olarak g\u00f6revimiz, \u00f6\u011frencilerimizi sadece dil s\u0131navlar\u0131nda ba\u015far\u0131l\u0131 olmalar\u0131 y\u00f6n\u00fcnde haz\u0131rlamak de\u011fil, her \u00f6\u011frencimizin dil yeterlili\u011fini bireysel olarak en \u00fcst ileti\u015fimsel potansiyele ula\u015ft\u0131rmakt\u0131r. Geleneksel kur sisteminin yol a\u00e7t\u0131\u011f\u0131 \u201c\u00f6\u011frenilmi\u015f \u00e7aresizli\u011fe\u201d alternatif olarak sunulan yo\u011fun ve \u201cfarkl\u0131la\u015ft\u0131r\u0131lm\u0131\u015f e\u011fitim\u201d sistemimiz, en ba\u015far\u0131l\u0131 \u00f6\u011frenciden en \u00e7ok zorlanan \u00f6\u011frenciye kadar t\u00fcm \u00f6\u011frencilere kendini geli\u015ftirme ve ileri d\u00fczeye gelme f\u0131rsat\u0131 sunmaktad\u0131r.<\/div><div>\u00a0<\/div><div>Uluslaras\u0131 organizasyonlar \u00f6\u011frencilerimize, dil becerilerini geli\u015ftirmek ve onlara pratik kazand\u0131rmak amac\u0131yla \u0130ngiltere, Kanada ve ABD gibi \u00fclkelere \u00f6\u011frenci de\u011fi\u015fimi proglamlar\u0131na ve yaz okullar\u0131na kat\u0131lma olanaklar\u0131 sa\u011flanmaktad\u0131r. Bunun d\u0131\u015f\u0131nda \u00f6\u011frencilerin yurt d\u0131\u015f\u0131 etkinliklere ve yar\u0131\u015fmalar\u0131na kat\u0131lmalar\u0131 kul\u00fcp ve sosyal faaliyetlerle desteklenir ve te\u015fvik edilir. \u00d6rne\u011fin, liselerimiz T\u00fcrkiye\u2019de ve Avrupa\u2019da Model Birle\u015fmi\u015f Milletler Konferanslar\u0131 \u00e7al\u0131\u015fmalar\u0131na d\u00fczenli bir \u015fekilde kat\u0131lmaktad\u0131rlar.<\/div><div>\u00a0<\/div><div>GER\u00c7EK MEKAN GER\u00c7EK SINAV<\/div><div>\u00a0<\/div><div>ESENYURT HARAM\u0130DERE S\u0131nav E\u011fitim Kurumlar\u0131\u2019nca \u00fcniversite s\u0131navlar\u0131na haz\u0131rlanan \u00f6\u011frencilere y\u00f6nelik her y\u0131l yakla\u015f\u0131k 50 bin \u00f6\u011frencinin kat\u0131ld\u0131\u011f\u0131 \u0130stanbul \u00dcniversitesi, Gazi \u00dcniversitesi ve Dokuz Eyl\u00fcl \u00dcniversitesinde yap\u0131lan \u201cGer\u00e7ek Mekan Ger\u00e7ek S\u0131nav\u201d isimli sim\u00fclasyon s\u0131nav\u0131, \u00f6\u011frencilerimize birebir s\u0131nav an\u0131n\u0131 ya\u015fama imkan\u0131 sa\u011flamaktad\u0131r. Bu sayede \u00d6SYM taraf\u0131ndan ger\u00e7e\u011fi yap\u0131lan YKS\u2019de \u00f6\u011frencilerimiz ne gibi uygulamalarla kar\u015f\u0131la\u015facaklar\u0131 hakk\u0131nda deneyim kazanma f\u0131rsat\u0131 bulmaktad\u0131r.<\/div><div>\u00a0<\/div><div>KUL\u00dcPLER<\/div><div>\u00a0<\/div><div>Okulu yaln\u0131zca akademik bilgi ve beceri kazand\u0131ran bir yer olmaktan \u00f6te \u00f6\u011frencinin bedensel geli\u015fimine, sosyal ve k\u00fclt\u00fcrel birikimine katk\u0131da bulunan ortamlar\u0131n t\u00fcm\u00fcn\u00fc i\u00e7ine alan ya\u015fam alan\u0131 olarak kabul eden okulumuzda;<\/div><div>Akademik ba\u015far\u0131y\u0131 destekleyecek ve \u00f6\u011frencilerin okul motivasyonlar\u0131n\u0131 art\u0131racak bilimsel, sosyal, k\u00fclt\u00fcrel, sanatsal ve sportif etkinlerden olu\u015fan kul\u00fcpler bulunmaktad\u0131r.Her ilgiye ve beceriye uygun \u00e7ok say\u0131da nitelikli kul\u00fcp yer almaktad\u0131r.Kul\u00fcplerin se\u00e7iminde ve takibinde \u00f6\u011frencilerin ilgi ve yetenekleri g\u00f6z \u00f6n\u00fcnde tutulmaktad\u0131r.Alanlar\u0131nda uzman \u00f6\u011fretmen, sanat\u00e7\u0131 ve sporculardan olu\u015fan kul\u00fcp e\u011fitmenleri g\u00f6rev yapmaktad\u0131r.Kul\u00fcp etkinlikleri kapsam\u0131nda okul i\u00e7i ve d\u0131\u015f\u0131 g\u00f6steriler, organizasyonlar, sergiler d\u00fczenlenmektedir.<\/div>\t\t\t\t\t\t<\/div>\n\t\t\t\t<\/div>\n\t\t\t\t\t<\/div>\n\t\t<\/div>\n\t\t\t\t\t<\/div>\n\t\t<\/section>\n\t\t\t\t\t<\/div>\n\t\t<\/div>\n\t\t\t\t\t<\/div>\n\t\t<\/section>\n\t\t\t\t<\/div>\n\t\t","protected":false},"excerpt":{"rendered":"<p>\u0130Y\u0130 B\u0130R L\u0130SE, \u0130Y\u0130 B\u0130R \u00dcN\u0130VERS\u0130TEN\u0130N KAPISIDIR Akademik mentor ve rehber \u00f6\u011fretmenin her \u00f6\u011frencinin akademik ve sosyal geli\u015fimini takip etti\u011fi nde, e\u011fitimi iki a\u015famada ele almak gerekir.\u00a0Birinci a\u015fama; 9 ve 10. s\u0131n\u0131fta \u0130ngilizce e\u011fitimi ile temel akademik e\u011fitim \u00f6n plana \u00e7\u0131kmaktad\u0131r. Bunlarla birlikte, de\u011ferler e\u011fitimi kapsam\u0131nda yer alan k\u00fclt\u00fcr, sanat ve spor etkinlikleri ile kul\u00fcp&#8230;<\/p>\n","protected":false},"author":1,"featured_media":0,"parent":0,"menu_order":0,"comment_status":"closed","ping_status":"closed","template":"template-builder.php","meta":{"footnotes":""},"class_list":["post-4149","page","type-page","status-publish","hentry"],"yoast_head":"<!-- This site is optimized with the Yoast SEO plugin v23.0 - https:\/\/yoast.com\/wordpress\/plugins\/seo\/ -->\n<title>\u00c7apa S\u0131nav Kurs Anadolu Lisesi - S\u0131nav Kurs, Modern E\u011fitim Anlay\u0131\u015f\u0131, \u00d6zel Okul, \u00d6\u011fretici \u0130\u00e7erikler, S\u0131nava Haz\u0131rl\u0131k, S\u0131nav Konsepti<\/title>\n<meta name=\"description\" content=\"S\u0131nav Koleji Anadolu Lisesi ile uzman e\u011fitmenler e\u015fli\u011finde gelece\u011fe \u0131\u015f\u0131k tutan bir e\u011fitim sizleri bekliyor...\" \/>\n<meta name=\"robots\" content=\"index, follow, max-snippet:-1, max-image-preview:large, max-video-preview:-1\" \/>\n<link rel=\"canonical\" href=\"https:\/\/www.sinavkolej.com\/capa\/anadolu-lisesi\/\" \/>\n<meta property=\"og:locale\" content=\"tr_TR\" \/>\n<meta property=\"og:type\" content=\"article\" \/>\n<meta property=\"og:title\" content=\"\u00c7apa S\u0131nav Kurs Anadolu Lisesi - S\u0131nav Kurs, Modern E\u011fitim Anlay\u0131\u015f\u0131, \u00d6zel Okul, \u00d6\u011fretici \u0130\u00e7erikler, S\u0131nava Haz\u0131rl\u0131k, S\u0131nav Konsepti\" \/>\n<meta property=\"og:description\" content=\"S\u0131nav Koleji Anadolu Lisesi ile uzman e\u011fitmenler e\u015fli\u011finde gelece\u011fe \u0131\u015f\u0131k tutan bir e\u011fitim sizleri bekliyor...\" \/>\n<meta property=\"og:url\" content=\"https:\/\/www.sinavkolej.com\/capa\/anadolu-lisesi\/\" \/>\n<meta property=\"og:site_name\" content=\"\u00c7apa\u00a0S\u0131nav\u00a0Kurs\" \/>\n<meta property=\"article:modified_time\" content=\"2024-04-04T09:18:42+00:00\" \/>\n<meta property=\"og:image\" content=\"https:\/\/www.sinavkolej.com\/capa\/wp-content\/uploads\/2023\/10\/Sinavlar-cikarak-ogrenciler.webp\" \/>\n<meta name=\"twitter:card\" content=\"summary_large_image\" \/>\n<meta name=\"twitter:label1\" content=\"Tahmini okuma s\u00fcresi\" \/>\n\t<meta name=\"twitter:data1\" content=\"6 dakika\" \/>\n<script type=\"application\/ld+json\" class=\"yoast-schema-graph\">{\"@context\":\"https:\/\/schema.org\",\"@graph\":[{\"@type\":\"WebPage\",\"@id\":\"https:\/\/www.sinavkolej.com\/capa\/anadolu-lisesi\/\",\"url\":\"https:\/\/www.sinavkolej.com\/capa\/anadolu-lisesi\/\",\"name\":\"\u00c7apa S\u0131nav Kurs Anadolu Lisesi - S\u0131nav Kurs, Modern E\u011fitim Anlay\u0131\u015f\u0131, \u00d6zel Okul, \u00d6\u011fretici \u0130\u00e7erikler, S\u0131nava Haz\u0131rl\u0131k, S\u0131nav Konsepti\",\"isPartOf\":{\"@id\":\"https:\/\/www.sinavkolej.com\/capa\/#website\"},\"primaryImageOfPage\":{\"@id\":\"https:\/\/www.sinavkolej.com\/capa\/anadolu-lisesi\/#primaryimage\"},\"image\":{\"@id\":\"https:\/\/www.sinavkolej.com\/capa\/anadolu-lisesi\/#primaryimage\"},\"thumbnailUrl\":\"https:\/\/www.sinavkolej.com\/capa\/wp-content\/uploads\/2023\/10\/Sinavlar-cikarak-ogrenciler.webp\",\"datePublished\":\"2023-10-24T12:50:33+00:00\",\"dateModified\":\"2024-04-04T09:18:42+00:00\",\"description\":\"S\u0131nav Koleji Anadolu Lisesi ile uzman e\u011fitmenler e\u015fli\u011finde gelece\u011fe \u0131\u015f\u0131k tutan bir e\u011fitim sizleri bekliyor...\",\"breadcrumb\":{\"@id\":\"https:\/\/www.sinavkolej.com\/capa\/anadolu-lisesi\/#breadcrumb\"},\"inLanguage\":\"tr\",\"potentialAction\":[{\"@type\":\"ReadAction\",\"target\":[\"https:\/\/www.sinavkolej.com\/capa\/anadolu-lisesi\/\"]}]},{\"@type\":\"ImageObject\",\"inLanguage\":\"tr\",\"@id\":\"https:\/\/www.sinavkolej.com\/capa\/anadolu-lisesi\/#primaryimage\",\"url\":\"https:\/\/www.sinavkolej.com\/capa\/wp-content\/uploads\/2023\/10\/Sinavlar-cikarak-ogrenciler.webp\",\"contentUrl\":\"https:\/\/www.sinavkolej.com\/capa\/wp-content\/uploads\/2023\/10\/Sinavlar-cikarak-ogrenciler.webp\",\"width\":1225,\"height\":551},{\"@type\":\"BreadcrumbList\",\"@id\":\"https:\/\/www.sinavkolej.com\/capa\/anadolu-lisesi\/#breadcrumb\",\"itemListElement\":[{\"@type\":\"ListItem\",\"position\":1,\"name\":\"Anasayfa\",\"item\":\"https:\/\/www.sinavkolej.com\/capa\/\"},{\"@type\":\"ListItem\",\"position\":2,\"name\":\"Anadolu Lisesi\"}]},{\"@type\":\"WebSite\",\"@id\":\"https:\/\/www.sinavkolej.com\/capa\/#website\",\"url\":\"https:\/\/www.sinavkolej.com\/capa\/\",\"name\":\"\u00c7apa\u00a0S\u0131nav\u00a0Kurs\",\"description\":\"\u00c7apa\u00a0S\u0131nav\u00a0Kurs\",\"potentialAction\":[{\"@type\":\"SearchAction\",\"target\":{\"@type\":\"EntryPoint\",\"urlTemplate\":\"https:\/\/www.sinavkolej.com\/capa\/?s={search_term_string}\"},\"query-input\":\"required name=search_term_string\"}],\"inLanguage\":\"tr\"}]}<\/script>\n<!-- \/ Yoast SEO plugin. -->","yoast_head_json":{"title":"\u00c7apa S\u0131nav Kurs Anadolu Lisesi - S\u0131nav Kurs, Modern E\u011fitim Anlay\u0131\u015f\u0131, \u00d6zel Okul, \u00d6\u011fretici \u0130\u00e7erikler, S\u0131nava Haz\u0131rl\u0131k, S\u0131nav Konsepti","description":"S\u0131nav Koleji Anadolu Lisesi ile uzman e\u011fitmenler e\u015fli\u011finde gelece\u011fe \u0131\u015f\u0131k tutan bir e\u011fitim sizleri bekliyor...","robots":{"index":"index","follow":"follow","max-snippet":"max-snippet:-1","max-image-preview":"max-image-preview:large","max-video-preview":"max-video-preview:-1"},"canonical":"https:\/\/www.sinavkolej.com\/capa\/anadolu-lisesi\/","og_locale":"tr_TR","og_type":"article","og_title":"\u00c7apa S\u0131nav Kurs Anadolu Lisesi - S\u0131nav Kurs, Modern E\u011fitim Anlay\u0131\u015f\u0131, \u00d6zel Okul, \u00d6\u011fretici \u0130\u00e7erikler, S\u0131nava Haz\u0131rl\u0131k, S\u0131nav Konsepti","og_description":"S\u0131nav Koleji Anadolu Lisesi ile uzman e\u011fitmenler e\u015fli\u011finde gelece\u011fe \u0131\u015f\u0131k tutan bir e\u011fitim sizleri bekliyor...","og_url":"https:\/\/www.sinavkolej.com\/capa\/anadolu-lisesi\/","og_site_name":"\u00c7apa\u00a0S\u0131nav\u00a0Kurs","article_modified_time":"2024-04-04T09:18:42+00:00","og_image":[{"url":"https:\/\/www.sinavkolej.com\/capa\/wp-content\/uploads\/2023\/10\/Sinavlar-cikarak-ogrenciler.webp"}],"twitter_card":"summary_large_image","twitter_misc":{"Tahmini okuma s\u00fcresi":"6 dakika"},"schema":{"@context":"https:\/\/schema.org","@graph":[{"@type":"WebPage","@id":"https:\/\/www.sinavkolej.com\/capa\/anadolu-lisesi\/","url":"https:\/\/www.sinavkolej.com\/capa\/anadolu-lisesi\/","name":"\u00c7apa S\u0131nav Kurs Anadolu Lisesi - S\u0131nav Kurs, Modern E\u011fitim Anlay\u0131\u015f\u0131, \u00d6zel Okul, \u00d6\u011fretici \u0130\u00e7erikler, S\u0131nava Haz\u0131rl\u0131k, S\u0131nav Konsepti","isPartOf":{"@id":"https:\/\/www.sinavkolej.com\/capa\/#website"},"primaryImageOfPage":{"@id":"https:\/\/www.sinavkolej.com\/capa\/anadolu-lisesi\/#primaryimage"},"image":{"@id":"https:\/\/www.sinavkolej.com\/capa\/anadolu-lisesi\/#primaryimage"},"thumbnailUrl":"https:\/\/www.sinavkolej.com\/capa\/wp-content\/uploads\/2023\/10\/Sinavlar-cikarak-ogrenciler.webp","datePublished":"2023-10-24T12:50:33+00:00","dateModified":"2024-04-04T09:18:42+00:00","description":"S\u0131nav Koleji Anadolu Lisesi ile uzman e\u011fitmenler e\u015fli\u011finde gelece\u011fe \u0131\u015f\u0131k tutan bir e\u011fitim sizleri bekliyor...","breadcrumb":{"@id":"https:\/\/www.sinavkolej.com\/capa\/anadolu-lisesi\/#breadcrumb"},"inLanguage":"tr","potentialAction":[{"@type":"ReadAction","target":["https:\/\/www.sinavkolej.com\/capa\/anadolu-lisesi\/"]}]},{"@type":"ImageObject","inLanguage":"tr","@id":"https:\/\/www.sinavkolej.com\/capa\/anadolu-lisesi\/#primaryimage","url":"https:\/\/www.sinavkolej.com\/capa\/wp-content\/uploads\/2023\/10\/Sinavlar-cikarak-ogrenciler.webp","contentUrl":"https:\/\/www.sinavkolej.com\/capa\/wp-content\/uploads\/2023\/10\/Sinavlar-cikarak-ogrenciler.webp","width":1225,"height":551},{"@type":"BreadcrumbList","@id":"https:\/\/www.sinavkolej.com\/capa\/anadolu-lisesi\/#breadcrumb","itemListElement":[{"@type":"ListItem","position":1,"name":"Anasayfa","item":"https:\/\/www.sinavkolej.com\/capa\/"},{"@type":"ListItem","position":2,"name":"Anadolu Lisesi"}]},{"@type":"WebSite","@id":"https:\/\/www.sinavkolej.com\/capa\/#website","url":"https:\/\/www.sinavkolej.com\/capa\/","name":"\u00c7apa\u00a0S\u0131nav\u00a0Kurs","description":"\u00c7apa\u00a0S\u0131nav\u00a0Kurs","potentialAction":[{"@type":"SearchAction","target":{"@type":"EntryPoint","urlTemplate":"https:\/\/www.sinavkolej.com\/capa\/?s={search_term_string}"},"query-input":"required name=search_term_string"}],"inLanguage":"tr"}]}},"_links":{"self":[{"href":"https:\/\/www.sinavkolej.com\/capa\/wp-json\/wp\/v2\/pages\/4149","targetHints":{"allow":["GET"]}}],"collection":[{"href":"https:\/\/www.sinavkolej.com\/capa\/wp-json\/wp\/v2\/pages"}],"about":[{"href":"https:\/\/www.sinavkolej.com\/capa\/wp-json\/wp\/v2\/types\/page"}],"author":[{"embeddable":true,"href":"https:\/\/www.sinavkolej.com\/capa\/wp-json\/wp\/v2\/users\/1"}],"replies":[{"embeddable":true,"href":"https:\/\/www.sinavkolej.com\/capa\/wp-json\/wp\/v2\/comments?post=4149"}],"version-history":[{"count":10,"href":"https:\/\/www.sinavkolej.com\/capa\/wp-json\/wp\/v2\/pages\/4149\/revisions"}],"predecessor-version":[{"id":4161,"href":"https:\/\/www.sinavkolej.com\/capa\/wp-json\/wp\/v2\/pages\/4149\/revisions\/4161"}],"wp:attachment":[{"href":"https:\/\/www.sinavkolej.com\/capa\/wp-json\/wp\/v2\/media?parent=4149"}],"curies":[{"name":"wp","href":"https:\/\/api.w.org\/{rel}","templated":true}]}}