{"id":4206,"date":"2023-10-24T14:41:13","date_gmt":"2023-10-24T14:41:13","guid":{"rendered":"https:\/\/www.sinavkolej.com\/capa\/?page_id=4206"},"modified":"2024-04-04T09:26:20","modified_gmt":"2024-04-04T09:26:20","slug":"misyon-vizyon","status":"publish","type":"page","link":"https:\/\/www.sinavkolej.com\/capa\/misyon-vizyon\/","title":{"rendered":"Misyon &#038; Vizyon"},"content":{"rendered":"\t\t<div data-elementor-type=\"wp-page\" data-elementor-id=\"4206\" class=\"elementor elementor-4206\">\n\t\t\t\t<div class=\"elementor-element elementor-element-cdf5a5f e-flex e-con-boxed e-con e-parent\" data-id=\"cdf5a5f\" data-element_type=\"container\">\n\t\t\t\t\t<div class=\"e-con-inner\">\n\t\t<div class=\"elementor-element elementor-element-e83ed66 e-con-full e-flex e-con e-child\" data-id=\"e83ed66\" data-element_type=\"container\">\n\t\t\r\n\r\n\t\t<div class=\"elementor-element elementor-element-382a418 elementor-widget elementor-widget-image\" data-id=\"382a418\" data-element_type=\"widget\" data-widget_type=\"image.default\">\n\t\t\t\t<div class=\"elementor-widget-container\">\n\t\t\t<style>\/*! elementor - v3.22.0 - 26-06-2024 *\/\n.elementor-widget-image{text-align:center}.elementor-widget-image a{display:inline-block}.elementor-widget-image a img[src$=\".svg\"]{width:48px}.elementor-widget-image img{vertical-align:middle;display:inline-block}<\/style>\t\t\t\t\t\t\t\t\t\t<img fetchpriority=\"high\" decoding=\"async\" width=\"751\" height=\"435\" src=\"https:\/\/www.sinavkolej.com\/capa\/wp-content\/uploads\/2023\/10\/cropped-cropped-IMG_5818-scaled-9-2-2048x1185-1-1024x593.jpg\" class=\"attachment-large size-large wp-image-4209\" alt=\"\u00c7apa S\u0131nav Kurs\" srcset=\"https:\/\/www.sinavkolej.com\/capa\/wp-content\/uploads\/2023\/10\/cropped-cropped-IMG_5818-scaled-9-2-2048x1185-1-1024x593.jpg 1024w, https:\/\/www.sinavkolej.com\/capa\/wp-content\/uploads\/2023\/10\/cropped-cropped-IMG_5818-scaled-9-2-2048x1185-1-300x174.jpg 300w, https:\/\/www.sinavkolej.com\/capa\/wp-content\/uploads\/2023\/10\/cropped-cropped-IMG_5818-scaled-9-2-2048x1185-1-768x444.jpg 768w, https:\/\/www.sinavkolej.com\/capa\/wp-content\/uploads\/2023\/10\/cropped-cropped-IMG_5818-scaled-9-2-2048x1185-1-1536x889.jpg 1536w, https:\/\/www.sinavkolej.com\/capa\/wp-content\/uploads\/2023\/10\/cropped-cropped-IMG_5818-scaled-9-2-2048x1185-1.jpg 2048w\" sizes=\"(max-width: 751px) 100vw, 751px\" \/>\t\t\t\t\t\t\t\t\t\t\t\t\t<\/div>\n\t\t\t\t<\/div>\n\t\t\t\t<\/div>\n\t\t<div class=\"elementor-element elementor-element-180fbe7 e-con-full e-flex e-con e-child\" data-id=\"180fbe7\" data-element_type=\"container\">\n\t\t\t\t<div class=\"elementor-element elementor-element-fdcb498 elementor-widget elementor-widget-heading\" data-id=\"fdcb498\" data-element_type=\"widget\" data-widget_type=\"heading.default\">\n\t\t\t\t<div class=\"elementor-widget-container\">\n\t\t\t<style>\/*! elementor - v3.22.0 - 26-06-2024 *\/\n.elementor-heading-title{padding:0;margin:0;line-height:1}.elementor-widget-heading .elementor-heading-title[class*=elementor-size-]>a{color:inherit;font-size:inherit;line-height:inherit}.elementor-widget-heading .elementor-heading-title.elementor-size-small{font-size:15px}.elementor-widget-heading .elementor-heading-title.elementor-size-medium{font-size:19px}.elementor-widget-heading .elementor-heading-title.elementor-size-large{font-size:29px}.elementor-widget-heading .elementor-heading-title.elementor-size-xl{font-size:39px}.elementor-widget-heading .elementor-heading-title.elementor-size-xxl{font-size:59px}<\/style><h2 class=\"elementor-heading-title elementor-size-default\">Misyonumuz<\/h2>\t\t<\/div>\n\t\t\t\t<\/div>\n\t\t\t\t<div class=\"elementor-element elementor-element-5d7fc45 elementor-widget elementor-widget-text-editor\" data-id=\"5d7fc45\" data-element_type=\"widget\" data-widget_type=\"text-editor.default\">\n\t\t\t\t<div class=\"elementor-widget-container\">\n\t\t\t<style>\/*! elementor - v3.22.0 - 26-06-2024 *\/\n.elementor-widget-text-editor.elementor-drop-cap-view-stacked .elementor-drop-cap{background-color:#69727d;color:#fff}.elementor-widget-text-editor.elementor-drop-cap-view-framed .elementor-drop-cap{color:#69727d;border:3px solid;background-color:transparent}.elementor-widget-text-editor:not(.elementor-drop-cap-view-default) .elementor-drop-cap{margin-top:8px}.elementor-widget-text-editor:not(.elementor-drop-cap-view-default) .elementor-drop-cap-letter{width:1em;height:1em}.elementor-widget-text-editor .elementor-drop-cap{float:left;text-align:center;line-height:1;font-size:50px}.elementor-widget-text-editor .elementor-drop-cap-letter{display:inline-block}<\/style>\t\t\t\t<p>Avrupa\u2019n\u0131n ve d\u00fcnyan\u0131n se\u00e7kin e\u011fitim kurumlar\u0131ndan biri olmakt\u0131r.<\/p>\t\t\t\t\t\t<\/div>\n\t\t\t\t<\/div>\n\t\t\t\t<\/div>\n\t\t\t\t\t<\/div>\n\t\t\t\t<\/div>\n\t\t<div class=\"elementor-element elementor-element-b7af6b5 e-flex e-con-boxed e-con e-parent\" data-id=\"b7af6b5\" data-element_type=\"container\">\n\t\t\t\t\t<div class=\"e-con-inner\">\n\t\t<div class=\"elementor-element elementor-element-e7bf809 e-con-full e-flex e-con e-child\" data-id=\"e7bf809\" data-element_type=\"container\">\n\t\t\t\t<div class=\"elementor-element elementor-element-11c0b21 elementor-widget elementor-widget-heading\" data-id=\"11c0b21\" data-element_type=\"widget\" data-widget_type=\"heading.default\">\n\t\t\t\t<div class=\"elementor-widget-container\">\n\t\t\t<h2 class=\"elementor-heading-title elementor-size-default\">Vizyonumuz<\/h2>\t\t<\/div>\n\t\t\t\t<\/div>\n\t\t\t\t<div class=\"elementor-element elementor-element-4037b16 elementor-widget elementor-widget-text-editor\" data-id=\"4037b16\" data-element_type=\"widget\" data-widget_type=\"text-editor.default\">\n\t\t\t\t<div class=\"elementor-widget-container\">\n\t\t\t\t\t\t\t<p>Kendi de\u011ferlerini ve k\u00fclt\u00fcr\u00fcn\u00fc \u00e7a\u011fda\u015f, laik, demokratik perspektifle \u00f6z\u00fcmseyen, \u00f6\u011frendi\u011fi yabanc\u0131 dilleri kullanarak, di\u011fer k\u00fclt\u00fcrlerle b\u00fct\u00fcnle\u015ferek, lider kadrolarda yer alabilecek se\u00e7kin d\u00fcnya insanlar\u0131 yeti\u015ftirmektir.<\/p>\t\t\t\t\t\t<\/div>\n\t\t\t\t<\/div>\n\t\t\t\t<\/div>\n\t\t<div class=\"elementor-element elementor-element-5367694 e-con-full e-flex e-con e-child\" data-id=\"5367694\" data-element_type=\"container\">\n\t\t\t\t<div class=\"elementor-element elementor-element-fc77de3 elementor-widget elementor-widget-image\" data-id=\"fc77de3\" data-element_type=\"widget\" data-widget_type=\"image.default\">\n\t\t\t\t<div class=\"elementor-widget-container\">\n\t\t\t\t\t\t\t\t\t\t\t\t\t<img decoding=\"async\" width=\"751\" height=\"520\" src=\"https:\/\/www.sinavkolej.com\/capa\/wp-content\/uploads\/2023\/10\/hbr_191815_954-1024x709.png\" class=\"attachment-large size-large wp-image-4198\" alt=\"\u00c7apa S\u0131nav Kurs\" srcset=\"https:\/\/www.sinavkolej.com\/capa\/wp-content\/uploads\/2023\/10\/hbr_191815_954-1024x709.png 1024w, https:\/\/www.sinavkolej.com\/capa\/wp-content\/uploads\/2023\/10\/hbr_191815_954-300x208.png 300w, https:\/\/www.sinavkolej.com\/capa\/wp-content\/uploads\/2023\/10\/hbr_191815_954-768x532.png 768w, https:\/\/www.sinavkolej.com\/capa\/wp-content\/uploads\/2023\/10\/hbr_191815_954-1536x1064.png 1536w, https:\/\/www.sinavkolej.com\/capa\/wp-content\/uploads\/2023\/10\/hbr_191815_954-2048x1419.png 2048w\" sizes=\"(max-width: 751px) 100vw, 751px\" \/>\t\t\t\t\t\t\t\t\t\t\t\t\t<\/div>\n\t\t\t\t<\/div>\n\t\t\t\t<\/div>\n\t\t\t\t\t<\/div>\n\t\t\t\t<\/div>\n\t\t<div class=\"elementor-element elementor-element-0b0ab08 e-flex e-con-boxed e-con e-parent\" data-id=\"0b0ab08\" data-element_type=\"container\">\n\t\t\t\t\t<div class=\"e-con-inner\">\n\t\t\t\t<div class=\"elementor-element elementor-element-d23a719 elementor-widget elementor-widget-heading\" data-id=\"d23a719\" data-element_type=\"widget\" data-widget_type=\"heading.default\">\n\t\t\t\t<div class=\"elementor-widget-container\">\n\t\t\t<h2 class=\"elementor-heading-title elementor-size-default\">\u00c7apa\u00a0S\u0131nav\u00a0Kurs KAL\u0130TE POL\u0130T\u0130KASI\n<\/h2>\t\t<\/div>\n\t\t\t\t<\/div>\n\t\t\t\t<div class=\"elementor-element elementor-element-604020c elementor-widget elementor-widget-text-editor\" data-id=\"604020c\" data-element_type=\"widget\" data-widget_type=\"text-editor.default\">\n\t\t\t\t<div class=\"elementor-widget-container\">\n\t\t\t\t\t\t\t<div><div><div>\u00c7apa\u00a0S\u0131nav\u00a0Kurs ; ana s\u0131n\u0131f\u0131ndan lise sona kadar kesintisiz, iki dilde e\u011fitim veren bir \u00f6zel okuldur.<\/div><div>\u00c7apa\u00a0S\u0131nav\u00a0Kurs, e\u011fitim ve \u00f6\u011fretim alan\u0131nda T\u00fcrkiye\u2019nin ve Avrupa\u2019n\u0131n en iyi okullar\u0131 aras\u0131nda yer alarak, \u00f6\u011frencilerine kendi anadilinin d\u0131\u015f\u0131nda iki yabanc\u0131 dili anadili yeterlili\u011finde \u00f6\u011fretmeyi, onlar\u0131 bir \u00fcst e\u011fitim kurumuna ve hayata, akademik, sosyal, duygusal ve psikolojik olarak sa\u011fl\u0131kl\u0131 ve mutlu bir \u015fekilde haz\u0131rlamay\u0131 hedefler. Bunlar\u0131 yaparken velilerin, t\u00fcm \u00e7al\u0131\u015fan ve y\u00f6neticilerinin geli\u015fimini, memnuniyetlerini de g\u00f6zeterek, onlardan destek de almay\u0131 ama\u00e7lar. Bu ama\u00e7lar do\u011frultusunda;<\/div><div>Yabanc\u0131 dili \u00f6\u011fretirken \u00e7a\u011fda\u015f metotlar kullanmay\u0131, yabanc\u0131 \u00f6\u011fretmenlerle \u00f6\u011frencilerini bir araya getirerek \u00a0 \u201ck\u00fclt\u00fcrle\u201d b\u00fct\u00fcnle\u015ftirerek yabanc\u0131 dili \u00f6\u011fretmeyi, yurt d\u0131\u015f\u0131 de\u011fi\u015fim projeleriyle \u00e7al\u0131\u015fmalar\u0131n\u0131 peki\u015ftirmeyi,<\/div><div>Velilerden, bilim dan\u0131\u015fma kurulundan ve ilgili di\u011fer ortaklardan gelen talep ve \u00f6nerileri sistematik olarak de\u011ferlendirerek yenilikleri takip etmeyi ve s\u00fcrekli geli\u015fmeyi,<\/div><div>Hizmet i\u00e7i e\u011fitim \u00e7al\u0131\u015fmalar\u0131yla t\u00fcm \u00e7al\u0131\u015fanlar\u0131n\u0131n ki\u015fisel, mesleki ve sosyal geli\u015fimlerine destek olmay\u0131,<\/div><div>D\u00fczenledi\u011fi sosyal aktiviteler ve projelerle \u00f6\u011frencilerinin sosyal ve duygusal geli\u015fmelerine destek olmay\u0131, onlara sorumluluk duygusu kazand\u0131rmay\u0131,<\/div><div>Geli\u015fen ve de\u011fi\u015fen d\u00fcnyada bili\u015fim teknolojilerini en etkin bi\u00e7imde kullanmay\u0131, yeterli teknik donan\u0131m\u0131 sa\u011flamay\u0131,<\/div><div>\u00d6\u011frencilerin \u201cyaparak, ya\u015fayarak\u201d \u00f6\u011frenmelerini desteklemek i\u00e7in laboratuvar \u00e7al\u0131\u015fmalar\u0131na ve projelere dayal\u0131 e\u011fitim yapmay\u0131,<\/div><div>Tak\u0131m \u00e7al\u0131\u015fmas\u0131n\u0131 destekleyerek, grup veya birey olarak elde edilen ba\u015far\u0131lar\u0131 te\u015fvik edecek bir e\u011fitim \u00f6\u011fretim ve \u00e7al\u0131\u015fma ortam\u0131 yaratmay\u0131 ilke olarak benimsemi\u015ftir .<\/div><div>\u00a0<\/div><div>Misyonunu ve politikalar\u0131n\u0131 d\u00fczenli olarak g\u00f6zden ge\u00e7irmeyi, yeni ama\u00e7 ve hedefler belirlemeyi, buna y\u00f6nelik planlar yapmay\u0131, gerekli kaynaklar\u0131 sa\u011flayarak bu planlar\u0131 hayata ge\u00e7irmeyi, t\u00fcm bunlar\u0131n s\u00fcreklili\u011fini y\u00f6neticileri, \u00e7al\u0131\u015fanlar\u0131, velileri ve \u00f6\u011frencileriyle birlikte \u201c\u00c7apa\u00a0S\u0131nav\u00a0Kurs\u201d olarak sa\u011flamay\u0131 taahh\u00fct eder<\/div><\/div><\/div>\t\t\t\t\t\t<\/div>\n\t\t\t\t<\/div>\n\t\t\t\t\t<\/div>\n\t\t\t\t<\/div>\n\t\t\t\t<\/div>\n\t\t","protected":false},"excerpt":{"rendered":"<p>Misyonumuz Avrupa\u2019n\u0131n ve d\u00fcnyan\u0131n se\u00e7kin e\u011fitim kurumlar\u0131ndan biri olmakt\u0131r. Vizyonumuz Kendi de\u011ferlerini ve k\u00fclt\u00fcr\u00fcn\u00fc \u00e7a\u011fda\u015f, laik, demokratik perspektifle \u00f6z\u00fcmseyen, \u00f6\u011frendi\u011fi yabanc\u0131 dilleri kullanarak, di\u011fer k\u00fclt\u00fcrlerle b\u00fct\u00fcnle\u015ferek, lider kadrolarda yer alabilecek se\u00e7kin d\u00fcnya insanlar\u0131 yeti\u015ftirmektir. KAL\u0130TE POL\u0130T\u0130KASI ; ana s\u0131n\u0131f\u0131ndan lise sona kadar kesintisiz, iki dilde e\u011fitim veren bir \u00f6zel okuldur., e\u011fitim ve \u00f6\u011fretim alan\u0131nda T\u00fcrkiye\u2019nin&#8230;<\/p>\n","protected":false},"author":1,"featured_media":0,"parent":0,"menu_order":0,"comment_status":"closed","ping_status":"closed","template":"","meta":{"footnotes":""},"class_list":["post-4206","page","type-page","status-publish","hentry"],"yoast_head":"<!-- This site is optimized with the Yoast SEO plugin v23.0 - https:\/\/yoast.com\/wordpress\/plugins\/seo\/ -->\n<title>\u00c7apa S\u0131nav Kurs Misyon &amp; Vizyon - S\u0131nav Kurs, Modern E\u011fitim Anlay\u0131\u015f\u0131, \u00d6zel Okul, Hakk\u0131m\u0131zda, Vizyonumuz - Misyonumuz<\/title>\n<meta name=\"robots\" content=\"index, follow, max-snippet:-1, max-image-preview:large, max-video-preview:-1\" \/>\n<link rel=\"canonical\" href=\"https:\/\/www.sinavkolej.com\/capa\/misyon-vizyon\/\" \/>\n<meta property=\"og:locale\" content=\"tr_TR\" \/>\n<meta property=\"og:type\" content=\"article\" \/>\n<meta property=\"og:title\" content=\"\u00c7apa S\u0131nav Kurs Misyon &amp; Vizyon - S\u0131nav Kurs, Modern E\u011fitim Anlay\u0131\u015f\u0131, \u00d6zel Okul, Hakk\u0131m\u0131zda, Vizyonumuz - Misyonumuz\" \/>\n<meta property=\"og:description\" content=\"Misyonumuz Avrupa\u2019n\u0131n ve d\u00fcnyan\u0131n se\u00e7kin e\u011fitim kurumlar\u0131ndan biri olmakt\u0131r. Vizyonumuz Kendi de\u011ferlerini ve k\u00fclt\u00fcr\u00fcn\u00fc \u00e7a\u011fda\u015f, laik, demokratik perspektifle \u00f6z\u00fcmseyen, \u00f6\u011frendi\u011fi yabanc\u0131 dilleri kullanarak, di\u011fer k\u00fclt\u00fcrlerle b\u00fct\u00fcnle\u015ferek, lider kadrolarda yer alabilecek se\u00e7kin d\u00fcnya insanlar\u0131 yeti\u015ftirmektir. KAL\u0130TE POL\u0130T\u0130KASI ; ana s\u0131n\u0131f\u0131ndan lise sona kadar kesintisiz, iki dilde e\u011fitim veren bir \u00f6zel okuldur., e\u011fitim ve \u00f6\u011fretim alan\u0131nda T\u00fcrkiye\u2019nin...\" \/>\n<meta property=\"og:url\" content=\"https:\/\/www.sinavkolej.com\/capa\/misyon-vizyon\/\" \/>\n<meta property=\"og:site_name\" content=\"\u00c7apa\u00a0S\u0131nav\u00a0Kurs\" \/>\n<meta property=\"article:modified_time\" content=\"2024-04-04T09:26:20+00:00\" \/>\n<meta property=\"og:image\" content=\"https:\/\/www.sinavkolej.com\/capa\/wp-content\/uploads\/2023\/10\/cropped-cropped-IMG_5818-scaled-9-2-2048x1185-1-1024x593.jpg\" \/>\n<meta name=\"twitter:card\" content=\"summary_large_image\" \/>\n<meta name=\"twitter:label1\" content=\"Tahmini okuma s\u00fcresi\" \/>\n\t<meta name=\"twitter:data1\" content=\"3 dakika\" \/>\n<script type=\"application\/ld+json\" class=\"yoast-schema-graph\">{\"@context\":\"https:\/\/schema.org\",\"@graph\":[{\"@type\":\"WebPage\",\"@id\":\"https:\/\/www.sinavkolej.com\/capa\/misyon-vizyon\/\",\"url\":\"https:\/\/www.sinavkolej.com\/capa\/misyon-vizyon\/\",\"name\":\"\u00c7apa S\u0131nav Kurs Misyon & Vizyon - S\u0131nav Kurs, Modern E\u011fitim Anlay\u0131\u015f\u0131, \u00d6zel Okul, Hakk\u0131m\u0131zda, Vizyonumuz - Misyonumuz\",\"isPartOf\":{\"@id\":\"https:\/\/www.sinavkolej.com\/capa\/#website\"},\"primaryImageOfPage\":{\"@id\":\"https:\/\/www.sinavkolej.com\/capa\/misyon-vizyon\/#primaryimage\"},\"image\":{\"@id\":\"https:\/\/www.sinavkolej.com\/capa\/misyon-vizyon\/#primaryimage\"},\"thumbnailUrl\":\"https:\/\/www.sinavkolej.com\/capa\/wp-content\/uploads\/2023\/10\/cropped-cropped-IMG_5818-scaled-9-2-2048x1185-1-1024x593.jpg\",\"datePublished\":\"2023-10-24T14:41:13+00:00\",\"dateModified\":\"2024-04-04T09:26:20+00:00\",\"breadcrumb\":{\"@id\":\"https:\/\/www.sinavkolej.com\/capa\/misyon-vizyon\/#breadcrumb\"},\"inLanguage\":\"tr\",\"potentialAction\":[{\"@type\":\"ReadAction\",\"target\":[\"https:\/\/www.sinavkolej.com\/capa\/misyon-vizyon\/\"]}]},{\"@type\":\"ImageObject\",\"inLanguage\":\"tr\",\"@id\":\"https:\/\/www.sinavkolej.com\/capa\/misyon-vizyon\/#primaryimage\",\"url\":\"https:\/\/www.sinavkolej.com\/capa\/wp-content\/uploads\/2023\/10\/cropped-cropped-IMG_5818-scaled-9-2-2048x1185-1.jpg\",\"contentUrl\":\"https:\/\/www.sinavkolej.com\/capa\/wp-content\/uploads\/2023\/10\/cropped-cropped-IMG_5818-scaled-9-2-2048x1185-1.jpg\",\"width\":2048,\"height\":1185,\"caption\":\"\u00c7apa S\u0131nav Kurs\"},{\"@type\":\"BreadcrumbList\",\"@id\":\"https:\/\/www.sinavkolej.com\/capa\/misyon-vizyon\/#breadcrumb\",\"itemListElement\":[{\"@type\":\"ListItem\",\"position\":1,\"name\":\"Anasayfa\",\"item\":\"https:\/\/www.sinavkolej.com\/capa\/\"},{\"@type\":\"ListItem\",\"position\":2,\"name\":\"Misyon &#038; Vizyon\"}]},{\"@type\":\"WebSite\",\"@id\":\"https:\/\/www.sinavkolej.com\/capa\/#website\",\"url\":\"https:\/\/www.sinavkolej.com\/capa\/\",\"name\":\"\u00c7apa\u00a0S\u0131nav\u00a0Kurs\",\"description\":\"\u00c7apa\u00a0S\u0131nav\u00a0Kurs\",\"potentialAction\":[{\"@type\":\"SearchAction\",\"target\":{\"@type\":\"EntryPoint\",\"urlTemplate\":\"https:\/\/www.sinavkolej.com\/capa\/?s={search_term_string}\"},\"query-input\":\"required name=search_term_string\"}],\"inLanguage\":\"tr\"}]}<\/script>\n<!-- \/ Yoast SEO plugin. -->","yoast_head_json":{"title":"\u00c7apa S\u0131nav Kurs Misyon & Vizyon - S\u0131nav Kurs, Modern E\u011fitim Anlay\u0131\u015f\u0131, \u00d6zel Okul, Hakk\u0131m\u0131zda, Vizyonumuz - Misyonumuz","robots":{"index":"index","follow":"follow","max-snippet":"max-snippet:-1","max-image-preview":"max-image-preview:large","max-video-preview":"max-video-preview:-1"},"canonical":"https:\/\/www.sinavkolej.com\/capa\/misyon-vizyon\/","og_locale":"tr_TR","og_type":"article","og_title":"\u00c7apa S\u0131nav Kurs Misyon & Vizyon - S\u0131nav Kurs, Modern E\u011fitim Anlay\u0131\u015f\u0131, \u00d6zel Okul, Hakk\u0131m\u0131zda, Vizyonumuz - Misyonumuz","og_description":"Misyonumuz Avrupa\u2019n\u0131n ve d\u00fcnyan\u0131n se\u00e7kin e\u011fitim kurumlar\u0131ndan biri olmakt\u0131r. Vizyonumuz Kendi de\u011ferlerini ve k\u00fclt\u00fcr\u00fcn\u00fc \u00e7a\u011fda\u015f, laik, demokratik perspektifle \u00f6z\u00fcmseyen, \u00f6\u011frendi\u011fi yabanc\u0131 dilleri kullanarak, di\u011fer k\u00fclt\u00fcrlerle b\u00fct\u00fcnle\u015ferek, lider kadrolarda yer alabilecek se\u00e7kin d\u00fcnya insanlar\u0131 yeti\u015ftirmektir. KAL\u0130TE POL\u0130T\u0130KASI ; ana s\u0131n\u0131f\u0131ndan lise sona kadar kesintisiz, iki dilde e\u011fitim veren bir \u00f6zel okuldur., e\u011fitim ve \u00f6\u011fretim alan\u0131nda T\u00fcrkiye\u2019nin...","og_url":"https:\/\/www.sinavkolej.com\/capa\/misyon-vizyon\/","og_site_name":"\u00c7apa\u00a0S\u0131nav\u00a0Kurs","article_modified_time":"2024-04-04T09:26:20+00:00","og_image":[{"url":"https:\/\/www.sinavkolej.com\/capa\/wp-content\/uploads\/2023\/10\/cropped-cropped-IMG_5818-scaled-9-2-2048x1185-1-1024x593.jpg"}],"twitter_card":"summary_large_image","twitter_misc":{"Tahmini okuma s\u00fcresi":"3 dakika"},"schema":{"@context":"https:\/\/schema.org","@graph":[{"@type":"WebPage","@id":"https:\/\/www.sinavkolej.com\/capa\/misyon-vizyon\/","url":"https:\/\/www.sinavkolej.com\/capa\/misyon-vizyon\/","name":"\u00c7apa S\u0131nav Kurs Misyon & Vizyon - S\u0131nav Kurs, Modern E\u011fitim Anlay\u0131\u015f\u0131, \u00d6zel Okul, Hakk\u0131m\u0131zda, Vizyonumuz - Misyonumuz","isPartOf":{"@id":"https:\/\/www.sinavkolej.com\/capa\/#website"},"primaryImageOfPage":{"@id":"https:\/\/www.sinavkolej.com\/capa\/misyon-vizyon\/#primaryimage"},"image":{"@id":"https:\/\/www.sinavkolej.com\/capa\/misyon-vizyon\/#primaryimage"},"thumbnailUrl":"https:\/\/www.sinavkolej.com\/capa\/wp-content\/uploads\/2023\/10\/cropped-cropped-IMG_5818-scaled-9-2-2048x1185-1-1024x593.jpg","datePublished":"2023-10-24T14:41:13+00:00","dateModified":"2024-04-04T09:26:20+00:00","breadcrumb":{"@id":"https:\/\/www.sinavkolej.com\/capa\/misyon-vizyon\/#breadcrumb"},"inLanguage":"tr","potentialAction":[{"@type":"ReadAction","target":["https:\/\/www.sinavkolej.com\/capa\/misyon-vizyon\/"]}]},{"@type":"ImageObject","inLanguage":"tr","@id":"https:\/\/www.sinavkolej.com\/capa\/misyon-vizyon\/#primaryimage","url":"https:\/\/www.sinavkolej.com\/capa\/wp-content\/uploads\/2023\/10\/cropped-cropped-IMG_5818-scaled-9-2-2048x1185-1.jpg","contentUrl":"https:\/\/www.sinavkolej.com\/capa\/wp-content\/uploads\/2023\/10\/cropped-cropped-IMG_5818-scaled-9-2-2048x1185-1.jpg","width":2048,"height":1185,"caption":"\u00c7apa S\u0131nav Kurs"},{"@type":"BreadcrumbList","@id":"https:\/\/www.sinavkolej.com\/capa\/misyon-vizyon\/#breadcrumb","itemListElement":[{"@type":"ListItem","position":1,"name":"Anasayfa","item":"https:\/\/www.sinavkolej.com\/capa\/"},{"@type":"ListItem","position":2,"name":"Misyon &#038; Vizyon"}]},{"@type":"WebSite","@id":"https:\/\/www.sinavkolej.com\/capa\/#website","url":"https:\/\/www.sinavkolej.com\/capa\/","name":"\u00c7apa\u00a0S\u0131nav\u00a0Kurs","description":"\u00c7apa\u00a0S\u0131nav\u00a0Kurs","potentialAction":[{"@type":"SearchAction","target":{"@type":"EntryPoint","urlTemplate":"https:\/\/www.sinavkolej.com\/capa\/?s={search_term_string}"},"query-input":"required name=search_term_string"}],"inLanguage":"tr"}]}},"_links":{"self":[{"href":"https:\/\/www.sinavkolej.com\/capa\/wp-json\/wp\/v2\/pages\/4206","targetHints":{"allow":["GET"]}}],"collection":[{"href":"https:\/\/www.sinavkolej.com\/capa\/wp-json\/wp\/v2\/pages"}],"about":[{"href":"https:\/\/www.sinavkolej.com\/capa\/wp-json\/wp\/v2\/types\/page"}],"author":[{"embeddable":true,"href":"https:\/\/www.sinavkolej.com\/capa\/wp-json\/wp\/v2\/users\/1"}],"replies":[{"embeddable":true,"href":"https:\/\/www.sinavkolej.com\/capa\/wp-json\/wp\/v2\/comments?post=4206"}],"version-history":[{"count":8,"href":"https:\/\/www.sinavkolej.com\/capa\/wp-json\/wp\/v2\/pages\/4206\/revisions"}],"predecessor-version":[{"id":4333,"href":"https:\/\/www.sinavkolej.com\/capa\/wp-json\/wp\/v2\/pages\/4206\/revisions\/4333"}],"wp:attachment":[{"href":"https:\/\/www.sinavkolej.com\/capa\/wp-json\/wp\/v2\/media?parent=4206"}],"curies":[{"name":"wp","href":"https:\/\/api.w.org\/{rel}","templated":true}]}}