{"id":2249,"date":"2023-07-30T04:02:08","date_gmt":"2023-07-30T04:02:08","guid":{"rendered":"https:\/\/themeholy.com\/wordpress\/edura\/?page_id=2249"},"modified":"2024-04-04T07:21:26","modified_gmt":"2024-04-04T07:21:26","slug":"anaokul","status":"publish","type":"page","link":"https:\/\/www.sinavkolej.com\/fatih\/anaokul\/","title":{"rendered":"Anaokul"},"content":{"rendered":"\t\t<div data-elementor-type=\"wp-page\" data-elementor-id=\"2249\" class=\"elementor elementor-2249\">\n\t\t\t\t\t\t<section class=\"elementor-section elementor-top-section elementor-element elementor-element-b63540a elementor-section-boxed elementor-section-height-default elementor-section-height-default\" data-id=\"b63540a\" data-element_type=\"section\">\n\t\t\t\t\t\t<div class=\"elementor-container elementor-column-gap-no\">\n\t\t\t\t\t<div class=\"elementor-column elementor-col-100 elementor-top-column elementor-element elementor-element-2b37718\" data-id=\"2b37718\" data-element_type=\"column\">\n\t\t\t<div class=\"elementor-widget-wrap elementor-element-populated\">\n\t\t\t\t\t\t<section class=\"elementor-section elementor-inner-section elementor-element elementor-element-e3ffe3f elementor-section-boxed elementor-section-height-default elementor-section-height-default\" data-id=\"e3ffe3f\" data-element_type=\"section\">\n\t\t\t\t\t\t<div class=\"elementor-container elementor-column-gap-no\">\n\t\t\t\t\t<div class=\"elementor-column elementor-col-100 elementor-inner-column elementor-element elementor-element-90fb08b\" data-id=\"90fb08b\" data-element_type=\"column\">\n\t\t\t<div class=\"elementor-widget-wrap elementor-element-populated\">\n\t\t\t\t\r\n\r\n\t\t<div class=\"elementor-element elementor-element-cf29924 elementor-widget elementor-widget-image\" data-id=\"cf29924\" data-element_type=\"widget\" data-widget_type=\"image.default\">\n\t\t\t\t<div class=\"elementor-widget-container\">\n\t\t\t<style>\/*! elementor - v3.22.0 - 26-06-2024 *\/\n.elementor-widget-image{text-align:center}.elementor-widget-image a{display:inline-block}.elementor-widget-image a img[src$=\".svg\"]{width:48px}.elementor-widget-image img{vertical-align:middle;display:inline-block}<\/style>\t\t\t\t\t\t\t\t\t\t<img fetchpriority=\"high\" decoding=\"async\" width=\"2560\" height=\"1707\" src=\"https:\/\/www.sinavkolej.com\/fatih\/wp-content\/uploads\/2023\/10\/medium-shot-kids-sitting-together-table-scaled.jpg\" class=\"attachment-full size-full wp-image-4118\" alt=\"S\u0131nav Fatih Kurs\" srcset=\"https:\/\/www.sinavkolej.com\/fatih\/wp-content\/uploads\/2023\/10\/medium-shot-kids-sitting-together-table-scaled.jpg 2560w, https:\/\/www.sinavkolej.com\/fatih\/wp-content\/uploads\/2023\/10\/medium-shot-kids-sitting-together-table-300x200.jpg 300w, https:\/\/www.sinavkolej.com\/fatih\/wp-content\/uploads\/2023\/10\/medium-shot-kids-sitting-together-table-1024x683.jpg 1024w, https:\/\/www.sinavkolej.com\/fatih\/wp-content\/uploads\/2023\/10\/medium-shot-kids-sitting-together-table-768x512.jpg 768w, https:\/\/www.sinavkolej.com\/fatih\/wp-content\/uploads\/2023\/10\/medium-shot-kids-sitting-together-table-1536x1024.jpg 1536w, https:\/\/www.sinavkolej.com\/fatih\/wp-content\/uploads\/2023\/10\/medium-shot-kids-sitting-together-table-2048x1365.jpg 2048w\" sizes=\"(max-width: 2560px) 100vw, 2560px\" \/>\t\t\t\t\t\t\t\t\t\t\t\t\t<\/div>\n\t\t\t\t<\/div>\n\t\t\t\t<div class=\"elementor-element elementor-element-2148a4c elementor-widget elementor-widget-heading\" data-id=\"2148a4c\" data-element_type=\"widget\" data-widget_type=\"heading.default\">\n\t\t\t\t<div class=\"elementor-widget-container\">\n\t\t\t<style>\/*! elementor - v3.22.0 - 26-06-2024 *\/\n.elementor-heading-title{padding:0;margin:0;line-height:1}.elementor-widget-heading .elementor-heading-title[class*=elementor-size-]>a{color:inherit;font-size:inherit;line-height:inherit}.elementor-widget-heading .elementor-heading-title.elementor-size-small{font-size:15px}.elementor-widget-heading .elementor-heading-title.elementor-size-medium{font-size:19px}.elementor-widget-heading .elementor-heading-title.elementor-size-large{font-size:29px}.elementor-widget-heading .elementor-heading-title.elementor-size-xl{font-size:39px}.elementor-widget-heading .elementor-heading-title.elementor-size-xxl{font-size:59px}<\/style><h3 class=\"elementor-heading-title elementor-size-default\">\u201c\u00d6\u011eRENEN \u00c7OCUK, MUTLU \u00c7OCUKTUR.\u201d\n<\/h3>\t\t<\/div>\n\t\t\t\t<\/div>\n\t\t\t\t<div class=\"elementor-element elementor-element-154bc68 elementor-widget elementor-widget-text-editor\" data-id=\"154bc68\" data-element_type=\"widget\" data-widget_type=\"text-editor.default\">\n\t\t\t\t<div class=\"elementor-widget-container\">\n\t\t\t<style>\/*! elementor - v3.22.0 - 26-06-2024 *\/\n.elementor-widget-text-editor.elementor-drop-cap-view-stacked .elementor-drop-cap{background-color:#69727d;color:#fff}.elementor-widget-text-editor.elementor-drop-cap-view-framed .elementor-drop-cap{color:#69727d;border:3px solid;background-color:transparent}.elementor-widget-text-editor:not(.elementor-drop-cap-view-default) .elementor-drop-cap{margin-top:8px}.elementor-widget-text-editor:not(.elementor-drop-cap-view-default) .elementor-drop-cap-letter{width:1em;height:1em}.elementor-widget-text-editor .elementor-drop-cap{float:left;text-align:center;line-height:1;font-size:50px}.elementor-widget-text-editor .elementor-drop-cap-letter{display:inline-block}<\/style>\t\t\t\t<div><div>Fatih S\u0131nav Kurs Anaokulu sistemi; \u201cSide to Side\u201d program\u0131na g\u00f6re \u00e7ocuklar\u0131n \u00f6\u011frenimleri boyunca keyif alabilecekleri, oyun temelli, birbirleri ile rekabet edebilen, s\u00fcrece dayal\u0131 \u0130ngilizce-T\u00fcrk\u00e7e aktiviteleri ve erken okuma-yazma etkinliklerini kapsar. Okulumuzda \u00e7ocu\u011fun bir b\u00fct\u00fcn olarak geli\u015fimi hedeflenir. Bunu ger\u00e7ekle\u015ftirirken bili\u015fsel geli\u015fime destek olacak etkinlikler planlan\u0131r ve \u00e7ocuklar\u0131m\u0131z\u0131n akademik becerilere haz\u0131r olmalar\u0131 sa\u011flan\u0131r. Bu ba\u011flamda analitik ili\u015fkiler kurabilme, yarat\u0131c\u0131l\u0131k, problem \u00e7\u00f6zme, planlama, i\u015fitsel ve g\u00f6rsel haf\u0131zay\u0131 geli\u015ftirme, par\u00e7a-b\u00fct\u00fcn ili\u015fkisi sa\u011flama, \u00f6r\u00fcnt\u00fc olu\u015fturabilme \u00e7al\u0131\u015fmalar\u0131na yer verilir.<\/div><br \/><div>\u00a0<\/div><br \/><div>Fatih S\u0131nav Kurs Anaokulunda;<\/div><br \/><div>Ailenin d\u0131\u015f\u0131ndaki birey ve gruplarla uyum i\u00e7erisinde nas\u0131l \u00e7al\u0131\u015fmas\u0131 ve oynamas\u0131 gerekti\u011fine model olunarak sosyal ve duygusal geli\u015fimi desteklenir, Matemati\u011fin sihirli d\u00fcnyas\u0131n\u0131 ke\u015ffederken, \u00f6\u011frendi\u011fi bilgilerle b\u00fcy\u00fclenmesi sa\u011flan\u0131r, \u00c7evreyi ve do\u011fay\u0131 g\u00f6zlem ve deneyimleyerek \u00f6\u011frenirken gezegenimizi, oyuncaklar\u0131 kadar korumak \u00f6nemsetilir, \u00d6zenle tasarlanm\u0131\u015f spor alanlar\u0131nda, aktif ve sa\u011fl\u0131kl\u0131 bir ya\u015fam bi\u00e7imi geli\u015ftirmek amac\u0131yla \u00e7ocuklar\u0131n fiziksel yeteneklerinin fark\u0131nda olmas\u0131n\u0131 motive edici bir bedensel geli\u015fim program\u0131 uygulan\u0131r.<\/div><br \/><div>E\u011fitim program\u0131m\u0131zda ya\u015f gruplar\u0131na uygun olarak;<\/div><br \/><div>T\u00fcrk\u00e7e dil etkinli\u011fi, \u0130ngilizce, Fen ve Bilim etkinlikleri \u2013 Matematik, STEAM \u00e7al\u0131\u015fmalar\u0131 Kodlama Okuma-yazmaya haz\u0131rl\u0131k \u00e7al\u0131\u015fmalar\u0131, Yarat\u0131c\u0131 drama, G\u00f6rsel Sanatlar, D\u00fcnya danslar\u0131, Satran\u00e7, Beden E\u011fitimi ve Y\u00fczme, M\u00fczik (orff ve ritim \u00e7al\u0131\u015fmalar\u0131)<\/div><br \/><div>gibi bran\u015f etkinlikleri ger\u00e7ekle\u015ftirilmektedir.<\/div><br \/><div>\u00a0<\/div><br \/><div>SIDE TO SIDE PROGRAMI \u0130LE \u00c7\u0130FT \u00d6\u011eRETMENHER SINIFA B\u0130R\u0130 \u0130NG\u0130L\u0130ZCE \u0130K\u0130 \u00d6\u011eRETMEN<\/div><div>\u00a0<\/div><br \/><div>Fatih S\u0131nav Kurs Anaokulunda her s\u0131n\u0131fta biri \u0130ngilizce olmak \u00fczere iki s\u0131n\u0131f \u00f6\u011fretmeni g\u00f6rev yapar. Her iki \u00f6\u011fretmen de \u00f6\u011frencilerle birebir ilgilenir ve yak\u0131ndan takip eder. B\u00f6ylece hi\u00e7bir \u015fey g\u00f6zden ka\u00e7maz ve hi\u00e7bir konu atlanmaz.<\/div><br \/><div>\u00c7ift \u00f6\u011fretmen uygulamas\u0131 ile \u00f6\u011frencilerin \u00f6z bak\u0131m ve g\u00fcvenli\u011fi en iyi \u015fekilde sa\u011flan\u0131r.<\/div><br \/><div>Fatih S\u0131nav Kurs Anaokulunun etkinlik ve oyun temelli, \u00fcst d\u00fczey d\u00fc\u015f\u00fcnme becerisi kazand\u0131ran \u00f6zg\u00fcn sistemi, iki \u00f6\u011fretmenle verimli bir \u015fekilde y\u00fcr\u00fct\u00fcl\u00fcr.<\/div><br \/><div>Anaokulumuzda e\u011fitim alan \u00f6\u011frenciler, her s\u0131n\u0131fta iki \u00f6\u011fretmenin yak\u0131n ilgi ve deste\u011fiyle ba\u015far\u0131l\u0131 bir gelece\u011fe \u00f6zg\u00fcvenle haz\u0131rlan\u0131rlar.<\/div><br \/><div>\u00a0<\/div><br \/><div>\u0130NG\u0130L\u0130ZCEANAOKULUNDA ANAD\u0130L G\u0130B\u0130<\/div><div>\u00a0<\/div><br \/><div>\u201cSide To Side\u201d program\u0131 ile \u00f6\u011frenciler \u0130ngilizceyi anadili gibi \u00f6\u011frenirken okuldaki t\u00fcm e\u011fitim \u00f6\u011fretim etkinlikleri de T\u00fcrk\u00e7e-\u0130ngilizce olarak e\u015fg\u00fcd\u00fcml\u00fc bir \u015fekilde y\u00fcr\u00fct\u00fcl\u00fcr.<\/div><br \/><div>\u00d6\u011frenciler, g\u00fcn boyunca derslerde, oyun, etkinlik, beslenme ve di\u011fer zamanlar\u0131nda ilgili \u00f6\u011fretmenleriyle \u0130ngilizce ileti\u015fim kurar ve \u0130ngilizceyi adeta ya\u015farlar.<\/div><br \/><div>\u0130ngilizcenin erken ya\u015fta kal\u0131c\u0131 bir \u015fekilde \u00f6\u011frenilmesi i\u00e7in \u201cSide To Side\u201d program\u0131 Fatih S\u0131nav Kurs Anaokulunda 4 ya\u015ftan itibaren ba\u015flar.<\/div><br \/><div>\u00a0<\/div><br \/><div>FEN VE MATEMAT\u0130KAKADEM\u0130K YA\u015eAMA \u0130LK ADIM FEN-MATEMAT\u0130K<\/div><div>\u00a0<\/div><br \/><div>\u00c7ocuklar, k\u00fc\u00e7\u00fck ya\u015ftan itibaren s\u00fcrekli nedeni-nas\u0131l\u0131 sorgular ve \u00e7evrelerini ke\u015ffetmeye \u00e7al\u0131\u015f\u0131rlar.<\/div><br \/><div>Anaokulumuzda uygulamal\u0131 \u00f6zg\u00fcn Fen Bilgisi program\u0131 ile \u00e7ocuklarda var olan merak ve ke\u015ffetme e\u011filimini daha da g\u00fc\u00e7lendirir, onlara bilimsel d\u00fc\u015f\u00fcnce, tutum ve becerisi kazanma f\u0131rsat\u0131 verir.<\/div><br \/><div>Erken ya\u015fta d\u00fcnyay\u0131 ke\u015ffetmek kadar, anlamaya da e\u011filimli olan \u00f6\u011frenciler, anaokulumuza \u00f6zg\u00fcn Matematik program\u0131 ile say\u0131lar\u0131n e\u011flenceli d\u00fcnyas\u0131na ad\u0131m atarlar.<\/div><br \/><div>Fatih S\u0131nav Kurs Anaokulunda \u00f6\u011frenciler, sezgisel oyun ve etkinliklerle pratik d\u00fc\u015f\u00fcnme, problem \u00e7\u00f6zme gibi temel matematik becerilerini geli\u015ftirirler.<\/div><br \/><div>\u00a0<\/div><br \/><div>KODLAMAHIZLI VE ANAL\u0130T\u0130K D\u00dc\u015e\u00dcNME<\/div><div>\u00a0<\/div><br \/><div>Fatih S\u0131nav Kurs Anaokulunda, 21. Y\u00fczy\u0131l becerilerini kazanm\u0131\u015f d\u00fcnya vatanda\u015f\u0131 olma yolunda at\u0131lan ilk ad\u0131mla \u00e7a\u011f\u0131m\u0131z\u0131n vazge\u00e7ilmezi dijital ya\u015fam\u0131n temeli olan kodlama-robotik dersi erken ya\u015fta ba\u015flat\u0131l\u0131r.<\/div><br \/><div>Kodlama-robotik dersi ile \u00f6\u011frencilerin algoritmik d\u00fc\u015f\u00fcnme, robotik\/elektronik tasar\u0131m yapma, problemlere daha h\u0131zl\u0131, analitik ve pratik \u00e7\u00f6z\u00fcmler geli\u015ftirme becerileri desteklenir.<\/div><br \/><div>Kodlama-robotik dersi, okulumuzun teknolojik altyap\u0131ya sahip at\u00f6lyelerinde, bu alanda \u00f6zel e\u011fitimler alm\u0131\u015f \u00f6\u011fretmenler taraf\u0131ndan interaktif ve e\u011flenceli bir \u015fekilde i\u015flenir.<\/div><br \/><div>\u00a0<\/div><br \/><div>SANAT ETK\u0130NL\u0130KLER\u0130DUYARLI, ESTET\u0130K VE \u00dcRETKEN<\/div><div>\u00a0<\/div><br \/><div>Fatih S\u0131nav Kurs Anaokulunda \u201cher bireyin ke\u015ffedilmeyi bekleyen bir yetene\u011fi vard\u0131r\u201d \u00f6n kabul\u00fcyle sanata ayr\u0131 bir \u00f6nem verilir. \u00d6\u011frencilerin geli\u015fimi i\u00e7in yetenek ve e\u011filimlerine uygun olarak drama, g\u00f6rsel sanatlar, seramik, m\u00fczik, orff, dans vb. \u00f6zel \u00f6\u011frenme alanlar\u0131 vard\u0131r.<\/div><br \/><div>Anaokulumuzda ger\u00e7ekle\u015fen e\u011fitimle sanata duyarl\u0131l\u0131\u011f\u0131 artan \u00f6\u011frencilerimiz, kendi yeteneklerini ke\u015ffeder ve hayal g\u00fc\u00e7lerini geli\u015ftirirler. \u00d6\u011frencilerimiz d\u00fcnyaya daha estetik bir pencereden bakar, \u00e7a\u011fda\u015f ve sosyal ya\u015fama etkin bi\u00e7imde kat\u0131l\u0131rlar.<\/div><br \/><div>\u00a0<\/div><br \/><div>SPOR ETK\u0130NL\u0130KLER\u0130B\u0130L\u0130\u015eSEL VE F\u0130Z\u0130KSEL GEL\u0130\u015e\u0130M \u0130\u00c7\u0130N<\/div><div>\u00a0<\/div><br \/><div>Fatih S\u0131nav Kurs Anaokulunda \u00e7ocuklar\u0131n bedenlerini do\u011fru bir \u015fekilde kullanmalar\u0131, grup i\u00e7inde uyumlu hareket yetene\u011fi kazanmalar\u0131, fiziksel-duygusal geli\u015fimleri oyun ve sporla desteklenir.<\/div><br \/><div>\u00d6zenle tasarlanm\u0131\u015f uygulama alanlar\u0131nda \u00f6\u011frenciler; y\u00fczme, temel jimnastik, denge hareketleri gibi temel spor dal\u0131nda becerilerini geli\u015ftirirler.<\/div><br \/><div>Fatih S\u0131nav Kurs Anaokulunda \u00e7ocuklar\u0131n fiziksel yeteneklerinin fark\u0131na vararak motive oldu\u011fu bedensel geli\u015fim program\u0131, uzman e\u011fitimciler taraf\u0131ndan y\u00fcr\u00fct\u00fcl\u00fcr.<\/div><br \/><div>\u00a0<\/div><br \/><div>BESLENME H\u0130JYEN\u0130K VE SA\u011eLIKLI BESLENME<\/div><div>\u00a0<\/div><br \/><div>\u0130yi bir gelece\u011fin sa\u011fl\u0131kl\u0131 nesillerle olaca\u011f\u0131 bilinciyle beslenme ve sa\u011fl\u0131\u011fa ayr\u0131 bir \u00f6zen g\u00f6sterilir.<\/div><br \/><div>\u00d6\u011frencilere, kalori de\u011ferlerine g\u00f6re sabah kahvalt\u0131s\u0131, \u00f6\u011fle yeme\u011fi ve ikindi kahvalt\u0131s\u0131 verilir.<\/div><br \/><div>\u00d6zellikle dengeli ve sa\u011fl\u0131kl\u0131 beslenmeleri sa\u011flan\u0131r.<\/div><br \/><div>Okulun temizli\u011fi, hijyeni ve g\u00fcvenli\u011fi ise uluslararas\u0131 akreditasyona sahip kurulu\u015flarla i\u015fbirli\u011fi halinde yap\u0131l\u0131r.<\/div><\/div>\t\t\t\t\t\t<\/div>\n\t\t\t\t<\/div>\n\t\t\t\t\t<\/div>\n\t\t<\/div>\n\t\t\t\t\t<\/div>\n\t\t<\/section>\n\t\t\t\t\t<\/div>\n\t\t<\/div>\n\t\t\t\t\t<\/div>\n\t\t<\/section>\n\t\t\t\t<\/div>\n\t\t","protected":false},"excerpt":{"rendered":"<p>\u201c\u00d6\u011eRENEN \u00c7OCUK, MUTLU \u00c7OCUKTUR.\u201d Anaokulu sistemi; \u201cSide to Side\u201d program\u0131na g\u00f6re \u00e7ocuklar\u0131n \u00f6\u011frenimleri boyunca keyif alabilecekleri, oyun temelli, birbirleri ile rekabet edebilen, s\u00fcrece dayal\u0131 \u0130ngilizce-T\u00fcrk\u00e7e aktiviteleri ve erken okuma-yazma etkinliklerini kapsar. Okulumuzda \u00e7ocu\u011fun bir b\u00fct\u00fcn olarak geli\u015fimi hedeflenir. Bunu ger\u00e7ekle\u015ftirirken bili\u015fsel geli\u015fime destek olacak etkinlikler planlan\u0131r ve \u00e7ocuklar\u0131m\u0131z\u0131n akademik becerilere haz\u0131r olmalar\u0131 sa\u011flan\u0131r. Bu ba\u011flamda&#8230;<\/p>\n","protected":false},"author":1,"featured_media":0,"parent":0,"menu_order":0,"comment_status":"closed","ping_status":"closed","template":"template-builder.php","meta":{"footnotes":""},"class_list":["post-2249","page","type-page","status-publish","hentry"],"yoast_head":"<!-- This site is optimized with the Yoast SEO plugin v23.0 - https:\/\/yoast.com\/wordpress\/plugins\/seo\/ -->\n<title>Fatih S\u0131nav Koleji Anaokul Kurs - Modern E\u011fitim, \u00d6zel Okul, Uluslararas\u0131 E\u011fitim<\/title>\n<meta name=\"description\" content=\"Fatih S\u0131nav Anokulu, uzman e\u011fitmenlerle ba\u015far\u0131ya giden yolda ad\u0131m ad\u0131m rehberlik ediyor. S\u0131navlar\u0131n\u0131za haz\u0131rlanmak i\u00e7in ziyaret edin!\" \/>\n<meta name=\"robots\" content=\"index, follow, max-snippet:-1, max-image-preview:large, max-video-preview:-1\" \/>\n<link rel=\"canonical\" href=\"https:\/\/www.sinavkolej.com\/fatih\/anaokul\/\" \/>\n<meta property=\"og:locale\" content=\"tr_TR\" \/>\n<meta property=\"og:type\" content=\"article\" \/>\n<meta property=\"og:title\" content=\"Fatih S\u0131nav Koleji Anaokul Kurs - Modern E\u011fitim, \u00d6zel Okul, Uluslararas\u0131 E\u011fitim\" \/>\n<meta property=\"og:description\" content=\"Fatih S\u0131nav Anokulu, uzman e\u011fitmenlerle ba\u015far\u0131ya giden yolda ad\u0131m ad\u0131m rehberlik ediyor. S\u0131navlar\u0131n\u0131za haz\u0131rlanmak i\u00e7in ziyaret edin!\" \/>\n<meta property=\"og:url\" content=\"https:\/\/www.sinavkolej.com\/fatih\/anaokul\/\" \/>\n<meta property=\"og:site_name\" content=\"Fatih S\u0131nav Kurs\" \/>\n<meta property=\"article:modified_time\" content=\"2024-04-04T07:21:26+00:00\" \/>\n<meta property=\"og:image\" content=\"https:\/\/www.sinavkolej.com\/fatih\/wp-content\/uploads\/2023\/10\/medium-shot-kids-sitting-together-table-scaled.jpg\" \/>\n<meta name=\"twitter:card\" content=\"summary_large_image\" \/>\n<meta name=\"twitter:label1\" content=\"Tahmini okuma s\u00fcresi\" \/>\n\t<meta name=\"twitter:data1\" content=\"5 dakika\" \/>\n<script type=\"application\/ld+json\" class=\"yoast-schema-graph\">{\"@context\":\"https:\/\/schema.org\",\"@graph\":[{\"@type\":\"WebPage\",\"@id\":\"https:\/\/www.sinavkolej.com\/fatih\/anaokul\/\",\"url\":\"https:\/\/www.sinavkolej.com\/fatih\/anaokul\/\",\"name\":\"Fatih S\u0131nav Koleji Anaokul Kurs - Modern E\u011fitim, \u00d6zel Okul, Uluslararas\u0131 E\u011fitim\",\"isPartOf\":{\"@id\":\"https:\/\/www.sinavkolej.com\/fatih\/#website\"},\"primaryImageOfPage\":{\"@id\":\"https:\/\/www.sinavkolej.com\/fatih\/anaokul\/#primaryimage\"},\"image\":{\"@id\":\"https:\/\/www.sinavkolej.com\/fatih\/anaokul\/#primaryimage\"},\"thumbnailUrl\":\"https:\/\/www.sinavkolej.com\/fatih\/wp-content\/uploads\/2023\/10\/medium-shot-kids-sitting-together-table-scaled.jpg\",\"datePublished\":\"2023-07-30T04:02:08+00:00\",\"dateModified\":\"2024-04-04T07:21:26+00:00\",\"description\":\"Fatih S\u0131nav Anokulu, uzman e\u011fitmenlerle ba\u015far\u0131ya giden yolda ad\u0131m ad\u0131m rehberlik ediyor. S\u0131navlar\u0131n\u0131za haz\u0131rlanmak i\u00e7in ziyaret edin!\",\"breadcrumb\":{\"@id\":\"https:\/\/www.sinavkolej.com\/fatih\/anaokul\/#breadcrumb\"},\"inLanguage\":\"tr\",\"potentialAction\":[{\"@type\":\"ReadAction\",\"target\":[\"https:\/\/www.sinavkolej.com\/fatih\/anaokul\/\"]}]},{\"@type\":\"ImageObject\",\"inLanguage\":\"tr\",\"@id\":\"https:\/\/www.sinavkolej.com\/fatih\/anaokul\/#primaryimage\",\"url\":\"https:\/\/www.sinavkolej.com\/fatih\/wp-content\/uploads\/2023\/10\/medium-shot-kids-sitting-together-table-scaled.jpg\",\"contentUrl\":\"https:\/\/www.sinavkolej.com\/fatih\/wp-content\/uploads\/2023\/10\/medium-shot-kids-sitting-together-table-scaled.jpg\",\"width\":2560,\"height\":1707,\"caption\":\"S\u0131nav Fatih Kurs\"},{\"@type\":\"BreadcrumbList\",\"@id\":\"https:\/\/www.sinavkolej.com\/fatih\/anaokul\/#breadcrumb\",\"itemListElement\":[{\"@type\":\"ListItem\",\"position\":1,\"name\":\"Anasayfa\",\"item\":\"https:\/\/www.sinavkolej.com\/fatih\/\"},{\"@type\":\"ListItem\",\"position\":2,\"name\":\"Anaokul\"}]},{\"@type\":\"WebSite\",\"@id\":\"https:\/\/www.sinavkolej.com\/fatih\/#website\",\"url\":\"https:\/\/www.sinavkolej.com\/fatih\/\",\"name\":\"Fatih S\u0131nav Kurs\",\"description\":\"Fatih S\u0131nav Kurs\",\"publisher\":{\"@id\":\"https:\/\/www.sinavkolej.com\/fatih\/#organization\"},\"potentialAction\":[{\"@type\":\"SearchAction\",\"target\":{\"@type\":\"EntryPoint\",\"urlTemplate\":\"https:\/\/www.sinavkolej.com\/fatih\/?s={search_term_string}\"},\"query-input\":\"required name=search_term_string\"}],\"inLanguage\":\"tr\"},{\"@type\":\"Organization\",\"@id\":\"https:\/\/www.sinavkolej.com\/fatih\/#organization\",\"name\":\"Fatih S\u0131nav Kurs\",\"url\":\"https:\/\/www.sinavkolej.com\/fatih\/\",\"logo\":{\"@type\":\"ImageObject\",\"inLanguage\":\"tr\",\"@id\":\"https:\/\/www.sinavkolej.com\/fatih\/#\/schema\/logo\/image\/\",\"url\":\"https:\/\/www.sinavkolej.com\/fatih\/wp-content\/uploads\/2023\/10\/antalya-serik-sinav-koleji-2621-5-1.png\",\"contentUrl\":\"https:\/\/www.sinavkolej.com\/fatih\/wp-content\/uploads\/2023\/10\/antalya-serik-sinav-koleji-2621-5-1.png\",\"width\":2244,\"height\":632,\"caption\":\"Fatih S\u0131nav Kurs\"},\"image\":{\"@id\":\"https:\/\/www.sinavkolej.com\/fatih\/#\/schema\/logo\/image\/\"}}]}<\/script>\n<!-- \/ Yoast SEO plugin. -->","yoast_head_json":{"title":"Fatih S\u0131nav Koleji Anaokul Kurs - Modern E\u011fitim, \u00d6zel Okul, Uluslararas\u0131 E\u011fitim","description":"Fatih S\u0131nav Anokulu, uzman e\u011fitmenlerle ba\u015far\u0131ya giden yolda ad\u0131m ad\u0131m rehberlik ediyor. S\u0131navlar\u0131n\u0131za haz\u0131rlanmak i\u00e7in ziyaret edin!","robots":{"index":"index","follow":"follow","max-snippet":"max-snippet:-1","max-image-preview":"max-image-preview:large","max-video-preview":"max-video-preview:-1"},"canonical":"https:\/\/www.sinavkolej.com\/fatih\/anaokul\/","og_locale":"tr_TR","og_type":"article","og_title":"Fatih S\u0131nav Koleji Anaokul Kurs - Modern E\u011fitim, \u00d6zel Okul, Uluslararas\u0131 E\u011fitim","og_description":"Fatih S\u0131nav Anokulu, uzman e\u011fitmenlerle ba\u015far\u0131ya giden yolda ad\u0131m ad\u0131m rehberlik ediyor. S\u0131navlar\u0131n\u0131za haz\u0131rlanmak i\u00e7in ziyaret edin!","og_url":"https:\/\/www.sinavkolej.com\/fatih\/anaokul\/","og_site_name":"Fatih S\u0131nav Kurs","article_modified_time":"2024-04-04T07:21:26+00:00","og_image":[{"url":"https:\/\/www.sinavkolej.com\/fatih\/wp-content\/uploads\/2023\/10\/medium-shot-kids-sitting-together-table-scaled.jpg"}],"twitter_card":"summary_large_image","twitter_misc":{"Tahmini okuma s\u00fcresi":"5 dakika"},"schema":{"@context":"https:\/\/schema.org","@graph":[{"@type":"WebPage","@id":"https:\/\/www.sinavkolej.com\/fatih\/anaokul\/","url":"https:\/\/www.sinavkolej.com\/fatih\/anaokul\/","name":"Fatih S\u0131nav Koleji Anaokul Kurs - Modern E\u011fitim, \u00d6zel Okul, Uluslararas\u0131 E\u011fitim","isPartOf":{"@id":"https:\/\/www.sinavkolej.com\/fatih\/#website"},"primaryImageOfPage":{"@id":"https:\/\/www.sinavkolej.com\/fatih\/anaokul\/#primaryimage"},"image":{"@id":"https:\/\/www.sinavkolej.com\/fatih\/anaokul\/#primaryimage"},"thumbnailUrl":"https:\/\/www.sinavkolej.com\/fatih\/wp-content\/uploads\/2023\/10\/medium-shot-kids-sitting-together-table-scaled.jpg","datePublished":"2023-07-30T04:02:08+00:00","dateModified":"2024-04-04T07:21:26+00:00","description":"Fatih S\u0131nav Anokulu, uzman e\u011fitmenlerle ba\u015far\u0131ya giden yolda ad\u0131m ad\u0131m rehberlik ediyor. S\u0131navlar\u0131n\u0131za haz\u0131rlanmak i\u00e7in ziyaret edin!","breadcrumb":{"@id":"https:\/\/www.sinavkolej.com\/fatih\/anaokul\/#breadcrumb"},"inLanguage":"tr","potentialAction":[{"@type":"ReadAction","target":["https:\/\/www.sinavkolej.com\/fatih\/anaokul\/"]}]},{"@type":"ImageObject","inLanguage":"tr","@id":"https:\/\/www.sinavkolej.com\/fatih\/anaokul\/#primaryimage","url":"https:\/\/www.sinavkolej.com\/fatih\/wp-content\/uploads\/2023\/10\/medium-shot-kids-sitting-together-table-scaled.jpg","contentUrl":"https:\/\/www.sinavkolej.com\/fatih\/wp-content\/uploads\/2023\/10\/medium-shot-kids-sitting-together-table-scaled.jpg","width":2560,"height":1707,"caption":"S\u0131nav Fatih Kurs"},{"@type":"BreadcrumbList","@id":"https:\/\/www.sinavkolej.com\/fatih\/anaokul\/#breadcrumb","itemListElement":[{"@type":"ListItem","position":1,"name":"Anasayfa","item":"https:\/\/www.sinavkolej.com\/fatih\/"},{"@type":"ListItem","position":2,"name":"Anaokul"}]},{"@type":"WebSite","@id":"https:\/\/www.sinavkolej.com\/fatih\/#website","url":"https:\/\/www.sinavkolej.com\/fatih\/","name":"Fatih S\u0131nav Kurs","description":"Fatih S\u0131nav Kurs","publisher":{"@id":"https:\/\/www.sinavkolej.com\/fatih\/#organization"},"potentialAction":[{"@type":"SearchAction","target":{"@type":"EntryPoint","urlTemplate":"https:\/\/www.sinavkolej.com\/fatih\/?s={search_term_string}"},"query-input":"required name=search_term_string"}],"inLanguage":"tr"},{"@type":"Organization","@id":"https:\/\/www.sinavkolej.com\/fatih\/#organization","name":"Fatih S\u0131nav Kurs","url":"https:\/\/www.sinavkolej.com\/fatih\/","logo":{"@type":"ImageObject","inLanguage":"tr","@id":"https:\/\/www.sinavkolej.com\/fatih\/#\/schema\/logo\/image\/","url":"https:\/\/www.sinavkolej.com\/fatih\/wp-content\/uploads\/2023\/10\/antalya-serik-sinav-koleji-2621-5-1.png","contentUrl":"https:\/\/www.sinavkolej.com\/fatih\/wp-content\/uploads\/2023\/10\/antalya-serik-sinav-koleji-2621-5-1.png","width":2244,"height":632,"caption":"Fatih S\u0131nav Kurs"},"image":{"@id":"https:\/\/www.sinavkolej.com\/fatih\/#\/schema\/logo\/image\/"}}]}},"_links":{"self":[{"href":"https:\/\/www.sinavkolej.com\/fatih\/wp-json\/wp\/v2\/pages\/2249","targetHints":{"allow":["GET"]}}],"collection":[{"href":"https:\/\/www.sinavkolej.com\/fatih\/wp-json\/wp\/v2\/pages"}],"about":[{"href":"https:\/\/www.sinavkolej.com\/fatih\/wp-json\/wp\/v2\/types\/page"}],"author":[{"embeddable":true,"href":"https:\/\/www.sinavkolej.com\/fatih\/wp-json\/wp\/v2\/users\/1"}],"replies":[{"embeddable":true,"href":"https:\/\/www.sinavkolej.com\/fatih\/wp-json\/wp\/v2\/comments?post=2249"}],"version-history":[{"count":17,"href":"https:\/\/www.sinavkolej.com\/fatih\/wp-json\/wp\/v2\/pages\/2249\/revisions"}],"predecessor-version":[{"id":4131,"href":"https:\/\/www.sinavkolej.com\/fatih\/wp-json\/wp\/v2\/pages\/2249\/revisions\/4131"}],"wp:attachment":[{"href":"https:\/\/www.sinavkolej.com\/fatih\/wp-json\/wp\/v2\/media?parent=2249"}],"curies":[{"name":"wp","href":"https:\/\/api.w.org\/{rel}","templated":true}]}}