{"id":4162,"date":"2023-10-24T13:00:24","date_gmt":"2023-10-24T13:00:24","guid":{"rendered":"https:\/\/www.sinavkolej.com\/fatih\/?page_id=4162"},"modified":"2024-04-04T07:28:11","modified_gmt":"2024-04-04T07:28:11","slug":"the-okul","status":"publish","type":"page","link":"https:\/\/www.sinavkolej.com\/fatih\/the-okul\/","title":{"rendered":"The Okul"},"content":{"rendered":"\t\t<div data-elementor-type=\"wp-page\" data-elementor-id=\"4162\" class=\"elementor elementor-4162\">\n\t\t\t\t\t\t<section class=\"elementor-section elementor-top-section elementor-element elementor-element-b63540a elementor-section-boxed elementor-section-height-default elementor-section-height-default\" data-id=\"b63540a\" data-element_type=\"section\">\n\t\t\t\t\t\t<div class=\"elementor-container elementor-column-gap-no\">\n\t\t\t\t\t<div class=\"elementor-column elementor-col-100 elementor-top-column elementor-element elementor-element-2b37718\" data-id=\"2b37718\" data-element_type=\"column\">\n\t\t\t<div class=\"elementor-widget-wrap elementor-element-populated\">\n\t\t\t\t\t\t<section class=\"elementor-section elementor-inner-section elementor-element elementor-element-e3ffe3f elementor-section-boxed elementor-section-height-default elementor-section-height-default\" data-id=\"e3ffe3f\" data-element_type=\"section\">\n\t\t\t\t\t\t<div class=\"elementor-container elementor-column-gap-no\">\n\t\t\t\t\t<div class=\"elementor-column elementor-col-100 elementor-inner-column elementor-element elementor-element-90fb08b\" data-id=\"90fb08b\" data-element_type=\"column\">\n\t\t\t<div class=\"elementor-widget-wrap elementor-element-populated\">\n\t\t\t\t\r\n\r\n\t\t<div class=\"elementor-element elementor-element-cf29924 elementor-widget elementor-widget-image\" data-id=\"cf29924\" data-element_type=\"widget\" data-widget_type=\"image.default\">\n\t\t\t\t<div class=\"elementor-widget-container\">\n\t\t\t<style>\/*! elementor - v3.22.0 - 26-06-2024 *\/\n.elementor-widget-image{text-align:center}.elementor-widget-image a{display:inline-block}.elementor-widget-image a img[src$=\".svg\"]{width:48px}.elementor-widget-image img{vertical-align:middle;display:inline-block}<\/style>\t\t\t\t\t\t\t\t\t\t<img fetchpriority=\"high\" decoding=\"async\" width=\"1400\" height=\"788\" src=\"https:\/\/www.sinavkolej.com\/fatih\/wp-content\/uploads\/2023\/10\/1_CXyQLKSLOqYH7dZ1gq7cRQ.jpg\" class=\"attachment-full size-full wp-image-4164\" alt=\"S\u0131nav Fatih Kurs\" srcset=\"https:\/\/www.sinavkolej.com\/fatih\/wp-content\/uploads\/2023\/10\/1_CXyQLKSLOqYH7dZ1gq7cRQ.jpg 1400w, https:\/\/www.sinavkolej.com\/fatih\/wp-content\/uploads\/2023\/10\/1_CXyQLKSLOqYH7dZ1gq7cRQ-300x169.jpg 300w, https:\/\/www.sinavkolej.com\/fatih\/wp-content\/uploads\/2023\/10\/1_CXyQLKSLOqYH7dZ1gq7cRQ-1024x576.jpg 1024w, https:\/\/www.sinavkolej.com\/fatih\/wp-content\/uploads\/2023\/10\/1_CXyQLKSLOqYH7dZ1gq7cRQ-768x432.jpg 768w\" sizes=\"(max-width: 1400px) 100vw, 1400px\" \/>\t\t\t\t\t\t\t\t\t\t\t\t\t<\/div>\n\t\t\t\t<\/div>\n\t\t\t\t<div class=\"elementor-element elementor-element-2148a4c elementor-widget elementor-widget-heading\" data-id=\"2148a4c\" data-element_type=\"widget\" data-widget_type=\"heading.default\">\n\t\t\t\t<div class=\"elementor-widget-container\">\n\t\t\t<style>\/*! elementor - v3.22.0 - 26-06-2024 *\/\n.elementor-heading-title{padding:0;margin:0;line-height:1}.elementor-widget-heading .elementor-heading-title[class*=elementor-size-]>a{color:inherit;font-size:inherit;line-height:inherit}.elementor-widget-heading .elementor-heading-title.elementor-size-small{font-size:15px}.elementor-widget-heading .elementor-heading-title.elementor-size-medium{font-size:19px}.elementor-widget-heading .elementor-heading-title.elementor-size-large{font-size:29px}.elementor-widget-heading .elementor-heading-title.elementor-size-xl{font-size:39px}.elementor-widget-heading .elementor-heading-title.elementor-size-xxl{font-size:59px}<\/style><h3 class=\"elementor-heading-title elementor-size-default\">The Okul<\/h3>\t\t<\/div>\n\t\t\t\t<\/div>\n\t\t\t\t<div class=\"elementor-element elementor-element-154bc68 elementor-widget elementor-widget-text-editor\" data-id=\"154bc68\" data-element_type=\"widget\" data-widget_type=\"text-editor.default\">\n\t\t\t\t<div class=\"elementor-widget-container\">\n\t\t\t<style>\/*! elementor - v3.22.0 - 26-06-2024 *\/\n.elementor-widget-text-editor.elementor-drop-cap-view-stacked .elementor-drop-cap{background-color:#69727d;color:#fff}.elementor-widget-text-editor.elementor-drop-cap-view-framed .elementor-drop-cap{color:#69727d;border:3px solid;background-color:transparent}.elementor-widget-text-editor:not(.elementor-drop-cap-view-default) .elementor-drop-cap{margin-top:8px}.elementor-widget-text-editor:not(.elementor-drop-cap-view-default) .elementor-drop-cap-letter{width:1em;height:1em}.elementor-widget-text-editor .elementor-drop-cap{float:left;text-align:center;line-height:1;font-size:50px}.elementor-widget-text-editor .elementor-drop-cap-letter{display:inline-block}<\/style>\t\t\t\t<p>Sevgi, sayg\u0131, adalet, dayan\u0131\u015fma, yard\u0131mseverlik, fedakarl\u0131k, ho\u015fg\u00f6r\u00fc, d\u00fcr\u00fcstl\u00fck, farkl\u0131l\u0131klara sayg\u0131l\u0131 olmak gibi toplumsal de\u011ferleri kurumsal felsefesinin merkezine yerle\u015ftiren S\u0131nav Kolejlerinde;<\/p><p><strong>\u2018The Okul\u2019<\/strong>\u00a0kapsam\u0131nda\u00a0<strong>Takip\/Sorumluluk<\/strong>,\u00a0<strong>Hakkaniyet\/D\u00fcr\u00fcstl\u00fck<\/strong>,\u00a0<strong>\u00a0Empati\/Duyguda\u015fl\u0131k<\/strong>\u00a0k\u00fclt\u00fcr\u00fc olu\u015fturmaya d\u00f6n\u00fck yakla\u015f\u0131m benimsenmi\u015ftir.<\/p><p>\u2018\u0130yi insan iyi vatanda\u015f\u2019 yeti\u015ftirme hedefiyle olu\u015fturulan de\u011fer merkezli okul k\u00fclt\u00fcr\u00fc olu\u015fturulmu\u015ftur.Zararl\u0131 al\u0131\u015fkanl\u0131klar, \u015fiddete y\u00f6nelim, marka ba\u011f\u0131ml\u0131l\u0131\u011f\u0131, aile ve topluma yabanc\u0131la\u015fma gibi olumsuz tutum ve davran\u0131\u015flara kar\u015f\u0131 engelleyici ve \u00f6nleyici tedbirler al\u0131nmaktad\u0131r.<\/p><p>Okullar\u0131m\u0131zca benimsenen de\u011ferler e\u011fitimiyle \u00f6\u011frencilerimizin temel insani de\u011ferleri psikolojik, bili\u015fsel ve sosyal geli\u015fimlerine uygun olarak kazanmalar\u0131 sa\u011flan\u0131yor.<\/p>\t\t\t\t\t\t<\/div>\n\t\t\t\t<\/div>\n\t\t\t\t\t<\/div>\n\t\t<\/div>\n\t\t\t\t\t<\/div>\n\t\t<\/section>\n\t\t\t\t\t<\/div>\n\t\t<\/div>\n\t\t\t\t\t<\/div>\n\t\t<\/section>\n\t\t\t\t<\/div>\n\t\t","protected":false},"excerpt":{"rendered":"<p>The Okul Sevgi, sayg\u0131, adalet, dayan\u0131\u015fma, yard\u0131mseverlik, fedakarl\u0131k, ho\u015fg\u00f6r\u00fc, d\u00fcr\u00fcstl\u00fck, farkl\u0131l\u0131klara sayg\u0131l\u0131 olmak gibi toplumsal de\u011ferleri kurumsal felsefesinin merkezine yerle\u015ftiren S\u0131nav Kolejlerinde; \u2018The Okul\u2019\u00a0kapsam\u0131nda\u00a0Takip\/Sorumluluk,\u00a0Hakkaniyet\/D\u00fcr\u00fcstl\u00fck,\u00a0\u00a0Empati\/Duyguda\u015fl\u0131k\u00a0k\u00fclt\u00fcr\u00fc olu\u015fturmaya d\u00f6n\u00fck yakla\u015f\u0131m benimsenmi\u015ftir. \u2018\u0130yi insan iyi vatanda\u015f\u2019 yeti\u015ftirme hedefiyle olu\u015fturulan de\u011fer merkezli okul k\u00fclt\u00fcr\u00fc olu\u015fturulmu\u015ftur.Zararl\u0131 al\u0131\u015fkanl\u0131klar, \u015fiddete y\u00f6nelim, marka ba\u011f\u0131ml\u0131l\u0131\u011f\u0131, aile ve topluma yabanc\u0131la\u015fma gibi olumsuz tutum ve davran\u0131\u015flara kar\u015f\u0131&#8230;<\/p>\n","protected":false},"author":1,"featured_media":0,"parent":0,"menu_order":0,"comment_status":"closed","ping_status":"closed","template":"template-builder.php","meta":{"footnotes":""},"class_list":["post-4162","page","type-page","status-publish","hentry"],"yoast_head":"<!-- This site is optimized with the Yoast SEO plugin v23.0 - https:\/\/yoast.com\/wordpress\/plugins\/seo\/ -->\n<title>The Okul Fatih S\u0131nav Kurs - Modern E\u011fitim, \u00d6zel Okul, Uluslararas\u0131 E\u011fitim<\/title>\n<meta name=\"description\" content=\"S\u0131nav Fatih Koleji ile gelece\u011fe emin ad\u0131mlar ataca\u011f\u0131n\u0131z bir e\u011fitim gen\u00e7lerimizi bekliyor...\" \/>\n<meta name=\"robots\" content=\"index, follow, max-snippet:-1, max-image-preview:large, max-video-preview:-1\" \/>\n<link rel=\"canonical\" href=\"https:\/\/www.sinavkolej.com\/fatih\/the-okul\/\" \/>\n<meta property=\"og:locale\" content=\"tr_TR\" \/>\n<meta property=\"og:type\" content=\"article\" \/>\n<meta property=\"og:title\" content=\"The Okul Fatih S\u0131nav Kurs - Modern E\u011fitim, \u00d6zel Okul, Uluslararas\u0131 E\u011fitim\" \/>\n<meta property=\"og:description\" content=\"S\u0131nav Fatih Koleji ile gelece\u011fe emin ad\u0131mlar ataca\u011f\u0131n\u0131z bir e\u011fitim gen\u00e7lerimizi bekliyor...\" \/>\n<meta property=\"og:url\" content=\"https:\/\/www.sinavkolej.com\/fatih\/the-okul\/\" \/>\n<meta property=\"og:site_name\" content=\"Fatih S\u0131nav Kurs\" \/>\n<meta property=\"article:modified_time\" content=\"2024-04-04T07:28:11+00:00\" \/>\n<meta property=\"og:image\" content=\"https:\/\/www.sinavkolej.com\/fatih\/wp-content\/uploads\/2023\/10\/1_CXyQLKSLOqYH7dZ1gq7cRQ.jpg\" \/>\n<meta name=\"twitter:card\" content=\"summary_large_image\" \/>\n<meta name=\"twitter:label1\" content=\"Tahmini okuma s\u00fcresi\" \/>\n\t<meta name=\"twitter:data1\" content=\"1 dakika\" \/>\n<script type=\"application\/ld+json\" class=\"yoast-schema-graph\">{\"@context\":\"https:\/\/schema.org\",\"@graph\":[{\"@type\":\"WebPage\",\"@id\":\"https:\/\/www.sinavkolej.com\/fatih\/the-okul\/\",\"url\":\"https:\/\/www.sinavkolej.com\/fatih\/the-okul\/\",\"name\":\"The Okul Fatih S\u0131nav Kurs - Modern E\u011fitim, \u00d6zel Okul, Uluslararas\u0131 E\u011fitim\",\"isPartOf\":{\"@id\":\"https:\/\/www.sinavkolej.com\/fatih\/#website\"},\"primaryImageOfPage\":{\"@id\":\"https:\/\/www.sinavkolej.com\/fatih\/the-okul\/#primaryimage\"},\"image\":{\"@id\":\"https:\/\/www.sinavkolej.com\/fatih\/the-okul\/#primaryimage\"},\"thumbnailUrl\":\"https:\/\/www.sinavkolej.com\/fatih\/wp-content\/uploads\/2023\/10\/1_CXyQLKSLOqYH7dZ1gq7cRQ.jpg\",\"datePublished\":\"2023-10-24T13:00:24+00:00\",\"dateModified\":\"2024-04-04T07:28:11+00:00\",\"description\":\"S\u0131nav Fatih Koleji ile gelece\u011fe emin ad\u0131mlar ataca\u011f\u0131n\u0131z bir e\u011fitim gen\u00e7lerimizi bekliyor...\",\"breadcrumb\":{\"@id\":\"https:\/\/www.sinavkolej.com\/fatih\/the-okul\/#breadcrumb\"},\"inLanguage\":\"tr\",\"potentialAction\":[{\"@type\":\"ReadAction\",\"target\":[\"https:\/\/www.sinavkolej.com\/fatih\/the-okul\/\"]}]},{\"@type\":\"ImageObject\",\"inLanguage\":\"tr\",\"@id\":\"https:\/\/www.sinavkolej.com\/fatih\/the-okul\/#primaryimage\",\"url\":\"https:\/\/www.sinavkolej.com\/fatih\/wp-content\/uploads\/2023\/10\/1_CXyQLKSLOqYH7dZ1gq7cRQ.jpg\",\"contentUrl\":\"https:\/\/www.sinavkolej.com\/fatih\/wp-content\/uploads\/2023\/10\/1_CXyQLKSLOqYH7dZ1gq7cRQ.jpg\",\"width\":1400,\"height\":788,\"caption\":\"S\u0131nav Fatih Kurs\"},{\"@type\":\"BreadcrumbList\",\"@id\":\"https:\/\/www.sinavkolej.com\/fatih\/the-okul\/#breadcrumb\",\"itemListElement\":[{\"@type\":\"ListItem\",\"position\":1,\"name\":\"Anasayfa\",\"item\":\"https:\/\/www.sinavkolej.com\/fatih\/\"},{\"@type\":\"ListItem\",\"position\":2,\"name\":\"The Okul\"}]},{\"@type\":\"WebSite\",\"@id\":\"https:\/\/www.sinavkolej.com\/fatih\/#website\",\"url\":\"https:\/\/www.sinavkolej.com\/fatih\/\",\"name\":\"Fatih S\u0131nav Kurs\",\"description\":\"Fatih S\u0131nav Kurs\",\"publisher\":{\"@id\":\"https:\/\/www.sinavkolej.com\/fatih\/#organization\"},\"potentialAction\":[{\"@type\":\"SearchAction\",\"target\":{\"@type\":\"EntryPoint\",\"urlTemplate\":\"https:\/\/www.sinavkolej.com\/fatih\/?s={search_term_string}\"},\"query-input\":\"required name=search_term_string\"}],\"inLanguage\":\"tr\"},{\"@type\":\"Organization\",\"@id\":\"https:\/\/www.sinavkolej.com\/fatih\/#organization\",\"name\":\"Fatih S\u0131nav Kurs\",\"url\":\"https:\/\/www.sinavkolej.com\/fatih\/\",\"logo\":{\"@type\":\"ImageObject\",\"inLanguage\":\"tr\",\"@id\":\"https:\/\/www.sinavkolej.com\/fatih\/#\/schema\/logo\/image\/\",\"url\":\"https:\/\/www.sinavkolej.com\/fatih\/wp-content\/uploads\/2023\/10\/antalya-serik-sinav-koleji-2621-5-1.png\",\"contentUrl\":\"https:\/\/www.sinavkolej.com\/fatih\/wp-content\/uploads\/2023\/10\/antalya-serik-sinav-koleji-2621-5-1.png\",\"width\":2244,\"height\":632,\"caption\":\"Fatih S\u0131nav Kurs\"},\"image\":{\"@id\":\"https:\/\/www.sinavkolej.com\/fatih\/#\/schema\/logo\/image\/\"}}]}<\/script>\n<!-- \/ Yoast SEO plugin. -->","yoast_head_json":{"title":"The Okul Fatih S\u0131nav Kurs - Modern E\u011fitim, \u00d6zel Okul, Uluslararas\u0131 E\u011fitim","description":"S\u0131nav Fatih Koleji ile gelece\u011fe emin ad\u0131mlar ataca\u011f\u0131n\u0131z bir e\u011fitim gen\u00e7lerimizi bekliyor...","robots":{"index":"index","follow":"follow","max-snippet":"max-snippet:-1","max-image-preview":"max-image-preview:large","max-video-preview":"max-video-preview:-1"},"canonical":"https:\/\/www.sinavkolej.com\/fatih\/the-okul\/","og_locale":"tr_TR","og_type":"article","og_title":"The Okul Fatih S\u0131nav Kurs - Modern E\u011fitim, \u00d6zel Okul, Uluslararas\u0131 E\u011fitim","og_description":"S\u0131nav Fatih Koleji ile gelece\u011fe emin ad\u0131mlar ataca\u011f\u0131n\u0131z bir e\u011fitim gen\u00e7lerimizi bekliyor...","og_url":"https:\/\/www.sinavkolej.com\/fatih\/the-okul\/","og_site_name":"Fatih S\u0131nav Kurs","article_modified_time":"2024-04-04T07:28:11+00:00","og_image":[{"url":"https:\/\/www.sinavkolej.com\/fatih\/wp-content\/uploads\/2023\/10\/1_CXyQLKSLOqYH7dZ1gq7cRQ.jpg"}],"twitter_card":"summary_large_image","twitter_misc":{"Tahmini okuma s\u00fcresi":"1 dakika"},"schema":{"@context":"https:\/\/schema.org","@graph":[{"@type":"WebPage","@id":"https:\/\/www.sinavkolej.com\/fatih\/the-okul\/","url":"https:\/\/www.sinavkolej.com\/fatih\/the-okul\/","name":"The Okul Fatih S\u0131nav Kurs - Modern E\u011fitim, \u00d6zel Okul, Uluslararas\u0131 E\u011fitim","isPartOf":{"@id":"https:\/\/www.sinavkolej.com\/fatih\/#website"},"primaryImageOfPage":{"@id":"https:\/\/www.sinavkolej.com\/fatih\/the-okul\/#primaryimage"},"image":{"@id":"https:\/\/www.sinavkolej.com\/fatih\/the-okul\/#primaryimage"},"thumbnailUrl":"https:\/\/www.sinavkolej.com\/fatih\/wp-content\/uploads\/2023\/10\/1_CXyQLKSLOqYH7dZ1gq7cRQ.jpg","datePublished":"2023-10-24T13:00:24+00:00","dateModified":"2024-04-04T07:28:11+00:00","description":"S\u0131nav Fatih Koleji ile gelece\u011fe emin ad\u0131mlar ataca\u011f\u0131n\u0131z bir e\u011fitim gen\u00e7lerimizi bekliyor...","breadcrumb":{"@id":"https:\/\/www.sinavkolej.com\/fatih\/the-okul\/#breadcrumb"},"inLanguage":"tr","potentialAction":[{"@type":"ReadAction","target":["https:\/\/www.sinavkolej.com\/fatih\/the-okul\/"]}]},{"@type":"ImageObject","inLanguage":"tr","@id":"https:\/\/www.sinavkolej.com\/fatih\/the-okul\/#primaryimage","url":"https:\/\/www.sinavkolej.com\/fatih\/wp-content\/uploads\/2023\/10\/1_CXyQLKSLOqYH7dZ1gq7cRQ.jpg","contentUrl":"https:\/\/www.sinavkolej.com\/fatih\/wp-content\/uploads\/2023\/10\/1_CXyQLKSLOqYH7dZ1gq7cRQ.jpg","width":1400,"height":788,"caption":"S\u0131nav Fatih Kurs"},{"@type":"BreadcrumbList","@id":"https:\/\/www.sinavkolej.com\/fatih\/the-okul\/#breadcrumb","itemListElement":[{"@type":"ListItem","position":1,"name":"Anasayfa","item":"https:\/\/www.sinavkolej.com\/fatih\/"},{"@type":"ListItem","position":2,"name":"The Okul"}]},{"@type":"WebSite","@id":"https:\/\/www.sinavkolej.com\/fatih\/#website","url":"https:\/\/www.sinavkolej.com\/fatih\/","name":"Fatih S\u0131nav Kurs","description":"Fatih S\u0131nav Kurs","publisher":{"@id":"https:\/\/www.sinavkolej.com\/fatih\/#organization"},"potentialAction":[{"@type":"SearchAction","target":{"@type":"EntryPoint","urlTemplate":"https:\/\/www.sinavkolej.com\/fatih\/?s={search_term_string}"},"query-input":"required name=search_term_string"}],"inLanguage":"tr"},{"@type":"Organization","@id":"https:\/\/www.sinavkolej.com\/fatih\/#organization","name":"Fatih S\u0131nav Kurs","url":"https:\/\/www.sinavkolej.com\/fatih\/","logo":{"@type":"ImageObject","inLanguage":"tr","@id":"https:\/\/www.sinavkolej.com\/fatih\/#\/schema\/logo\/image\/","url":"https:\/\/www.sinavkolej.com\/fatih\/wp-content\/uploads\/2023\/10\/antalya-serik-sinav-koleji-2621-5-1.png","contentUrl":"https:\/\/www.sinavkolej.com\/fatih\/wp-content\/uploads\/2023\/10\/antalya-serik-sinav-koleji-2621-5-1.png","width":2244,"height":632,"caption":"Fatih S\u0131nav Kurs"},"image":{"@id":"https:\/\/www.sinavkolej.com\/fatih\/#\/schema\/logo\/image\/"}}]}},"_links":{"self":[{"href":"https:\/\/www.sinavkolej.com\/fatih\/wp-json\/wp\/v2\/pages\/4162","targetHints":{"allow":["GET"]}}],"collection":[{"href":"https:\/\/www.sinavkolej.com\/fatih\/wp-json\/wp\/v2\/pages"}],"about":[{"href":"https:\/\/www.sinavkolej.com\/fatih\/wp-json\/wp\/v2\/types\/page"}],"author":[{"embeddable":true,"href":"https:\/\/www.sinavkolej.com\/fatih\/wp-json\/wp\/v2\/users\/1"}],"replies":[{"embeddable":true,"href":"https:\/\/www.sinavkolej.com\/fatih\/wp-json\/wp\/v2\/comments?post=4162"}],"version-history":[{"count":4,"href":"https:\/\/www.sinavkolej.com\/fatih\/wp-json\/wp\/v2\/pages\/4162\/revisions"}],"predecessor-version":[{"id":4167,"href":"https:\/\/www.sinavkolej.com\/fatih\/wp-json\/wp\/v2\/pages\/4162\/revisions\/4167"}],"wp:attachment":[{"href":"https:\/\/www.sinavkolej.com\/fatih\/wp-json\/wp\/v2\/media?parent=4162"}],"curies":[{"name":"wp","href":"https:\/\/api.w.org\/{rel}","templated":true}]}}