{"id":4183,"date":"2023-10-24T13:17:21","date_gmt":"2023-10-24T13:17:21","guid":{"rendered":"https:\/\/www.sinavkolej.com\/fatih\/?page_id=4183"},"modified":"2024-04-04T07:36:08","modified_gmt":"2024-04-04T07:36:08","slug":"sinav-okulu-konsepti","status":"publish","type":"page","link":"https:\/\/www.sinavkolej.com\/fatih\/sinav-okulu-konsepti\/","title":{"rendered":"S\u0131nav Okulu Konsepti"},"content":{"rendered":"\t\t<div data-elementor-type=\"wp-page\" data-elementor-id=\"4183\" class=\"elementor elementor-4183\">\n\t\t\t\t\t\t<section class=\"elementor-section elementor-top-section elementor-element elementor-element-b63540a elementor-section-boxed elementor-section-height-default elementor-section-height-default\" data-id=\"b63540a\" data-element_type=\"section\">\n\t\t\t\t\t\t<div class=\"elementor-container elementor-column-gap-no\">\n\t\t\t\t\t<div class=\"elementor-column elementor-col-100 elementor-top-column elementor-element elementor-element-2b37718\" data-id=\"2b37718\" data-element_type=\"column\">\n\t\t\t<div class=\"elementor-widget-wrap elementor-element-populated\">\n\t\t\t\t\t\t<section class=\"elementor-section elementor-inner-section elementor-element elementor-element-e3ffe3f elementor-section-boxed elementor-section-height-default elementor-section-height-default\" data-id=\"e3ffe3f\" data-element_type=\"section\">\n\t\t\t\t\t\t<div class=\"elementor-container elementor-column-gap-no\">\n\t\t\t\t\t<div class=\"elementor-column elementor-col-100 elementor-inner-column elementor-element elementor-element-90fb08b\" data-id=\"90fb08b\" data-element_type=\"column\">\n\t\t\t<div class=\"elementor-widget-wrap elementor-element-populated\">\n\t\t\t\t\r\n\r\n\t\t<div class=\"elementor-element elementor-element-cf29924 elementor-widget elementor-widget-image\" data-id=\"cf29924\" data-element_type=\"widget\" data-widget_type=\"image.default\">\n\t\t\t\t<div class=\"elementor-widget-container\">\n\t\t\t<style>\/*! elementor - v3.22.0 - 26-06-2024 *\/\n.elementor-widget-image{text-align:center}.elementor-widget-image a{display:inline-block}.elementor-widget-image a img[src$=\".svg\"]{width:48px}.elementor-widget-image img{vertical-align:middle;display:inline-block}<\/style>\t\t\t\t\t\t\t\t\t\t<img fetchpriority=\"high\" decoding=\"async\" width=\"770\" height=\"513\" src=\"https:\/\/www.sinavkolej.com\/fatih\/wp-content\/uploads\/2023\/10\/cropped-nJHZJvqa_cover-1.jpg\" class=\"attachment-full size-full wp-image-4185\" alt=\"S\u0131nav Fatih Kurs\" srcset=\"https:\/\/www.sinavkolej.com\/fatih\/wp-content\/uploads\/2023\/10\/cropped-nJHZJvqa_cover-1.jpg 770w, https:\/\/www.sinavkolej.com\/fatih\/wp-content\/uploads\/2023\/10\/cropped-nJHZJvqa_cover-1-300x200.jpg 300w, https:\/\/www.sinavkolej.com\/fatih\/wp-content\/uploads\/2023\/10\/cropped-nJHZJvqa_cover-1-768x512.jpg 768w\" sizes=\"(max-width: 770px) 100vw, 770px\" \/>\t\t\t\t\t\t\t\t\t\t\t\t\t<\/div>\n\t\t\t\t<\/div>\n\t\t\t\t<div class=\"elementor-element elementor-element-2148a4c elementor-widget elementor-widget-heading\" data-id=\"2148a4c\" data-element_type=\"widget\" data-widget_type=\"heading.default\">\n\t\t\t\t<div class=\"elementor-widget-container\">\n\t\t\t<style>\/*! elementor - v3.22.0 - 26-06-2024 *\/\n.elementor-heading-title{padding:0;margin:0;line-height:1}.elementor-widget-heading .elementor-heading-title[class*=elementor-size-]>a{color:inherit;font-size:inherit;line-height:inherit}.elementor-widget-heading .elementor-heading-title.elementor-size-small{font-size:15px}.elementor-widget-heading .elementor-heading-title.elementor-size-medium{font-size:19px}.elementor-widget-heading .elementor-heading-title.elementor-size-large{font-size:29px}.elementor-widget-heading .elementor-heading-title.elementor-size-xl{font-size:39px}.elementor-widget-heading .elementor-heading-title.elementor-size-xxl{font-size:59px}<\/style><h3 class=\"elementor-heading-title elementor-size-default\">S\u0131nav Okulu Konsepti<\/h3>\t\t<\/div>\n\t\t\t\t<\/div>\n\t\t\t\t<div class=\"elementor-element elementor-element-154bc68 elementor-widget elementor-widget-text-editor\" data-id=\"154bc68\" data-element_type=\"widget\" data-widget_type=\"text-editor.default\">\n\t\t\t\t<div class=\"elementor-widget-container\">\n\t\t\t<style>\/*! elementor - v3.22.0 - 26-06-2024 *\/\n.elementor-widget-text-editor.elementor-drop-cap-view-stacked .elementor-drop-cap{background-color:#69727d;color:#fff}.elementor-widget-text-editor.elementor-drop-cap-view-framed .elementor-drop-cap{color:#69727d;border:3px solid;background-color:transparent}.elementor-widget-text-editor:not(.elementor-drop-cap-view-default) .elementor-drop-cap{margin-top:8px}.elementor-widget-text-editor:not(.elementor-drop-cap-view-default) .elementor-drop-cap-letter{width:1em;height:1em}.elementor-widget-text-editor .elementor-drop-cap{float:left;text-align:center;line-height:1;font-size:50px}.elementor-widget-text-editor .elementor-drop-cap-letter{display:inline-block}<\/style>\t\t\t\t<p>T\u00fcrkiye\u2019nin en k\u00f6kl\u00fc dershanecilik zincirini kuran ve 25 y\u0131l\u0131 a\u015fk\u0131n s\u00fcrede olu\u015fan s\u0131navlara haz\u0131rl\u0131k birikimini okul ortam\u0131na ta\u015f\u0131yan S\u0131nav Kolejlerinde;<\/p><p>&gt;\u00d6\u011frencilerimiz s\u0131navlara haz\u0131rlan\u0131rken okul d\u0131\u015f\u0131nda ba\u015fka bir kurumdan destek almaya ihtiya\u00e7 duymamaktad\u0131r.<\/p><p>&gt;Akademik destek amac\u0131yla uygulanan kurs programlar\u0131yla s\u0131navlara haz\u0131rl\u0131\u011f\u0131n yan\u0131 s\u0131ra birebir et\u00fct, ek ders, \u00e7izgi alt\u0131 \u00f6dev takibi ve eksik tamamlama \u00e7al\u0131\u015fmalar\u0131 titizlikle y\u00fcr\u00fct\u00fclmektedir.<\/p><p>&gt;\u00d6zellikle s\u0131nav gruplar\u0131 i\u00e7in (8. ve 12. S\u0131n\u0131flar) yo\u011fun kurs program\u0131 uygulanmaktad\u0131r.<\/p><p>&gt;\u00d6\u011frencilerimiz S\u0131nav yay\u0131nlar\u0131n\u0131n sadece kendi kurumlar\u0131 i\u00e7in \u00f6zel olarak haz\u0131rlad\u0131\u011f\u0131 \u00fccretsiz kitap, dergi, test vb. t\u00fcm dok\u00fcmanlar\u0131n\u0131 kullanabilmektedir.<\/p><p>&gt;S\u0131nav gruplar\u0131nda her hafta, di\u011fer s\u0131n\u0131flarda ise belirli aral\u0131klarda deneme s\u0131navlar\u0131 yap\u0131larak, s\u0131navlar\u0131n analizleri \u00f6\u011fretmen, veli ve \u00f6\u011frencilerle payla\u015f\u0131lmaktad\u0131r.<\/p><p>Okul-kurs birlikteli\u011fiyle velilerimiz okul d\u0131\u015f\u0131nda ba\u015fka bir kuruma b\u00fct\u00e7e ay\u0131rmak k\u00fclfetinden kurtuluyor. \u00d6\u011frencilerimiz ise okul ortam\u0131nda s\u0131navlara haz\u0131rl\u0131k s\u00fcrecinde ihtiya\u00e7 duyduklar\u0131 her t\u00fcrl\u00fc bilgi ve dok\u00fcmana ula\u015fabiliyor.<\/p>\t\t\t\t\t\t<\/div>\n\t\t\t\t<\/div>\n\t\t\t\t\t<\/div>\n\t\t<\/div>\n\t\t\t\t\t<\/div>\n\t\t<\/section>\n\t\t\t\t\t<\/div>\n\t\t<\/div>\n\t\t\t\t\t<\/div>\n\t\t<\/section>\n\t\t\t\t<\/div>\n\t\t","protected":false},"excerpt":{"rendered":"<p>S\u0131nav Okulu Konsepti T\u00fcrkiye\u2019nin en k\u00f6kl\u00fc dershanecilik zincirini kuran ve 25 y\u0131l\u0131 a\u015fk\u0131n s\u00fcrede olu\u015fan s\u0131navlara haz\u0131rl\u0131k birikimini okul ortam\u0131na ta\u015f\u0131yan S\u0131nav Kolejlerinde; &gt;\u00d6\u011frencilerimiz s\u0131navlara haz\u0131rlan\u0131rken okul d\u0131\u015f\u0131nda ba\u015fka bir kurumdan destek almaya ihtiya\u00e7 duymamaktad\u0131r. &gt;Akademik destek amac\u0131yla uygulanan kurs programlar\u0131yla s\u0131navlara haz\u0131rl\u0131\u011f\u0131n yan\u0131 s\u0131ra birebir et\u00fct, ek ders, \u00e7izgi alt\u0131 \u00f6dev takibi ve eksik&#8230;<\/p>\n","protected":false},"author":1,"featured_media":0,"parent":0,"menu_order":0,"comment_status":"closed","ping_status":"closed","template":"template-builder.php","meta":{"footnotes":""},"class_list":["post-4183","page","type-page","status-publish","hentry"],"yoast_head":"<!-- This site is optimized with the Yoast SEO plugin v23.0 - https:\/\/yoast.com\/wordpress\/plugins\/seo\/ -->\n<title>S\u0131nav Okulu Konsepti Fatih S\u0131nav Kurs - Modern E\u011fitim, \u00d6zel Okul, Uluslararas\u0131 E\u011fitim, S\u0131nav Konsepti<\/title>\n<meta name=\"description\" content=\"S\u0131nav Fatih Koleji ile gelece\u011fe emin ad\u0131mlar ataca\u011f\u0131n\u0131z bir e\u011fitim gen\u00e7lerimizi bekliyor...\" \/>\n<meta name=\"robots\" content=\"index, follow, max-snippet:-1, max-image-preview:large, max-video-preview:-1\" \/>\n<link rel=\"canonical\" href=\"https:\/\/www.sinavkolej.com\/fatih\/sinav-okulu-konsepti\/\" \/>\n<meta property=\"og:locale\" content=\"tr_TR\" \/>\n<meta property=\"og:type\" content=\"article\" \/>\n<meta property=\"og:title\" content=\"S\u0131nav Okulu Konsepti Fatih S\u0131nav Kurs - Modern E\u011fitim, \u00d6zel Okul, Uluslararas\u0131 E\u011fitim, S\u0131nav Konsepti\" \/>\n<meta property=\"og:description\" content=\"S\u0131nav Fatih Koleji ile gelece\u011fe emin ad\u0131mlar ataca\u011f\u0131n\u0131z bir e\u011fitim gen\u00e7lerimizi bekliyor...\" \/>\n<meta property=\"og:url\" content=\"https:\/\/www.sinavkolej.com\/fatih\/sinav-okulu-konsepti\/\" \/>\n<meta property=\"og:site_name\" content=\"Fatih S\u0131nav Kurs\" \/>\n<meta property=\"article:modified_time\" content=\"2024-04-04T07:36:08+00:00\" \/>\n<meta property=\"og:image\" content=\"https:\/\/www.sinavkolej.com\/fatih\/wp-content\/uploads\/2023\/10\/cropped-nJHZJvqa_cover-1.jpg\" \/>\n<meta name=\"twitter:card\" content=\"summary_large_image\" \/>\n<meta name=\"twitter:label1\" content=\"Tahmini okuma s\u00fcresi\" \/>\n\t<meta name=\"twitter:data1\" content=\"2 dakika\" \/>\n<script type=\"application\/ld+json\" class=\"yoast-schema-graph\">{\"@context\":\"https:\/\/schema.org\",\"@graph\":[{\"@type\":\"WebPage\",\"@id\":\"https:\/\/www.sinavkolej.com\/fatih\/sinav-okulu-konsepti\/\",\"url\":\"https:\/\/www.sinavkolej.com\/fatih\/sinav-okulu-konsepti\/\",\"name\":\"S\u0131nav Okulu Konsepti Fatih S\u0131nav Kurs - Modern E\u011fitim, \u00d6zel Okul, Uluslararas\u0131 E\u011fitim, S\u0131nav Konsepti\",\"isPartOf\":{\"@id\":\"https:\/\/www.sinavkolej.com\/fatih\/#website\"},\"primaryImageOfPage\":{\"@id\":\"https:\/\/www.sinavkolej.com\/fatih\/sinav-okulu-konsepti\/#primaryimage\"},\"image\":{\"@id\":\"https:\/\/www.sinavkolej.com\/fatih\/sinav-okulu-konsepti\/#primaryimage\"},\"thumbnailUrl\":\"https:\/\/www.sinavkolej.com\/fatih\/wp-content\/uploads\/2023\/10\/cropped-nJHZJvqa_cover-1.jpg\",\"datePublished\":\"2023-10-24T13:17:21+00:00\",\"dateModified\":\"2024-04-04T07:36:08+00:00\",\"description\":\"S\u0131nav Fatih Koleji ile gelece\u011fe emin ad\u0131mlar ataca\u011f\u0131n\u0131z bir e\u011fitim gen\u00e7lerimizi bekliyor...\",\"breadcrumb\":{\"@id\":\"https:\/\/www.sinavkolej.com\/fatih\/sinav-okulu-konsepti\/#breadcrumb\"},\"inLanguage\":\"tr\",\"potentialAction\":[{\"@type\":\"ReadAction\",\"target\":[\"https:\/\/www.sinavkolej.com\/fatih\/sinav-okulu-konsepti\/\"]}]},{\"@type\":\"ImageObject\",\"inLanguage\":\"tr\",\"@id\":\"https:\/\/www.sinavkolej.com\/fatih\/sinav-okulu-konsepti\/#primaryimage\",\"url\":\"https:\/\/www.sinavkolej.com\/fatih\/wp-content\/uploads\/2023\/10\/cropped-nJHZJvqa_cover-1.jpg\",\"contentUrl\":\"https:\/\/www.sinavkolej.com\/fatih\/wp-content\/uploads\/2023\/10\/cropped-nJHZJvqa_cover-1.jpg\",\"width\":770,\"height\":513,\"caption\":\"S\u0131nav Fatih Kurs\"},{\"@type\":\"BreadcrumbList\",\"@id\":\"https:\/\/www.sinavkolej.com\/fatih\/sinav-okulu-konsepti\/#breadcrumb\",\"itemListElement\":[{\"@type\":\"ListItem\",\"position\":1,\"name\":\"Anasayfa\",\"item\":\"https:\/\/www.sinavkolej.com\/fatih\/\"},{\"@type\":\"ListItem\",\"position\":2,\"name\":\"S\u0131nav Okulu Konsepti\"}]},{\"@type\":\"WebSite\",\"@id\":\"https:\/\/www.sinavkolej.com\/fatih\/#website\",\"url\":\"https:\/\/www.sinavkolej.com\/fatih\/\",\"name\":\"Fatih S\u0131nav Kurs\",\"description\":\"Fatih S\u0131nav Kurs\",\"publisher\":{\"@id\":\"https:\/\/www.sinavkolej.com\/fatih\/#organization\"},\"potentialAction\":[{\"@type\":\"SearchAction\",\"target\":{\"@type\":\"EntryPoint\",\"urlTemplate\":\"https:\/\/www.sinavkolej.com\/fatih\/?s={search_term_string}\"},\"query-input\":\"required name=search_term_string\"}],\"inLanguage\":\"tr\"},{\"@type\":\"Organization\",\"@id\":\"https:\/\/www.sinavkolej.com\/fatih\/#organization\",\"name\":\"Fatih S\u0131nav Kurs\",\"url\":\"https:\/\/www.sinavkolej.com\/fatih\/\",\"logo\":{\"@type\":\"ImageObject\",\"inLanguage\":\"tr\",\"@id\":\"https:\/\/www.sinavkolej.com\/fatih\/#\/schema\/logo\/image\/\",\"url\":\"https:\/\/www.sinavkolej.com\/fatih\/wp-content\/uploads\/2023\/10\/antalya-serik-sinav-koleji-2621-5-1.png\",\"contentUrl\":\"https:\/\/www.sinavkolej.com\/fatih\/wp-content\/uploads\/2023\/10\/antalya-serik-sinav-koleji-2621-5-1.png\",\"width\":2244,\"height\":632,\"caption\":\"Fatih S\u0131nav Kurs\"},\"image\":{\"@id\":\"https:\/\/www.sinavkolej.com\/fatih\/#\/schema\/logo\/image\/\"}}]}<\/script>\n<!-- \/ Yoast SEO plugin. -->","yoast_head_json":{"title":"S\u0131nav Okulu Konsepti Fatih S\u0131nav Kurs - Modern E\u011fitim, \u00d6zel Okul, Uluslararas\u0131 E\u011fitim, S\u0131nav Konsepti","description":"S\u0131nav Fatih Koleji ile gelece\u011fe emin ad\u0131mlar ataca\u011f\u0131n\u0131z bir e\u011fitim gen\u00e7lerimizi bekliyor...","robots":{"index":"index","follow":"follow","max-snippet":"max-snippet:-1","max-image-preview":"max-image-preview:large","max-video-preview":"max-video-preview:-1"},"canonical":"https:\/\/www.sinavkolej.com\/fatih\/sinav-okulu-konsepti\/","og_locale":"tr_TR","og_type":"article","og_title":"S\u0131nav Okulu Konsepti Fatih S\u0131nav Kurs - Modern E\u011fitim, \u00d6zel Okul, Uluslararas\u0131 E\u011fitim, S\u0131nav Konsepti","og_description":"S\u0131nav Fatih Koleji ile gelece\u011fe emin ad\u0131mlar ataca\u011f\u0131n\u0131z bir e\u011fitim gen\u00e7lerimizi bekliyor...","og_url":"https:\/\/www.sinavkolej.com\/fatih\/sinav-okulu-konsepti\/","og_site_name":"Fatih S\u0131nav Kurs","article_modified_time":"2024-04-04T07:36:08+00:00","og_image":[{"url":"https:\/\/www.sinavkolej.com\/fatih\/wp-content\/uploads\/2023\/10\/cropped-nJHZJvqa_cover-1.jpg"}],"twitter_card":"summary_large_image","twitter_misc":{"Tahmini okuma s\u00fcresi":"2 dakika"},"schema":{"@context":"https:\/\/schema.org","@graph":[{"@type":"WebPage","@id":"https:\/\/www.sinavkolej.com\/fatih\/sinav-okulu-konsepti\/","url":"https:\/\/www.sinavkolej.com\/fatih\/sinav-okulu-konsepti\/","name":"S\u0131nav Okulu Konsepti Fatih S\u0131nav Kurs - Modern E\u011fitim, \u00d6zel Okul, Uluslararas\u0131 E\u011fitim, S\u0131nav Konsepti","isPartOf":{"@id":"https:\/\/www.sinavkolej.com\/fatih\/#website"},"primaryImageOfPage":{"@id":"https:\/\/www.sinavkolej.com\/fatih\/sinav-okulu-konsepti\/#primaryimage"},"image":{"@id":"https:\/\/www.sinavkolej.com\/fatih\/sinav-okulu-konsepti\/#primaryimage"},"thumbnailUrl":"https:\/\/www.sinavkolej.com\/fatih\/wp-content\/uploads\/2023\/10\/cropped-nJHZJvqa_cover-1.jpg","datePublished":"2023-10-24T13:17:21+00:00","dateModified":"2024-04-04T07:36:08+00:00","description":"S\u0131nav Fatih Koleji ile gelece\u011fe emin ad\u0131mlar ataca\u011f\u0131n\u0131z bir e\u011fitim gen\u00e7lerimizi bekliyor...","breadcrumb":{"@id":"https:\/\/www.sinavkolej.com\/fatih\/sinav-okulu-konsepti\/#breadcrumb"},"inLanguage":"tr","potentialAction":[{"@type":"ReadAction","target":["https:\/\/www.sinavkolej.com\/fatih\/sinav-okulu-konsepti\/"]}]},{"@type":"ImageObject","inLanguage":"tr","@id":"https:\/\/www.sinavkolej.com\/fatih\/sinav-okulu-konsepti\/#primaryimage","url":"https:\/\/www.sinavkolej.com\/fatih\/wp-content\/uploads\/2023\/10\/cropped-nJHZJvqa_cover-1.jpg","contentUrl":"https:\/\/www.sinavkolej.com\/fatih\/wp-content\/uploads\/2023\/10\/cropped-nJHZJvqa_cover-1.jpg","width":770,"height":513,"caption":"S\u0131nav Fatih Kurs"},{"@type":"BreadcrumbList","@id":"https:\/\/www.sinavkolej.com\/fatih\/sinav-okulu-konsepti\/#breadcrumb","itemListElement":[{"@type":"ListItem","position":1,"name":"Anasayfa","item":"https:\/\/www.sinavkolej.com\/fatih\/"},{"@type":"ListItem","position":2,"name":"S\u0131nav Okulu Konsepti"}]},{"@type":"WebSite","@id":"https:\/\/www.sinavkolej.com\/fatih\/#website","url":"https:\/\/www.sinavkolej.com\/fatih\/","name":"Fatih S\u0131nav Kurs","description":"Fatih S\u0131nav Kurs","publisher":{"@id":"https:\/\/www.sinavkolej.com\/fatih\/#organization"},"potentialAction":[{"@type":"SearchAction","target":{"@type":"EntryPoint","urlTemplate":"https:\/\/www.sinavkolej.com\/fatih\/?s={search_term_string}"},"query-input":"required name=search_term_string"}],"inLanguage":"tr"},{"@type":"Organization","@id":"https:\/\/www.sinavkolej.com\/fatih\/#organization","name":"Fatih S\u0131nav Kurs","url":"https:\/\/www.sinavkolej.com\/fatih\/","logo":{"@type":"ImageObject","inLanguage":"tr","@id":"https:\/\/www.sinavkolej.com\/fatih\/#\/schema\/logo\/image\/","url":"https:\/\/www.sinavkolej.com\/fatih\/wp-content\/uploads\/2023\/10\/antalya-serik-sinav-koleji-2621-5-1.png","contentUrl":"https:\/\/www.sinavkolej.com\/fatih\/wp-content\/uploads\/2023\/10\/antalya-serik-sinav-koleji-2621-5-1.png","width":2244,"height":632,"caption":"Fatih S\u0131nav Kurs"},"image":{"@id":"https:\/\/www.sinavkolej.com\/fatih\/#\/schema\/logo\/image\/"}}]}},"_links":{"self":[{"href":"https:\/\/www.sinavkolej.com\/fatih\/wp-json\/wp\/v2\/pages\/4183","targetHints":{"allow":["GET"]}}],"collection":[{"href":"https:\/\/www.sinavkolej.com\/fatih\/wp-json\/wp\/v2\/pages"}],"about":[{"href":"https:\/\/www.sinavkolej.com\/fatih\/wp-json\/wp\/v2\/types\/page"}],"author":[{"embeddable":true,"href":"https:\/\/www.sinavkolej.com\/fatih\/wp-json\/wp\/v2\/users\/1"}],"replies":[{"embeddable":true,"href":"https:\/\/www.sinavkolej.com\/fatih\/wp-json\/wp\/v2\/comments?post=4183"}],"version-history":[{"count":4,"href":"https:\/\/www.sinavkolej.com\/fatih\/wp-json\/wp\/v2\/pages\/4183\/revisions"}],"predecessor-version":[{"id":4188,"href":"https:\/\/www.sinavkolej.com\/fatih\/wp-json\/wp\/v2\/pages\/4183\/revisions\/4188"}],"wp:attachment":[{"href":"https:\/\/www.sinavkolej.com\/fatih\/wp-json\/wp\/v2\/media?parent=4183"}],"curies":[{"name":"wp","href":"https:\/\/api.w.org\/{rel}","templated":true}]}}