{"id":4260,"date":"2023-10-24T22:01:51","date_gmt":"2023-10-24T22:01:51","guid":{"rendered":"https:\/\/www.sinavkolej.com\/fatih\/?page_id=4260"},"modified":"2023-10-24T22:02:53","modified_gmt":"2023-10-24T22:02:53","slug":"kvkk","status":"publish","type":"page","link":"https:\/\/www.sinavkolej.com\/fatih\/kvkk\/","title":{"rendered":"KVKK"},"content":{"rendered":"\t\t<div data-elementor-type=\"wp-page\" data-elementor-id=\"4260\" class=\"elementor elementor-4260\">\n\t\t\t\t\t\t<section class=\"elementor-section elementor-top-section elementor-element elementor-element-b63540a elementor-section-boxed elementor-section-height-default elementor-section-height-default\" data-id=\"b63540a\" data-element_type=\"section\">\n\t\t\t\t\t\t<div class=\"elementor-container elementor-column-gap-no\">\n\t\t\t\t\t<div class=\"elementor-column elementor-col-100 elementor-top-column elementor-element elementor-element-2b37718\" data-id=\"2b37718\" data-element_type=\"column\">\n\t\t\t<div class=\"elementor-widget-wrap elementor-element-populated\">\n\t\t\t\t\t\t<section class=\"elementor-section elementor-inner-section elementor-element elementor-element-e3ffe3f elementor-section-boxed elementor-section-height-default elementor-section-height-default\" data-id=\"e3ffe3f\" data-element_type=\"section\">\n\t\t\t\t\t\t<div class=\"elementor-container elementor-column-gap-no\">\n\t\t\t\t\t<div class=\"elementor-column elementor-col-100 elementor-inner-column elementor-element elementor-element-90fb08b\" data-id=\"90fb08b\" data-element_type=\"column\">\n\t\t\t<div class=\"elementor-widget-wrap elementor-element-populated\">\n\t\t\t\t\r\n\r\n\t\t<div class=\"elementor-element elementor-element-2148a4c elementor-widget elementor-widget-heading\" data-id=\"2148a4c\" data-element_type=\"widget\" data-widget_type=\"heading.default\">\n\t\t\t\t<div class=\"elementor-widget-container\">\n\t\t\t<style>\/*! elementor - v3.22.0 - 26-06-2024 *\/\n.elementor-heading-title{padding:0;margin:0;line-height:1}.elementor-widget-heading .elementor-heading-title[class*=elementor-size-]>a{color:inherit;font-size:inherit;line-height:inherit}.elementor-widget-heading .elementor-heading-title.elementor-size-small{font-size:15px}.elementor-widget-heading .elementor-heading-title.elementor-size-medium{font-size:19px}.elementor-widget-heading .elementor-heading-title.elementor-size-large{font-size:29px}.elementor-widget-heading .elementor-heading-title.elementor-size-xl{font-size:39px}.elementor-widget-heading .elementor-heading-title.elementor-size-xxl{font-size:59px}<\/style><h3 class=\"elementor-heading-title elementor-size-default\">K\u0130\u015e\u0130SEL VER\u0130LER\u0130N KORUNMASI VE \u0130\u015eLENMES\u0130 HAKKINDA AYDINLATMA METN\u0130<\/h3>\t\t<\/div>\n\t\t\t\t<\/div>\n\t\t\t\t<div class=\"elementor-element elementor-element-154bc68 elementor-widget elementor-widget-text-editor\" data-id=\"154bc68\" data-element_type=\"widget\" data-widget_type=\"text-editor.default\">\n\t\t\t\t<div class=\"elementor-widget-container\">\n\t\t\t<style>\/*! elementor - v3.22.0 - 26-06-2024 *\/\n.elementor-widget-text-editor.elementor-drop-cap-view-stacked .elementor-drop-cap{background-color:#69727d;color:#fff}.elementor-widget-text-editor.elementor-drop-cap-view-framed .elementor-drop-cap{color:#69727d;border:3px solid;background-color:transparent}.elementor-widget-text-editor:not(.elementor-drop-cap-view-default) .elementor-drop-cap{margin-top:8px}.elementor-widget-text-editor:not(.elementor-drop-cap-view-default) .elementor-drop-cap-letter{width:1em;height:1em}.elementor-widget-text-editor .elementor-drop-cap{float:left;text-align:center;line-height:1;font-size:50px}.elementor-widget-text-editor .elementor-drop-cap-letter{display:inline-block}<\/style>\t\t\t\t<p>SINAV BASIN YAYIN DA\u011eITIM ORG.SAN.VE T\u0130C.A.\u015e<\/p><p>K\u0130\u015e\u0130SEL VER\u0130LER\u0130N KORUNMASI VE \u0130\u015eLENMES\u0130 HAKKINDA AYDINLATMA METN\u0130<br \/>6698 say\u0131l\u0131 Ki\u015fisel Verilerin Korunmas\u0131 Kanunu (\u201cKVKK\u201d) h\u00fck\u00fcmleri gere\u011fi kimli\u011finizi belirli veya belirlenebilir k\u0131lan her t\u00fcrl\u00fc bilginiz, \u00f6zel nitelikli ki\u015fisel verileriniz de dahil olmak \u00fczere, Ki\u015fisel ve \u00d6zel Nitelikte Veri olarak a\u015fa\u011f\u0131daki kapsamda, Veri Sorumlusu s\u0131fat\u0131yla SINAV BASIN YAYIN DA\u011eITIM ORG.SAN.VE T\u0130C.A.\u015e taraf\u0131ndan i\u015flenmektedir.<\/p><p>\u201cKi\u015fisel Verilerinizin i\u015flenmesi\u201d kavram\u0131 yasal bir kavram olup, 6698 Say\u0131l\u0131 Yasada bu kavram; ki\u015fisel verilerin elde edilmesi, kaydedilmesi, depolanmas\u0131, muhafaza edilmesi, de\u011fi\u015ftirilmesi, yeniden d\u00fczenlenmesi, a\u00e7\u0131klanmas\u0131, aktar\u0131lmas\u0131, devral\u0131nmas\u0131, elde edilebilir hale getirilmesi, s\u0131n\u0131fland\u0131r\u0131lmas\u0131 ya da kullan\u0131lmas\u0131n\u0131n engellenmesi gibi veriler \u00fczerinde ger\u00e7ekle\u015ftirilen her t\u00fcrl\u00fc i\u015flemi ifade etmektedir. \u015eirketimiz ile \u00d6\u011frenci, \u00dcr\u00fcn veya Hizmet Alan Ki\u015fi, Tedarik\u00e7i Yetkilisi, Tedarik\u00e7i \u00c7al\u0131\u015fan\u0131, Potansiyel \u00dcr\u00fcn veya Hizmet Al\u0131c\u0131s\u0131, \u00c7al\u0131\u015fan, Ziyaret\u00e7i, \u00c7al\u0131\u015fan Aday\u0131, Hissedar\/Ortak, Veli \/ Vasi \/ Temsilci, S\u0131nav Aday\u0131 s\u0131fat\/lar\u0131 ile payla\u015ft\u0131\u011f\u0131n\u0131z ki\u015fisel verileriniz KVKK\u2019ya uygun \u015fekilde, faaliyet ve hizmet ama\u00e7lar\u0131m\u0131z ile ba\u011flant\u0131l\u0131 ve \u00f6l\u00e7\u00fcl\u00fc olarak i\u015flenebilecek, yurt i\u00e7i ve yurt d\u0131\u015f\u0131ndaki \u00fc\u00e7\u00fcnc\u00fc ki\u015filere aktar\u0131labilecek, saklanacak, profilleme veya ba\u015fkaca i\u015fimizle ilgili ticari ama\u00e7lar i\u00e7in kullan\u0131labilecek ve s\u0131n\u0131fland\u0131r\u0131labilecektir.<\/p><p>SINAV BASIN YAYIN DA\u011eITIM ORG.SAN.VE T\u0130C.A.\u015e olarak ki\u015fisel verilerinizin g\u00fcvenli\u011fine en \u00fcst d\u00fczeyde \u00f6nem veriyor, sizlere sundu\u011fumuz t\u00fcm \u00fcr\u00fcn ve hizmetlerimizde ki\u015fisel verilerinizin hukuka uygun olarak toplanmas\u0131, saklanmas\u0131, i\u015flenmesi, gerekmesi durumunda payla\u015f\u0131lmas\u0131 s\u0131ras\u0131nda gizlili\u011finizi korumak amac\u0131yla m\u00fcmk\u00fcn olan en \u00fcst seviyede g\u00fcvenlik tedbirlerini al\u0131yoruz. Bu bilgilendirme\/ayd\u0131nlatma metnini yay\u0131nlamaktaki amac\u0131m\u0131z; sizlerin memnuniyeti do\u011frultusunda, ki\u015fisel verilerinizin toplanma \u015fekilleri, i\u015flenme ama\u00e7lar\u0131, i\u015flemenin hukuki nedenleri ve yasal haklar\u0131n\u0131z konular\u0131nda sizleri en a\u00e7\u0131k \u015fekilde bilgilendirmektir. A\u015fa\u011f\u0131da ki\u015fisel verilerin korunmas\u0131 ve i\u015flenmesi konusunda \u00f6nem ta\u015f\u0131yan bilgiler ve kavramlar yer almakta olup bu kavramlar ile ayd\u0131nlanman\u0131z\u0131n tam olarak ger\u00e7ekle\u015fmesi hedeflenmektedir.<\/p><p>1. Veri Sorumlusunun Kimli\u011fi<br \/>6698 say\u0131l\u0131 Ki\u015fisel Verilerin Korunmas\u0131 Kanunu (6698 say\u0131l\u0131 Kanun) uyar\u0131nca veri sorumlusu: SINAV BASIN YAYIN DA\u011eITIM ORG.SAN.VE T\u0130C.A.\u015e Ki\u015fisel verileriniz, veri sorumlusu olan SINAV BASIN YAYIN DA\u011eITIM ORG.SAN.VE T\u0130C.A.\u015e taraf\u0131ndan a\u015fa\u011f\u0131da a\u00e7\u0131klanan kapsamda toplanacak ve i\u015flenebilecektir.<\/p><p>2. Ki\u015fisel Verilerin \u0130\u015flenme Amac\u0131<br \/>Ki\u015fisel verileriniz, Kanun\u2019a uygun olarak, Veri Sorumlusu taraf\u0131ndan sa\u011flanan hizmet ve Veri Sorumlusu\u2019nun ticari faaliyetlerine ba\u011fl\u0131 olarak de\u011fi\u015fkenlik g\u00f6sterebilmekle birlikte; otomatik ya da otomatik olmayan yollarla, s\u00f6zl\u00fc, yaz\u0131l\u0131 ya da elektronik olarak toplanabilecektir. Kanun\u2019un 5. ve 6. Maddelerinde belirtilen \u015fartlara ve ilgili t\u00fcm mevzuata uygun olarak, Veri Sorumlusu taraf\u0131ndan;\u2022 E\u011fitim Faaliyetlerinin Y\u00fcr\u00fct\u00fclmesi\u2022 \u0130leti\u015fim Faaliyetlerinin Y\u00fcr\u00fct\u00fclmesi\u2022 Mal \/ Hizmet \u00dcretim Ve Operasyon S\u00fcre\u00e7lerinin Y\u00fcr\u00fct\u00fclmesi\u2022 Finans Ve Muhasebe \u0130\u015flerinin Y\u00fcr\u00fct\u00fclmesi\u2022 Mal \/ Hizmet Sat\u0131n Al\u0131m S\u00fcre\u00e7lerinin Y\u00fcr\u00fct\u00fclmesi\u2022 Mal \/ Hizmet Sat\u0131\u015f Sonras\u0131 Destek Hizmetlerinin Y\u00fcr\u00fct\u00fclmesi\u2022 Mal \/ Hizmet Sat\u0131\u015f S\u00fcre\u00e7lerinin Y\u00fcr\u00fct\u00fclmesi\u2022 \u0130\u015f Faaliyetlerinin Y\u00fcr\u00fct\u00fclmesi \/ Denetimi\u2022 Organizasyon Ve Etkinlik Y\u00f6netimi\u2022 Sosyal Sorumluluk Ve Sivil Toplum Aktivitelerinin Y\u00fcr\u00fct\u00fclmesi\u2022 Acil Durum Y\u00f6netimi S\u00fcre\u00e7lerinin Y\u00fcr\u00fct\u00fclmesi\u2022 \u00c7al\u0131\u015fanlar \u0130\u00e7in Yan Haklar Ve Menfaatleri S\u00fcre\u00e7lerinin Y\u00fcr\u00fct\u00fclmesi\u2022 Ta\u015f\u0131n\u0131r Mal Ve Kaynaklar\u0131n G\u00fcvenli\u011finin Temini\u2022 Y\u00f6netim Faaliyetlerinin Y\u00fcr\u00fct\u00fclmesi\u2022 Di\u011fer-\u0130dareye Ait Mallar\u0131n Kayd\u0131 Muhafazas\u0131 ve Kullan\u0131m\u0131\u2022 Denetim \/ Etik Faaliyetlerinin Y\u00fcr\u00fct\u00fclmesi\u2022 Fiziksel Mekan G\u00fcvenli\u011finin Temini\u2022 Hukuk \u0130\u015flerinin Takibi Ve Y\u00fcr\u00fct\u00fclmesi\u2022 \u0130\u00e7 Denetim\/ Soru\u015fturma \/ \u0130stihbarat Faaliyetlerinin Y\u00fcr\u00fct\u00fclmesi\u2022 \u0130\u015f Sa\u011fl\u0131\u011f\u0131 \/ G\u00fcvenli\u011fi Faaliyetlerinin Y\u00fcr\u00fct\u00fclmesi\u2022 Saklama Ve Ar\u015fiv Faaliyetlerinin Y\u00fcr\u00fct\u00fclmesi\u2022 Talep \/ \u015eikayetlerin Takibi\u2022 Veri Sorumlusu Operasyonlar\u0131n\u0131n G\u00fcvenli\u011finin Temini\u2022 Ziyaret\u00e7i Kay\u0131tlar\u0131n\u0131n Olu\u015fturulmas\u0131 ve Takibi\u2022 Faaliyetlerin Mevzuata Uygun Y\u00fcr\u00fct\u00fclmesi\u2022 \u00c7al\u0131\u015fan Aday\u0131 \/ Stajyer \/ \u00d6\u011frenci Se\u00e7me Ve Yerle\u015ftirme S\u00fcre\u00e7lerinin Y\u00fcr\u00fct\u00fclmesi\u2022 Yetkili Ki\u015fi, Kurum Ve Kurulu\u015flara Bilgi Verilmesi\u2022 Bilgi G\u00fcvenli\u011fi S\u00fcre\u00e7lerinin Y\u00fcr\u00fct\u00fclmesi\u2022 Eri\u015fim Yetkilerinin Y\u00fcr\u00fct\u00fclmesi\u2022 G\u00f6revlendirme S\u00fcre\u00e7lerinin Y\u00fcr\u00fct\u00fclmesi\u2022 \u0130nsan Kaynaklar\u0131 S\u00fcre\u00e7lerinin Planlanmas\u0131\u2022 \u0130\u015f S\u00fcre\u00e7lerinin \u0130yile\u015ftirilmesine Y\u00f6nelik \u00d6nerilerin Al\u0131nmas\u0131 Ve De\u011ferlendirilmesi\u2022 \u00c7al\u0131\u015fanlar \u0130\u00e7in \u0130\u015f Akdi Ve Mevzuattan Kaynakl\u0131 Y\u00fck\u00fcml\u00fcl\u00fcklerin Yerine Getirilmesi\u2022 \u00c7al\u0131\u015fan Adaylar\u0131n\u0131n Ba\u015fvuru S\u00fcre\u00e7lerinin Y\u00fcr\u00fct\u00fclmesi\u2022 S\u00f6zle\u015fme S\u00fcre\u00e7lerinin Y\u00fcr\u00fct\u00fclmesi\u2022 \u0130\u015f S\u00fcreklili\u011finin Sa\u011flanmas\u0131 Faaliyetlerinin Y\u00fcr\u00fct\u00fclmesi ama\u00e7lar\u0131yla i\u015flenebilecektir. Ki\u015fisel verilerin i\u015flenmesinde a\u015fa\u011f\u0131daki ilkelere uyulmaktad\u0131r:\u2022 Hukuka ve d\u00fcr\u00fcstl\u00fck kurallar\u0131na uygunluk,\u2022 Do\u011fru ve gerekti\u011finde g\u00fcncel olma,\u2022 Belirli, a\u00e7\u0131k ve me\u015fru ama\u00e7lar i\u00e7in i\u015flenme,\u2022 \u0130\u015flendikleri ama\u00e7la ba\u011flant\u0131l\u0131, s\u0131n\u0131rl\u0131 ve \u00f6l\u00e7\u00fcl\u00fc olma,\u2022 \u0130lgili mevzuatta \u00f6ng\u00f6r\u00fclen veya i\u015flendikleri ama\u00e7 i\u00e7in gerekli olan s\u00fcre kadar muhafaza edilme.<\/p><p>3. Ki\u015fisel Verilerin Aktar\u0131lmas\u0131<br \/>Ki\u015fisel verileriniz; ilgili mevzuat s\u0131n\u0131rlar\u0131 dahilinde, yukar\u0131da belirtilen ama\u00e7lar\u0131n ger\u00e7ekle\u015ftirilmesi ve mevzuat\u0131n getirdi\u011fi y\u00fck\u00fcml\u00fcl\u00fcklerin yerine getirilmesi ile s\u0131n\u0131rl\u0131 olmak \u00fczere 6698 say\u0131l\u0131 Kanun\u2019un ki\u015fisel verilerin aktar\u0131lmas\u0131na ili\u015fkin 8. maddesi ve ki\u015fisel verilerin yurt d\u0131\u015f\u0131na aktar\u0131lmas\u0131na ili\u015fkin 9. maddesinde belirtilen ki\u015fisel veri i\u015fleme \u015fartlar\u0131 ve ama\u00e7lar\u0131 \u00e7er\u00e7evesinde aktar\u0131labilecektir. Yurti\u00e7inde \u0130lgili Ki\u015fi i\u00e7in Hizmet Sunumu, Yasal Y\u00fck\u00fcml\u00fcl\u00fck, Ticari Ama\u00e7, Operasyonel \u0130\u015flemler, \u0130dare Talebi, S\u00f6zle\u015fme, Mahkeme Emri sebeplerine dayan\u0131larak belirli gruplara aktar\u0131labilecektir. Yurti\u00e7i al\u0131c\u0131 gruplar\u0131; ger\u00e7ek ki\u015filer veya \u00f6zel hukuk t\u00fczel ki\u015fileri, tedarik\u00e7iler, yetkili kamu kurum ve kurulu\u015flar\u0131, i\u015ftirakler ve ba\u011fl\u0131 ortakl\u0131klar, di\u011fer-banka. Yurtd\u0131\u015f\u0131na aktar\u0131m yap\u0131lmamaktad\u0131r.<\/p><p>4. Ki\u015fisel Verilerin Toplama Y\u00f6ntemi ve Hukuki Sebebi<br \/>Taraf\u0131n\u0131za ait ki\u015fisel veriler, KVKK ve di\u011fer ilgili mevzuatlara ve SINAV BASIN YAYIN DA\u011eITIM ORG.SAN.VE T\u0130C.A.\u015e Ki\u015fisel Verilerin Korunmas\u0131 ve \u0130\u015flenmesi Politikas\u0131na uygun olarak \u015firketin yukar\u0131da belirtilen ama\u00e7lar\u0131n ger\u00e7ekle\u015ftirilmesi i\u00e7in a\u015fa\u011f\u0131da belirtilen toplama y\u00f6ntemleri kullan\u0131larak toplanmakta ve i\u015flenmektedir.\u2022 El yaz\u0131s\u0131\u2022 Ka\u011f\u0131t\u2022 Web Tabanl\u0131 Yaz\u0131l\u0131m\u2022 Yaz\u0131l\u0131m Program\u0131\u2022 K12 Yaz\u0131l\u0131m Sistemi\u2022 Foto\u011fraf Makinesi-Kamera\u2022 Bilgi Teknolojileri Veri Kay\u0131t Sistemi\u2022 Excel Program\u0131\u2022 Muhasebe Program\u0131 yukar\u0131da belirtilen i\u015fleme y\u00f6ntemleri ile s\u00f6zl\u00fc, yaz\u0131l\u0131 ya da elektronik olarak toplanan Ki\u015fisel Verileriniz KVKK m. 5 ve 6. H\u00fck\u00fcmlerine uygun olarak; Hukuki Y\u00fck\u00fcml\u00fcl\u00fc\u011f\u00fcn Yerine Getirilmesi, Kanunlarda \u00d6ng\u00f6r\u00fclmesi, Bir hakk\u0131n Tesisi, Kullan\u0131lmas\u0131 veya Korunmas\u0131, A\u00e7\u0131k R\u0131zan\u0131n Al\u0131nmas\u0131, Veri Sorumlusunun Me\u015fru Menfaatleri, S\u00f6zle\u015fme \u0130mzalanmas\u0131 hukuki sebeplerine dayan\u0131larak i\u015flenmektedir. Say\u0131lan bu y\u00f6ntemlerle toplanan ve i\u015flenen ki\u015fisel verileriniz 6698 say\u0131l\u0131 Kanun\u2019un 5. ve 6. maddelerinde belirtilen ki\u015fisel veri i\u015fleme \u015fartlar\u0131 ve ama\u00e7lar\u0131 kapsam\u0131nda bu Bilgilendirmede belirtilen ama\u00e7larla i\u015flenebilmekte ve aktar\u0131labilmektedir.<\/p><p>5. 6698 say\u0131l\u0131 Kanun\u2019un 11. maddesindeki d\u00fczenlemeye g\u00f6re Ki\u015fisel Veri Sahibi olarak 11. Maddede Say\u0131lan Haklar\u0131n\u0131z<br \/>\u2022 Ki\u015fisel verilerinizin i\u015flenip i\u015flenmedi\u011fini \u00f6\u011frenme,\u2022 Ki\u015fisel verileriniz i\u015flenmi\u015fse buna ili\u015fkin bilgi talep etme,\u2022 Ki\u015fisel verilerinizin i\u015flenme amac\u0131n\u0131 ve bunlar\u0131n amac\u0131na uygun kullan\u0131l\u0131p kullan\u0131lmad\u0131\u011f\u0131n\u0131 \u00f6\u011frenme,\u2022 Yurt i\u00e7inde veya yurt d\u0131\u015f\u0131nda ki\u015fisel verilerinizin aktar\u0131ld\u0131\u011f\u0131 \u00fc\u00e7\u00fcnc\u00fc ki\u015fileri bilme,\u2022 Ki\u015fisel verilerinizin eksik veya yanl\u0131\u015f i\u015flenmi\u015f olmas\u0131 halinde bunlar\u0131n d\u00fczeltilmesini isteme ve bu kapsamda yap\u0131lan i\u015flemin ki\u015fisel verilerinizin aktar\u0131ld\u0131\u011f\u0131 \u00fc\u00e7\u00fcnc\u00fc ki\u015filere bildirilmesini isteme,\u2022 6698 say\u0131l\u0131 Kanun ve ilgili di\u011fer kanun h\u00fck\u00fcmlerine uygun olarak i\u015flenmi\u015f olmas\u0131na ra\u011fmen, i\u015flenmesini gerektiren sebeplerin ortadan kalkmas\u0131 halinde ki\u015fisel verilerinizin silinmesini veya yok edilmesini isteme ve bu kapsamda yap\u0131lan i\u015flemin ki\u015fisel verilerinizin aktar\u0131ld\u0131\u011f\u0131 \u00fc\u00e7\u00fcnc\u00fc ki\u015filere bildirilmesini isteme,\u2022 \u0130\u015flenen verilerinizin m\u00fcnhas\u0131ran otomatik sistemler vas\u0131tas\u0131yla analiz edilmesi suretiyle aleyhine bir sonucun ortaya \u00e7\u0131kt\u0131\u011f\u0131n\u0131 d\u00fc\u015f\u00fcn\u00fcyorsan\u0131z buna itiraz etme,\u2022 Ki\u015fisel verilerinizin kanuna ayk\u0131r\u0131 olarak i\u015flenmesi sebebiyle zarara u\u011framan\u0131z halinde zarar\u0131n\u0131z\u0131n giderilmesini talep etmedir. Haklar\u0131n\u0131za ili\u015fkin taleplerinizi a\u015fa\u011f\u0131da belirtti\u011fimiz y\u00f6ntemlerle \u015firketimize iletmeniz durumunda \u015firketimiz, niteli\u011fine g\u00f6re talebi en k\u0131sa s\u00fcrede ve en ge\u00e7 otuz g\u00fcn i\u00e7inde \u00fccretsiz olarak sonu\u00e7land\u0131racakt\u0131r. Ancak, i\u015flemin ayr\u0131ca bir maliyet do\u011furmas\u0131 halinde, \u015firketimiz taraf\u0131ndan Ki\u015fisel Verileri Koruma Kurulu\u2019nca belirlenen tarifedeki \u00fccret al\u0131nacakt\u0131r. Bu kapsamda 6698 say\u0131l\u0131 Kanun\u2019un 13. maddesinin 1. f\u0131kras\u0131 gere\u011fince, yukar\u0131da belirtilen haklar\u0131n\u0131z\u0131 kullanmak ile ilgili talebinizi, yaz\u0131l\u0131 olarak ve Ki\u015fisel Verileri Koruma Kurulu\u2019nun belirleyece\u011fi di\u011fer y\u00f6ntemlerle \u015firketimize iletebilirsiniz. Bu \u00e7er\u00e7evede \u015firketimize 6698 say\u0131l\u0131 Kanun\u2019un 11. maddesi kapsam\u0131nda yapaca\u011f\u0131n\u0131z ba\u015fvurularda yaz\u0131l\u0131 olarak ba\u015fvurunuzu iletece\u011finiz kanallar ve usuller a\u015fa\u011f\u0131da a\u00e7\u0131klanmaktad\u0131r. Yukar\u0131da belirtilen haklar\u0131n\u0131z\u0131 kullanmak i\u00e7in, sinav.com.tr adresinde bir \u00f6rne\u011fi bulunan ilgili ki\u015fi\/veri sahibi ba\u015fvuru\/talep formunu doldurup imzalad\u0131ktan sonra bu ba\u015fvuru formunu ya da haklar\u0131n\u0131z\u0131 kullanmak i\u00e7in d\u00fczenledi\u011finiz orijinal imzal\u0131 dilek\u00e7enizi;\u2022 \u015eirketimizin OST\u0130M OSB MAHALLES\u0130 1249 CADDE NO: 5\/ YEN\u0130MAHALLE ANKARA adresi sekretaryas\u0131na kimli\u011finizi tespit edici belgeler ile elden teslim edebilir,\u2022 Noter vas\u0131tas\u0131yla veya iadeli taahh\u00fctl\u00fc posta yoluyla yukar\u0131daki adresimize g\u00f6nderebilir,\u2022 sinav@hs01.kep.tr adresine kep adresiniz varsa g\u00fcvenli elektronik imzal\u0131 olarak iletebilirsiniz. Ayd\u0131nlatma metnini okudu\u011funuz i\u00e7in te\u015fekk\u00fcr ederiz.<\/p><p>SINAV BASIN YAYIN DA\u011eITIM ORG.SAN.VE T\u0130C.A.\u015e<\/p><p>\u00a0<\/p>\t\t\t\t\t\t<\/div>\n\t\t\t\t<\/div>\n\t\t\t\t\t<\/div>\n\t\t<\/div>\n\t\t\t\t\t<\/div>\n\t\t<\/section>\n\t\t\t\t\t<\/div>\n\t\t<\/div>\n\t\t\t\t\t<\/div>\n\t\t<\/section>\n\t\t\t\t<\/div>\n\t\t","protected":false},"excerpt":{"rendered":"<p>K\u0130\u015e\u0130SEL VER\u0130LER\u0130N KORUNMASI VE \u0130\u015eLENMES\u0130 HAKKINDA AYDINLATMA METN\u0130 SINAV BASIN YAYIN DA\u011eITIM ORG.SAN.VE T\u0130C.A.\u015e K\u0130\u015e\u0130SEL VER\u0130LER\u0130N KORUNMASI VE \u0130\u015eLENMES\u0130 HAKKINDA AYDINLATMA METN\u01306698 say\u0131l\u0131 Ki\u015fisel Verilerin Korunmas\u0131 Kanunu (\u201cKVKK\u201d) h\u00fck\u00fcmleri gere\u011fi kimli\u011finizi belirli veya belirlenebilir k\u0131lan her t\u00fcrl\u00fc bilginiz, \u00f6zel nitelikli ki\u015fisel verileriniz de dahil olmak \u00fczere, Ki\u015fisel ve \u00d6zel Nitelikte Veri olarak a\u015fa\u011f\u0131daki kapsamda, Veri&#8230;<\/p>\n","protected":false},"author":1,"featured_media":0,"parent":0,"menu_order":0,"comment_status":"closed","ping_status":"closed","template":"template-builder.php","meta":{"footnotes":""},"class_list":["post-4260","page","type-page","status-publish","hentry"],"yoast_head":"<!-- This site is optimized with the Yoast SEO plugin v23.0 - https:\/\/yoast.com\/wordpress\/plugins\/seo\/ -->\n<title>KVKK - Fatih S\u0131nav Kurs<\/title>\n<meta name=\"robots\" content=\"index, follow, max-snippet:-1, max-image-preview:large, max-video-preview:-1\" \/>\n<link rel=\"canonical\" href=\"https:\/\/www.sinavkolej.com\/fatih\/kvkk\/\" \/>\n<meta property=\"og:locale\" content=\"tr_TR\" \/>\n<meta property=\"og:type\" content=\"article\" \/>\n<meta property=\"og:title\" content=\"KVKK - Fatih S\u0131nav Kurs\" \/>\n<meta property=\"og:description\" content=\"K\u0130\u015e\u0130SEL VER\u0130LER\u0130N KORUNMASI VE \u0130\u015eLENMES\u0130 HAKKINDA AYDINLATMA METN\u0130 SINAV BASIN YAYIN DA\u011eITIM ORG.SAN.VE T\u0130C.A.\u015e K\u0130\u015e\u0130SEL VER\u0130LER\u0130N KORUNMASI VE \u0130\u015eLENMES\u0130 HAKKINDA AYDINLATMA METN\u01306698 say\u0131l\u0131 Ki\u015fisel Verilerin Korunmas\u0131 Kanunu (\u201cKVKK\u201d) h\u00fck\u00fcmleri gere\u011fi kimli\u011finizi belirli veya belirlenebilir k\u0131lan her t\u00fcrl\u00fc bilginiz, \u00f6zel nitelikli ki\u015fisel verileriniz de dahil olmak \u00fczere, Ki\u015fisel ve \u00d6zel Nitelikte Veri olarak a\u015fa\u011f\u0131daki kapsamda, Veri...\" \/>\n<meta property=\"og:url\" content=\"https:\/\/www.sinavkolej.com\/fatih\/kvkk\/\" \/>\n<meta property=\"og:site_name\" content=\"Fatih S\u0131nav Kurs\" \/>\n<meta property=\"article:modified_time\" content=\"2023-10-24T22:02:53+00:00\" \/>\n<meta name=\"twitter:card\" content=\"summary_large_image\" \/>\n<meta name=\"twitter:label1\" content=\"Tahmini okuma s\u00fcresi\" \/>\n\t<meta name=\"twitter:data1\" content=\"9 dakika\" \/>\n<script type=\"application\/ld+json\" class=\"yoast-schema-graph\">{\"@context\":\"https:\/\/schema.org\",\"@graph\":[{\"@type\":\"WebPage\",\"@id\":\"https:\/\/www.sinavkolej.com\/fatih\/kvkk\/\",\"url\":\"https:\/\/www.sinavkolej.com\/fatih\/kvkk\/\",\"name\":\"KVKK - Fatih S\u0131nav Kurs\",\"isPartOf\":{\"@id\":\"https:\/\/www.sinavkolej.com\/fatih\/#website\"},\"datePublished\":\"2023-10-24T22:01:51+00:00\",\"dateModified\":\"2023-10-24T22:02:53+00:00\",\"breadcrumb\":{\"@id\":\"https:\/\/www.sinavkolej.com\/fatih\/kvkk\/#breadcrumb\"},\"inLanguage\":\"tr\",\"potentialAction\":[{\"@type\":\"ReadAction\",\"target\":[\"https:\/\/www.sinavkolej.com\/fatih\/kvkk\/\"]}]},{\"@type\":\"BreadcrumbList\",\"@id\":\"https:\/\/www.sinavkolej.com\/fatih\/kvkk\/#breadcrumb\",\"itemListElement\":[{\"@type\":\"ListItem\",\"position\":1,\"name\":\"Anasayfa\",\"item\":\"https:\/\/www.sinavkolej.com\/fatih\/\"},{\"@type\":\"ListItem\",\"position\":2,\"name\":\"KVKK\"}]},{\"@type\":\"WebSite\",\"@id\":\"https:\/\/www.sinavkolej.com\/fatih\/#website\",\"url\":\"https:\/\/www.sinavkolej.com\/fatih\/\",\"name\":\"Fatih S\u0131nav Kurs\",\"description\":\"Fatih S\u0131nav Kurs\",\"publisher\":{\"@id\":\"https:\/\/www.sinavkolej.com\/fatih\/#organization\"},\"potentialAction\":[{\"@type\":\"SearchAction\",\"target\":{\"@type\":\"EntryPoint\",\"urlTemplate\":\"https:\/\/www.sinavkolej.com\/fatih\/?s={search_term_string}\"},\"query-input\":\"required name=search_term_string\"}],\"inLanguage\":\"tr\"},{\"@type\":\"Organization\",\"@id\":\"https:\/\/www.sinavkolej.com\/fatih\/#organization\",\"name\":\"Fatih S\u0131nav Kurs\",\"url\":\"https:\/\/www.sinavkolej.com\/fatih\/\",\"logo\":{\"@type\":\"ImageObject\",\"inLanguage\":\"tr\",\"@id\":\"https:\/\/www.sinavkolej.com\/fatih\/#\/schema\/logo\/image\/\",\"url\":\"https:\/\/www.sinavkolej.com\/fatih\/wp-content\/uploads\/2023\/10\/antalya-serik-sinav-koleji-2621-5-1.png\",\"contentUrl\":\"https:\/\/www.sinavkolej.com\/fatih\/wp-content\/uploads\/2023\/10\/antalya-serik-sinav-koleji-2621-5-1.png\",\"width\":2244,\"height\":632,\"caption\":\"Fatih S\u0131nav Kurs\"},\"image\":{\"@id\":\"https:\/\/www.sinavkolej.com\/fatih\/#\/schema\/logo\/image\/\"}}]}<\/script>\n<!-- \/ Yoast SEO plugin. -->","yoast_head_json":{"title":"KVKK - Fatih S\u0131nav Kurs","robots":{"index":"index","follow":"follow","max-snippet":"max-snippet:-1","max-image-preview":"max-image-preview:large","max-video-preview":"max-video-preview:-1"},"canonical":"https:\/\/www.sinavkolej.com\/fatih\/kvkk\/","og_locale":"tr_TR","og_type":"article","og_title":"KVKK - Fatih S\u0131nav Kurs","og_description":"K\u0130\u015e\u0130SEL VER\u0130LER\u0130N KORUNMASI VE \u0130\u015eLENMES\u0130 HAKKINDA AYDINLATMA METN\u0130 SINAV BASIN YAYIN DA\u011eITIM ORG.SAN.VE T\u0130C.A.\u015e K\u0130\u015e\u0130SEL VER\u0130LER\u0130N KORUNMASI VE \u0130\u015eLENMES\u0130 HAKKINDA AYDINLATMA METN\u01306698 say\u0131l\u0131 Ki\u015fisel Verilerin Korunmas\u0131 Kanunu (\u201cKVKK\u201d) h\u00fck\u00fcmleri gere\u011fi kimli\u011finizi belirli veya belirlenebilir k\u0131lan her t\u00fcrl\u00fc bilginiz, \u00f6zel nitelikli ki\u015fisel verileriniz de dahil olmak \u00fczere, Ki\u015fisel ve \u00d6zel Nitelikte Veri olarak a\u015fa\u011f\u0131daki kapsamda, Veri...","og_url":"https:\/\/www.sinavkolej.com\/fatih\/kvkk\/","og_site_name":"Fatih S\u0131nav Kurs","article_modified_time":"2023-10-24T22:02:53+00:00","twitter_card":"summary_large_image","twitter_misc":{"Tahmini okuma s\u00fcresi":"9 dakika"},"schema":{"@context":"https:\/\/schema.org","@graph":[{"@type":"WebPage","@id":"https:\/\/www.sinavkolej.com\/fatih\/kvkk\/","url":"https:\/\/www.sinavkolej.com\/fatih\/kvkk\/","name":"KVKK - Fatih S\u0131nav Kurs","isPartOf":{"@id":"https:\/\/www.sinavkolej.com\/fatih\/#website"},"datePublished":"2023-10-24T22:01:51+00:00","dateModified":"2023-10-24T22:02:53+00:00","breadcrumb":{"@id":"https:\/\/www.sinavkolej.com\/fatih\/kvkk\/#breadcrumb"},"inLanguage":"tr","potentialAction":[{"@type":"ReadAction","target":["https:\/\/www.sinavkolej.com\/fatih\/kvkk\/"]}]},{"@type":"BreadcrumbList","@id":"https:\/\/www.sinavkolej.com\/fatih\/kvkk\/#breadcrumb","itemListElement":[{"@type":"ListItem","position":1,"name":"Anasayfa","item":"https:\/\/www.sinavkolej.com\/fatih\/"},{"@type":"ListItem","position":2,"name":"KVKK"}]},{"@type":"WebSite","@id":"https:\/\/www.sinavkolej.com\/fatih\/#website","url":"https:\/\/www.sinavkolej.com\/fatih\/","name":"Fatih S\u0131nav Kurs","description":"Fatih S\u0131nav Kurs","publisher":{"@id":"https:\/\/www.sinavkolej.com\/fatih\/#organization"},"potentialAction":[{"@type":"SearchAction","target":{"@type":"EntryPoint","urlTemplate":"https:\/\/www.sinavkolej.com\/fatih\/?s={search_term_string}"},"query-input":"required name=search_term_string"}],"inLanguage":"tr"},{"@type":"Organization","@id":"https:\/\/www.sinavkolej.com\/fatih\/#organization","name":"Fatih S\u0131nav Kurs","url":"https:\/\/www.sinavkolej.com\/fatih\/","logo":{"@type":"ImageObject","inLanguage":"tr","@id":"https:\/\/www.sinavkolej.com\/fatih\/#\/schema\/logo\/image\/","url":"https:\/\/www.sinavkolej.com\/fatih\/wp-content\/uploads\/2023\/10\/antalya-serik-sinav-koleji-2621-5-1.png","contentUrl":"https:\/\/www.sinavkolej.com\/fatih\/wp-content\/uploads\/2023\/10\/antalya-serik-sinav-koleji-2621-5-1.png","width":2244,"height":632,"caption":"Fatih S\u0131nav Kurs"},"image":{"@id":"https:\/\/www.sinavkolej.com\/fatih\/#\/schema\/logo\/image\/"}}]}},"_links":{"self":[{"href":"https:\/\/www.sinavkolej.com\/fatih\/wp-json\/wp\/v2\/pages\/4260","targetHints":{"allow":["GET"]}}],"collection":[{"href":"https:\/\/www.sinavkolej.com\/fatih\/wp-json\/wp\/v2\/pages"}],"about":[{"href":"https:\/\/www.sinavkolej.com\/fatih\/wp-json\/wp\/v2\/types\/page"}],"author":[{"embeddable":true,"href":"https:\/\/www.sinavkolej.com\/fatih\/wp-json\/wp\/v2\/users\/1"}],"replies":[{"embeddable":true,"href":"https:\/\/www.sinavkolej.com\/fatih\/wp-json\/wp\/v2\/comments?post=4260"}],"version-history":[{"count":4,"href":"https:\/\/www.sinavkolej.com\/fatih\/wp-json\/wp\/v2\/pages\/4260\/revisions"}],"predecessor-version":[{"id":4264,"href":"https:\/\/www.sinavkolej.com\/fatih\/wp-json\/wp\/v2\/pages\/4260\/revisions\/4264"}],"wp:attachment":[{"href":"https:\/\/www.sinavkolej.com\/fatih\/wp-json\/wp\/v2\/media?parent=4260"}],"curies":[{"name":"wp","href":"https:\/\/api.w.org\/{rel}","templated":true}]}}