{"id":389,"date":"2023-07-16T02:14:42","date_gmt":"2023-07-16T02:14:42","guid":{"rendered":"https:\/\/themeholy.com\/wordpress\/edura\/?page_id=389"},"modified":"2024-04-04T10:00:24","modified_gmt":"2024-04-04T07:00:24","slug":"iletisim","status":"publish","type":"page","link":"https:\/\/www.sinavkolej.com\/fatihkoleji\/iletisim\/","title":{"rendered":"\u0130leti\u015fim"},"content":{"rendered":"\t\t<div data-elementor-type=\"wp-page\" data-elementor-id=\"389\" class=\"elementor elementor-389\">\n\t\t\t\t\t\t<section class=\"elementor-section elementor-top-section elementor-element elementor-element-ebe9513 elementor-section-boxed elementor-section-height-default elementor-section-height-default\" data-id=\"ebe9513\" data-element_type=\"section\">\n\t\t\t\t\t\t<div class=\"elementor-container elementor-column-gap-no\">\n\t\t\t\t\t<div class=\"elementor-column elementor-col-100 elementor-top-column elementor-element elementor-element-dc85bd2\" data-id=\"dc85bd2\" data-element_type=\"column\">\n\t\t\t<div class=\"elementor-widget-wrap elementor-element-populated\">\n\t\t\t\t\t\t<section class=\"elementor-section elementor-inner-section elementor-element elementor-element-fe0a3ec map-sec elementor-section-boxed elementor-section-height-default elementor-section-height-default\" data-id=\"fe0a3ec\" data-element_type=\"section\">\n\t\t\t\t\t\t<div class=\"elementor-container elementor-column-gap-no\">\n\t\t\t\t\t<div class=\"elementor-column elementor-col-100 elementor-inner-column elementor-element elementor-element-8168757  map\" data-id=\"8168757\" data-element_type=\"column\">\n\t\t\t<div class=\"elementor-widget-wrap elementor-element-populated\">\n\t\t\t\t\r\n\r\n\t\t<div class=\"elementor-element elementor-element-901322e elementor-widget elementor-widget-google_maps\" data-id=\"901322e\" data-element_type=\"widget\" data-widget_type=\"google_maps.default\">\n\t\t\t\t<div class=\"elementor-widget-container\">\n\t\t\t\t\t\t\t<div class=\"elementor-custom-embed\">\n\t\t\t<iframe loading=\"lazy\"\n\t\t\t\t\tsrc=\"https:\/\/maps.google.com\/maps?q=Topkap%C4%B1%2C%20%C5%9Eeyh%C3%BClislam%20Sk.%20No%3A28%2F1%2C%2034093%20Fatih%2F%C4%B0stanbul&#038;t=m&#038;z=10&#038;output=embed&#038;iwloc=near\"\n\t\t\t\t\ttitle=\"Topkap\u0131, \u015eeyh\u00fclislam Sk. No:28\/1, 34093 Fatih\/\u0130stanbul\"\n\t\t\t\t\taria-label=\"Topkap\u0131, \u015eeyh\u00fclislam Sk. No:28\/1, 34093 Fatih\/\u0130stanbul\"\n\t\t\t><\/iframe>\n\t\t<\/div>\n\t\t\t\t\t\t<\/div>\n\t\t\t\t<\/div>\n\t\t\t\t\t<\/div>\n\t\t<\/div>\n\t\t\t\t\t<\/div>\n\t\t<\/section>\n\t\t\t\t<section class=\"elementor-section elementor-inner-section elementor-element elementor-element-c9592c7 elementor-section-boxed elementor-section-height-default elementor-section-height-default\" data-id=\"c9592c7\" data-element_type=\"section\">\n\t\t\t\t\t\t<div class=\"elementor-container elementor-column-gap-no\">\n\t\t\t\t\t<div class=\"elementor-column elementor-col-50 elementor-inner-column elementor-element elementor-element-5696c14\" data-id=\"5696c14\" data-element_type=\"column\">\n\t\t\t<div class=\"elementor-widget-wrap elementor-element-populated\">\n\t\t\t\t\t\t<div class=\"elementor-element elementor-element-c845d99 border-title h3 elementor-widget elementor-widget-heading\" data-id=\"c845d99\" data-element_type=\"widget\" data-widget_type=\"heading.default\">\n\t\t\t\t<div class=\"elementor-widget-container\">\n\t\t\t\t\t<h2 class=\"elementor-heading-title elementor-size-default\">Herhangi bir sorunuz var m\u0131?<\/h2>\t\t\t\t<\/div>\n\t\t\t\t<\/div>\n\t\t\t\t<div class=\"elementor-element elementor-element-a2e13dd elementor-widget elementor-widget-eduracontactinfo\" data-id=\"a2e13dd\" data-element_type=\"widget\" data-widget_type=\"eduracontactinfo.default\">\n\t\t\t\t<div class=\"elementor-widget-container\">\n\t\t\t\t\t        <div class=\"contact-feature\"><div class=\"contact-feature-icon th-icon\"><i class=\"fal fa-location-dot\"><\/i><\/div><div class=\"media-body\"><p class=\"contact-feature_label th-title\">Adresimiz<\/p><a href=\"\" class=\"contact-feature_link th-info\">Topkap\u0131, \u015eeyh\u00fclislam Sk. No:28\/1, 34093 Fatih\/\u0130stanbul<\/a><\/div><\/div><div class=\"contact-feature\"><div class=\"contact-feature-icon th-icon\"><i class=\"fal fa-phone\"><\/i><\/div><div class=\"media-body\"><p class=\"contact-feature_label th-title\">Telefon Numaras\u0131<\/p><a href=\"tel:02125884472\" class=\"contact-feature_link th-info\">(0212) 588 44 72<\/a><a href=\"tel:\" class=\"contact-feature_link th-info\"><\/a><\/div><\/div><div class=\"contact-feature\"><div class=\"contact-feature-icon th-icon\"><i class=\"fal fa-envelope\"><\/i><\/div><div class=\"media-body\"><p class=\"contact-feature_label th-title\">E-Posta Adresi<\/p><span class=\"contact-feature_link\"><\/span><span class=\"contact-feature_link\">info@sinavkolej.com<\/span><\/div><\/div>\t\t\t\t<\/div>\n\t\t\t\t<\/div>\n\t\t\t\t\t<\/div>\n\t\t<\/div>\n\t\t\t\t<div class=\"elementor-column elementor-col-50 elementor-inner-column elementor-element elementor-element-f635e8d\" data-id=\"f635e8d\" data-element_type=\"column\">\n\t\t\t<div class=\"elementor-widget-wrap elementor-element-populated\">\n\t\t\t\t\t\t<div class=\"elementor-element elementor-element-9fb9b2c elementor-widget elementor-widget-eduracontactform\" data-id=\"9fb9b2c\" data-element_type=\"widget\" data-widget_type=\"eduracontactform.default\">\n\t\t\t\t<div class=\"elementor-widget-container\">\n\t\t\t\t\t\t\t<div class=\"contact-form-wrap th-bg\" data-bg-src=\"https:\/\/themeholy.com\/wordpress\/edura\/wp-content\/uploads\/2023\/07\/contact_bg_1.png\"><span class=\"sub-title th-sub\">Bizimle \u0130leti\u015fime Ge\u00e7in!<\/span><h2 class=\"border-title th-title\">\u0130leti\u015fime Ge\u00e7in<\/h2><p class=\"mt-n1 mb-30 sec-text th-desc\">Bize bir sorunuz veya geri bildiriminiz mi var? Ekibimizle ileti\u015fime ge\u00e7mek i\u00e7in a\u015fa\u011f\u0131daki formu doldurun.<\/p><div class=\"contact-form ajax-contact\">\n<div class=\"wpcf7 no-js\" id=\"wpcf7-f2426-o1\" lang=\"en-US\" dir=\"ltr\" data-wpcf7-id=\"2426\">\n<div class=\"screen-reader-response\"><p role=\"status\" aria-live=\"polite\" aria-atomic=\"true\"><\/p> <ul><\/ul><\/div>\n<form action=\"\/fatihkoleji\/wp-json\/wp\/v2\/pages\/389#wpcf7-f2426-o1\" method=\"post\" class=\"wpcf7-form init\" aria-label=\"Contact form\" novalidate=\"novalidate\" data-status=\"init\">\n<fieldset class=\"hidden-fields-container\"><input type=\"hidden\" name=\"_wpcf7\" value=\"2426\" \/><input type=\"hidden\" name=\"_wpcf7_version\" value=\"6.1\" \/><input type=\"hidden\" name=\"_wpcf7_locale\" value=\"en_US\" \/><input type=\"hidden\" name=\"_wpcf7_unit_tag\" value=\"wpcf7-f2426-o1\" \/><input type=\"hidden\" name=\"_wpcf7_container_post\" value=\"0\" \/><input type=\"hidden\" name=\"_wpcf7_posted_data_hash\" value=\"\" \/>\n<\/fieldset>\n<div class=\"row\">\n    <div class=\"col-md-6\">\n        <div class=\"form-group\">\n <span class=\"wpcf7-form-control-wrap\" data-name=\"text-307\"><input size=\"40\" maxlength=\"400\" class=\"wpcf7-form-control wpcf7-text wpcf7-validates-as-required form-control style-white\" id=\"text-307\" aria-required=\"true\" aria-invalid=\"false\" placeholder=\"Sizin ad\u0131n\u0131z*\" value=\"\" type=\"text\" name=\"text-307\" \/><\/span>\n            <i class=\"fal fa-user\"><\/i>\n        <\/div>\n    <\/div>\n    <div class=\"col-md-6\">\n        <div class=\"form-group\">\n<span class=\"wpcf7-form-control-wrap\" data-name=\"email-174\"><input size=\"40\" maxlength=\"400\" class=\"wpcf7-form-control wpcf7-email wpcf7-text wpcf7-validates-as-email form-control style-white\" id=\"email-174\" aria-invalid=\"false\" placeholder=\"E-posta Adresi*\" value=\"\" type=\"email\" name=\"email-174\" \/><\/span>\n            <i class=\"fal fa-envelope\"><\/i>\n        <\/div>\n    <\/div>\n    <div class=\"col-md-6\">\n        <div class=\"form-group\">\n<span class=\"wpcf7-form-control-wrap\" data-name=\"menu-700\"><select class=\"wpcf7-form-control wpcf7-select single-select nice-select form-control style-white\" aria-invalid=\"false\" name=\"menu-700\"><option value=\"Anaokul\">Anaokul<\/option><option value=\"\u0130lkokul\">\u0130lkokul<\/option><option value=\"Ortaokul\">Ortaokul<\/option><option value=\"Anadolu Lisesi\">Anadolu Lisesi<\/option><\/select><\/span>        <\/div>\n    <\/div>\n    <div class=\"col-md-6\">\n        <div class=\"form-group\">\n<span class=\"wpcf7-form-control-wrap\" data-name=\"tel-799\"><input size=\"40\" maxlength=\"400\" class=\"wpcf7-form-control wpcf7-tel wpcf7-text wpcf7-validates-as-tel form-control style-white\" id=\"tel-799\" aria-invalid=\"false\" placeholder=\"Telefon Numaras\u0131*\" value=\"\" type=\"tel\" name=\"tel-799\" \/><\/span>\n            <i class=\"fal fa-phone\"><\/i>\n        <\/div>\n    <\/div>\n    <div class=\"col-12\">\n        <div class=\"form-group \">\n<span class=\"wpcf7-form-control-wrap\" data-name=\"textarea-226\"><textarea cols=\"40\" rows=\"10\" maxlength=\"2000\" class=\"wpcf7-form-control wpcf7-textarea form-control style-white\" id=\"textarea-226\" aria-invalid=\"false\" placeholder=\"Mesaj\u0131n\u0131z\u0131 Yaz\u0131n*\" name=\"textarea-226\"><\/textarea><\/span>\n            <i class=\"fal fa-pen\"><\/i>\n        <\/div>\n    <\/div>\n    <div class=\"form-btn col-12 mt-10\">\n        <button class=\"th-btn th_btn wpcf7\">Mesaj G\u00f6nder<i class=\"fas fa-long-arrow-right ms-2\"><\/i><\/button>\n    <\/div>\n<\/div>\n<p class=\"form-messages mb-0 mt-3\"><\/p><div class=\"wpcf7-response-output\" aria-hidden=\"true\"><\/div>\n<\/form>\n<\/div>\n<\/div><\/div>\t\t\t\t<\/div>\n\t\t\t\t<\/div>\n\t\t\t\t\t<\/div>\n\t\t<\/div>\n\t\t\t\t\t<\/div>\n\t\t<\/section>\n\t\t\t\t\t<\/div>\n\t\t<\/div>\n\t\t\t\t\t<\/div>\n\t\t<\/section>\n\t\t\t\t<\/div>\n\t\t","protected":false},"excerpt":{"rendered":"<p>Herhangi bir sorunuz var m\u0131? Adresimiz Topkap\u0131, \u015eeyh\u00fclislam Sk. No:28\/1, 34093 Fatih\/\u0130stanbul Telefon Numaras\u0131 (0212) 588 44 72 E-Posta Adresi info@sinavkolej.com Bizimle \u0130leti\u015fime Ge\u00e7in! \u0130leti\u015fime Ge\u00e7in Bize bir sorunuz veya geri bildiriminiz mi var? Ekibimizle ileti\u015fime ge\u00e7mek i\u00e7in a\u015fa\u011f\u0131daki formu doldurun. Anaokul\u0130lkokulOrtaokulAnadolu Lisesi Mesaj G\u00f6nder<\/p>\n","protected":false},"author":1,"featured_media":0,"parent":0,"menu_order":0,"comment_status":"closed","ping_status":"closed","template":"template-builder.php","meta":{"footnotes":""},"class_list":["post-389","page","type-page","status-publish","hentry"],"yoast_head":"<!-- This site is optimized with the Yoast SEO plugin v25.4 - https:\/\/yoast.com\/wordpress\/plugins\/seo\/ -->\n<title>Fatih S\u0131nav Koleji \u0130leti\u015fim - S\u0131nav Kolej, \u00d6zel Okul, Anaokulu, \u0130lkokul, Ortaokul, Lise<\/title>\n<meta name=\"description\" content=\"S\u0131nav Koleji ile uzman e\u011fitmenler e\u015fli\u011finde geli\u015fmi\u015f bir e\u011fitim olana\u011f\u0131 \u00e7ocuklar\u0131n\u0131z\u0131 bekliyor...\" \/>\n<meta name=\"robots\" content=\"index, follow, max-snippet:-1, max-image-preview:large, max-video-preview:-1\" \/>\n<link rel=\"canonical\" href=\"https:\/\/www.sinavkolej.com\/fatihkoleji\/iletisim\/\" \/>\n<meta property=\"og:locale\" content=\"tr_TR\" \/>\n<meta property=\"og:type\" content=\"article\" \/>\n<meta property=\"og:title\" content=\"Fatih S\u0131nav Koleji \u0130leti\u015fim - S\u0131nav Kolej, \u00d6zel Okul, Anaokulu, \u0130lkokul, Ortaokul, Lise\" \/>\n<meta property=\"og:description\" content=\"S\u0131nav Koleji ile uzman e\u011fitmenler e\u015fli\u011finde geli\u015fmi\u015f bir e\u011fitim olana\u011f\u0131 \u00e7ocuklar\u0131n\u0131z\u0131 bekliyor...\" \/>\n<meta property=\"og:url\" content=\"https:\/\/www.sinavkolej.com\/fatihkoleji\/iletisim\/\" \/>\n<meta property=\"og:site_name\" content=\"Fatih S\u0131nav Koleji\" \/>\n<meta property=\"article:modified_time\" content=\"2024-04-04T07:00:24+00:00\" \/>\n<meta name=\"twitter:card\" content=\"summary_large_image\" \/>\n<meta name=\"twitter:label1\" content=\"Tahmini okuma s\u00fcresi\" \/>\n\t<meta name=\"twitter:data1\" content=\"1 dakika\" \/>\n<script type=\"application\/ld+json\" class=\"yoast-schema-graph\">{\"@context\":\"https:\/\/schema.org\",\"@graph\":[{\"@type\":\"WebPage\",\"@id\":\"https:\/\/www.sinavkolej.com\/fatihkoleji\/iletisim\/\",\"url\":\"https:\/\/www.sinavkolej.com\/fatihkoleji\/iletisim\/\",\"name\":\"Fatih S\u0131nav Koleji \u0130leti\u015fim - S\u0131nav Kolej, \u00d6zel Okul, Anaokulu, \u0130lkokul, Ortaokul, Lise\",\"isPartOf\":{\"@id\":\"https:\/\/www.sinavkolej.com\/fatihkoleji\/#website\"},\"datePublished\":\"2023-07-16T02:14:42+00:00\",\"dateModified\":\"2024-04-04T07:00:24+00:00\",\"description\":\"S\u0131nav Koleji ile uzman e\u011fitmenler e\u015fli\u011finde geli\u015fmi\u015f bir e\u011fitim olana\u011f\u0131 \u00e7ocuklar\u0131n\u0131z\u0131 bekliyor...\",\"breadcrumb\":{\"@id\":\"https:\/\/www.sinavkolej.com\/fatihkoleji\/iletisim\/#breadcrumb\"},\"inLanguage\":\"tr\",\"potentialAction\":[{\"@type\":\"ReadAction\",\"target\":[\"https:\/\/www.sinavkolej.com\/fatihkoleji\/iletisim\/\"]}]},{\"@type\":\"BreadcrumbList\",\"@id\":\"https:\/\/www.sinavkolej.com\/fatihkoleji\/iletisim\/#breadcrumb\",\"itemListElement\":[{\"@type\":\"ListItem\",\"position\":1,\"name\":\"Anasayfa\",\"item\":\"https:\/\/www.sinavkolej.com\/fatihkoleji\/\"},{\"@type\":\"ListItem\",\"position\":2,\"name\":\"\u0130leti\u015fim\"}]},{\"@type\":\"WebSite\",\"@id\":\"https:\/\/www.sinavkolej.com\/fatihkoleji\/#website\",\"url\":\"https:\/\/www.sinavkolej.com\/fatihkoleji\/\",\"name\":\"Fatih S\u0131nav Koleji\",\"description\":\"Fatih S\u0131nav Koleji\",\"potentialAction\":[{\"@type\":\"SearchAction\",\"target\":{\"@type\":\"EntryPoint\",\"urlTemplate\":\"https:\/\/www.sinavkolej.com\/fatihkoleji\/?s={search_term_string}\"},\"query-input\":{\"@type\":\"PropertyValueSpecification\",\"valueRequired\":true,\"valueName\":\"search_term_string\"}}],\"inLanguage\":\"tr\"}]}<\/script>\n<!-- \/ Yoast SEO plugin. -->","yoast_head_json":{"title":"Fatih S\u0131nav Koleji \u0130leti\u015fim - S\u0131nav Kolej, \u00d6zel Okul, Anaokulu, \u0130lkokul, Ortaokul, Lise","description":"S\u0131nav Koleji ile uzman e\u011fitmenler e\u015fli\u011finde geli\u015fmi\u015f bir e\u011fitim olana\u011f\u0131 \u00e7ocuklar\u0131n\u0131z\u0131 bekliyor...","robots":{"index":"index","follow":"follow","max-snippet":"max-snippet:-1","max-image-preview":"max-image-preview:large","max-video-preview":"max-video-preview:-1"},"canonical":"https:\/\/www.sinavkolej.com\/fatihkoleji\/iletisim\/","og_locale":"tr_TR","og_type":"article","og_title":"Fatih S\u0131nav Koleji \u0130leti\u015fim - S\u0131nav Kolej, \u00d6zel Okul, Anaokulu, \u0130lkokul, Ortaokul, Lise","og_description":"S\u0131nav Koleji ile uzman e\u011fitmenler e\u015fli\u011finde geli\u015fmi\u015f bir e\u011fitim olana\u011f\u0131 \u00e7ocuklar\u0131n\u0131z\u0131 bekliyor...","og_url":"https:\/\/www.sinavkolej.com\/fatihkoleji\/iletisim\/","og_site_name":"Fatih S\u0131nav Koleji","article_modified_time":"2024-04-04T07:00:24+00:00","twitter_card":"summary_large_image","twitter_misc":{"Tahmini okuma s\u00fcresi":"1 dakika"},"schema":{"@context":"https:\/\/schema.org","@graph":[{"@type":"WebPage","@id":"https:\/\/www.sinavkolej.com\/fatihkoleji\/iletisim\/","url":"https:\/\/www.sinavkolej.com\/fatihkoleji\/iletisim\/","name":"Fatih S\u0131nav Koleji \u0130leti\u015fim - S\u0131nav Kolej, \u00d6zel Okul, Anaokulu, \u0130lkokul, Ortaokul, Lise","isPartOf":{"@id":"https:\/\/www.sinavkolej.com\/fatihkoleji\/#website"},"datePublished":"2023-07-16T02:14:42+00:00","dateModified":"2024-04-04T07:00:24+00:00","description":"S\u0131nav Koleji ile uzman e\u011fitmenler e\u015fli\u011finde geli\u015fmi\u015f bir e\u011fitim olana\u011f\u0131 \u00e7ocuklar\u0131n\u0131z\u0131 bekliyor...","breadcrumb":{"@id":"https:\/\/www.sinavkolej.com\/fatihkoleji\/iletisim\/#breadcrumb"},"inLanguage":"tr","potentialAction":[{"@type":"ReadAction","target":["https:\/\/www.sinavkolej.com\/fatihkoleji\/iletisim\/"]}]},{"@type":"BreadcrumbList","@id":"https:\/\/www.sinavkolej.com\/fatihkoleji\/iletisim\/#breadcrumb","itemListElement":[{"@type":"ListItem","position":1,"name":"Anasayfa","item":"https:\/\/www.sinavkolej.com\/fatihkoleji\/"},{"@type":"ListItem","position":2,"name":"\u0130leti\u015fim"}]},{"@type":"WebSite","@id":"https:\/\/www.sinavkolej.com\/fatihkoleji\/#website","url":"https:\/\/www.sinavkolej.com\/fatihkoleji\/","name":"Fatih S\u0131nav Koleji","description":"Fatih S\u0131nav Koleji","potentialAction":[{"@type":"SearchAction","target":{"@type":"EntryPoint","urlTemplate":"https:\/\/www.sinavkolej.com\/fatihkoleji\/?s={search_term_string}"},"query-input":{"@type":"PropertyValueSpecification","valueRequired":true,"valueName":"search_term_string"}}],"inLanguage":"tr"}]}},"_links":{"self":[{"href":"https:\/\/www.sinavkolej.com\/fatihkoleji\/wp-json\/wp\/v2\/pages\/389","targetHints":{"allow":["GET"]}}],"collection":[{"href":"https:\/\/www.sinavkolej.com\/fatihkoleji\/wp-json\/wp\/v2\/pages"}],"about":[{"href":"https:\/\/www.sinavkolej.com\/fatihkoleji\/wp-json\/wp\/v2\/types\/page"}],"author":[{"embeddable":true,"href":"https:\/\/www.sinavkolej.com\/fatihkoleji\/wp-json\/wp\/v2\/users\/1"}],"replies":[{"embeddable":true,"href":"https:\/\/www.sinavkolej.com\/fatihkoleji\/wp-json\/wp\/v2\/comments?post=389"}],"version-history":[{"count":7,"href":"https:\/\/www.sinavkolej.com\/fatihkoleji\/wp-json\/wp\/v2\/pages\/389\/revisions"}],"predecessor-version":[{"id":4322,"href":"https:\/\/www.sinavkolej.com\/fatihkoleji\/wp-json\/wp\/v2\/pages\/389\/revisions\/4322"}],"wp:attachment":[{"href":"https:\/\/www.sinavkolej.com\/fatihkoleji\/wp-json\/wp\/v2\/media?parent=389"}],"curies":[{"name":"wp","href":"https:\/\/api.w.org\/{rel}","templated":true}]}}