{"id":4132,"date":"2023-10-24T12:35:19","date_gmt":"2023-10-24T12:35:19","guid":{"rendered":"https:\/\/www.sinavkolej.com\/fatihkoleji\/?page_id=4132"},"modified":"2024-04-03T03:38:50","modified_gmt":"2024-04-03T00:38:50","slug":"ilkokul","status":"publish","type":"page","link":"https:\/\/www.sinavkolej.com\/fatihkoleji\/ilkokul\/","title":{"rendered":"\u0130lkokul"},"content":{"rendered":"\t\t<div data-elementor-type=\"wp-page\" data-elementor-id=\"4132\" class=\"elementor elementor-4132\">\n\t\t\t\t\t\t<section class=\"elementor-section elementor-top-section elementor-element elementor-element-b63540a elementor-section-boxed elementor-section-height-default elementor-section-height-default\" data-id=\"b63540a\" data-element_type=\"section\">\n\t\t\t\t\t\t<div class=\"elementor-container elementor-column-gap-no\">\n\t\t\t\t\t<div class=\"elementor-column elementor-col-100 elementor-top-column elementor-element elementor-element-2b37718\" data-id=\"2b37718\" data-element_type=\"column\">\n\t\t\t<div class=\"elementor-widget-wrap elementor-element-populated\">\n\t\t\t\t\t\t<section class=\"elementor-section elementor-inner-section elementor-element elementor-element-e3ffe3f elementor-section-boxed elementor-section-height-default elementor-section-height-default\" data-id=\"e3ffe3f\" data-element_type=\"section\">\n\t\t\t\t\t\t<div class=\"elementor-container elementor-column-gap-no\">\n\t\t\t\t\t<div class=\"elementor-column elementor-col-100 elementor-inner-column elementor-element elementor-element-90fb08b\" data-id=\"90fb08b\" data-element_type=\"column\">\n\t\t\t<div class=\"elementor-widget-wrap elementor-element-populated\">\n\t\t\t\t\r\n\r\n\t\t<div class=\"elementor-element elementor-element-cf29924 elementor-widget elementor-widget-image\" data-id=\"cf29924\" data-element_type=\"widget\" data-widget_type=\"image.default\">\n\t\t\t\t<div class=\"elementor-widget-container\">\n\t\t\t\t\t\t\t\t\t\t\t\t\t\t\t<img fetchpriority=\"high\" decoding=\"async\" width=\"1280\" height=\"720\" src=\"https:\/\/www.sinavkolej.com\/fatihkoleji\/wp-content\/uploads\/2023\/10\/utangac-ogrenciler-konusunda-ogretmenlere-oneriler.jpg\" class=\"attachment-full size-full wp-image-4136\" alt=\"\" srcset=\"https:\/\/www.sinavkolej.com\/fatihkoleji\/wp-content\/uploads\/2023\/10\/utangac-ogrenciler-konusunda-ogretmenlere-oneriler.jpg 1280w, https:\/\/www.sinavkolej.com\/fatihkoleji\/wp-content\/uploads\/2023\/10\/utangac-ogrenciler-konusunda-ogretmenlere-oneriler-300x169.jpg 300w, https:\/\/www.sinavkolej.com\/fatihkoleji\/wp-content\/uploads\/2023\/10\/utangac-ogrenciler-konusunda-ogretmenlere-oneriler-1024x576.jpg 1024w, https:\/\/www.sinavkolej.com\/fatihkoleji\/wp-content\/uploads\/2023\/10\/utangac-ogrenciler-konusunda-ogretmenlere-oneriler-768x432.jpg 768w\" sizes=\"(max-width: 1280px) 100vw, 1280px\" \/>\t\t\t\t\t\t\t\t\t\t\t\t\t\t\t<\/div>\n\t\t\t\t<\/div>\n\t\t\t\t<div class=\"elementor-element elementor-element-2148a4c elementor-widget elementor-widget-heading\" data-id=\"2148a4c\" data-element_type=\"widget\" data-widget_type=\"heading.default\">\n\t\t\t\t<div class=\"elementor-widget-container\">\n\t\t\t\t\t<h3 class=\"elementor-heading-title elementor-size-default\">\u0130LKOKULDA AKADEM\u0130K YA\u015eAM\n\n<\/h3>\t\t\t\t<\/div>\n\t\t\t\t<\/div>\n\t\t\t\t<div class=\"elementor-element elementor-element-154bc68 elementor-widget elementor-widget-text-editor\" data-id=\"154bc68\" data-element_type=\"widget\" data-widget_type=\"text-editor.default\">\n\t\t\t\t<div class=\"elementor-widget-container\">\n\t\t\t\t\t\t\t\t\t<p>Fatih S\u0131nav Koleji \u0130lkokulu\u2019nda kendine g\u00fcvenen, yarat\u0131c\u0131, ara\u015ft\u0131ran, sorgulayan, nitelikli ve sa\u011fl\u0131kl\u0131 ileti\u015fim kuran, Anadilini \u00e7ok iyi kullanan, \u00e7ift dilli, kendi k\u00fclt\u00fcr\u00fcne sahip \u00e7\u0131kan ve ayn\u0131 zamanda farkl\u0131 k\u00fclt\u00fcrlere de\u011fer veren, Atat\u00fcrk\u2019\u00fcn ilke ve ink\u0131laplar\u0131na ba\u011fl\u0131 nesiller yeti\u015ftirilmesi temel hedefimizdir. Bu temel hedefler do\u011frultusunda 1. S\u0131n\u0131ftan itibaren t\u00fcm \u00f6\u011frencilerimizin yerel ve evrensel de\u011ferleri benimsemesi ad\u0131na bir\u00e7ok \u00e7al\u0131\u015fma y\u00fcr\u00fctmekteyiz.<\/p><p>\u00a0<\/p><p>\u0130lkokulumuzda \u201cTam \u00d6\u011frenme\u201d e\u011fitim modeli uygulanmakta olup, b\u00fct\u00fcnl\u00fck ta\u015f\u0131yan bir e\u011fitimle birlikte, farkl\u0131 seviye ve ki\u015filikteki \u00f6\u011frenciler yak\u0131ndan takip edilir. Etkinlik temelli, \u00fcst d\u00fczey d\u00fc\u015f\u00fcnme becerisi kazand\u0131ran, yetenek ve becerileri ortaya \u00e7\u0131karan, bireysel farkl\u0131l\u0131klara \u00f6nem veren, y\u00fcksek etik ve akademik standartlara sahip, s\u00fcrekli etkin \u00f6\u011frenmeyi ama\u00e7layan bu modelle her \u00f6\u011frenci ba\u015far\u0131l\u0131 bir gelecek i\u00e7in haz\u0131rlan\u0131r. Okulumuzun e\u011fitim felsefesi \u00f6\u011frencilerimizin sadece akademik y\u00f6nlerini de\u011fil, ayn\u0131 zamanda sosyal ve duygusal y\u00f6nlerinin de geli\u015ftirilmesini ve peki\u015ftirilmesini hedefler.<\/p><p>\u00a0<\/p><p>Okulumuzda ders konular\u0131 MEB m\u00fcfredat\u0131 do\u011frultusunda, zenginle\u015ftirilmi\u015f \u00f6zg\u00fcn etkinlikler ile \u00f6\u011frencilerimizin ihtiya\u00e7lar\u0131 g\u00f6zetilerek yap\u0131land\u0131r\u0131lmaktad\u0131r. T\u00fcm derslerde en temel hedefimiz \u00f6\u011frencilerimizin geli\u015fim d\u00fczeyleri gere\u011fi somut \u00f6\u011frenme ile bilgiye ula\u015fma yollar\u0131n\u0131 ke\u015ffetmelerini sa\u011flamakt\u0131r. \u00d6\u011frencilerimizde edinilen bilgilerin kal\u0131c\u0131l\u0131\u011f\u0131n\u0131 sa\u011flamak ve e\u011fitim hayatlar\u0131n\u0131 daha keyifli bir hale getirmek amac\u0131 ile yaparak ya\u015fayarak \u00f6\u011frenme deneyimi kazanmalar\u0131 \u00f6nem verdi\u011fimiz hususlardand\u0131r.<\/p><p>\u00a0<\/p><p>\u00a0<\/p><p>\u0130lkokul program\u0131m\u0131zda t\u00fcrk\u00e7e, matematik, hayat bilgisi, fen bilimleri ve sosyal bilgiler derslerinin \u00f6\u011fretimi s\u0131n\u0131f \u00f6\u011fretmenlerimiz taraf\u0131ndan y\u00fcr\u00fct\u00fclmektedir.<\/p><p>\u00a0<\/p><p>T\u00fcrk\u00e7e derslerimizde uygulaman\u0131n \u00f6nemine olan inanc\u0131m\u0131z do\u011frultusunda, metin incelemelerinin her t\u00fcrl\u00fc bilgi ve becerinin \u00f6\u011fretilmesinin merkezinde yer ald\u0131\u011f\u0131 T\u00fcrk\u00e7eyi etkin ve do\u011fru bi\u00e7imde amaca ve hedef kitleye uygun etkili bir bi\u00e7imde kullanmay\u0131 hedefleyen bir program ile ilerlenmektedir. \u00d6\u011frencilerimizin okuma, dinleme, yazma ve dil bilgisi becerilerinin geli\u015fmesi odak noktam\u0131zda olup, yaz\u0131n ve dil alanlar\u0131ndaki temel bilgi, terim ve kavramlar\u0131n \u00f6\u011frenilmesini ve dil fark\u0131ndal\u0131\u011f\u0131n\u0131n geli\u015fmesini ama\u00e7lamaktay\u0131z.<\/p><p>\u00a0<\/p><p>Hayat Bilgisi derslerimizde \u00f6\u011frencilerimizin, do\u011fal ve toplum \u00e7evrelerini tan\u0131malar\u0131n\u0131, i\u00e7inde bulunduklar\u0131n\u0131 bu \u00e7evrelere uyum sa\u011flamalar\u0131na y\u00f6nelik becerilerin kazand\u0131r\u0131lmas\u0131, kendilerini tan\u0131malar\u0131, \u00e7evreyi ve \u00e7evrede meydana gelen olaylar\u0131 anlamalar\u0131, daha iyi ya\u015fama yollar\u0131n\u0131 bulmalar\u0131 ve \u00e7evre ile uyumlu bi\u00e7imde ya\u015fayabilmesi i\u00e7in gerekli bilgi ve al\u0131\u015fkanl\u0131klar\u0131n kazand\u0131r\u0131lmas\u0131na y\u00f6nelik \u00e7al\u0131\u015fmalar y\u00fcr\u00fct\u00fclmektedir.<\/p><p>\u00a0<\/p><p>Matematik derslerimizde, \u00e7evreden ve olaylardan anlam \u00e7\u0131karma, olaylar\u0131 daha iyi yorumlayabilme ve \u00e7\u00f6z\u00fcmler geli\u015ftirilmesi amac\u0131yla ke\u015ffederek \u00f6\u011frenen ve \u00f6\u011frenirken e\u011flenen, yarat\u0131c\u0131 ve sorgulay\u0131c\u0131 \u00f6\u011frenciler yeti\u015ftirilmesi hedeflenmektedir.<\/p><p>\u00a0<\/p><p>Fen Bilimleri derslerinde di\u011fer derslerimizde de oldu\u011fu gibi yaparak ya\u015fayarak \u00f6\u011frenmenin \u00f6nemine olan inanc\u0131m\u0131z ile birlikte, ara\u015ft\u0131rmaya ve sorgulamaya dayal\u0131 \u00f6\u011frenme yakla\u015f\u0131m\u0131 ile ilerlemekteyiz. \u00d6\u011frencilerimizin yarat\u0131c\u0131 sorular sormalar\u0131n\u0131, onlara bilgi y\u00fcklemeyi de\u011fil bilgiye nas\u0131l ula\u015facaklar\u0131n\u0131 \u00f6\u011fretmeyi, d\u00fc\u015f\u00fcnme, ara\u015ft\u0131rma ve sorgulama becerilerini geli\u015ftirmeyi, \u00f6\u011frencilerimizin do\u011fa ve insan sevgisi kazanmalar\u0131n\u0131 hedeflemekteyiz. Bu hedefler do\u011frultusunda derslerimizde uygulamalar ger\u00e7ekle\u015ftirmekteyiz. \u00d6\u011frencilerimizin yaparak- ya\u015fayarak \u00f6\u011frenmesi i\u00e7in okulumuzda bulunan tam donan\u0131ml\u0131 fen ve teknoloji laboratuvar\u0131nda, ilgili t\u00fcm ekipmanlar ve zengin deney ara\u00e7lar\u0131 ile derslerde \u00f6\u011frenilen teorik konular\u0131n prati\u011fi yap\u0131lmaktad\u0131r. Uygulama laboratuvar\u0131m\u0131z\u0131n i\u00e7eri\u011finde konular simule edilmi\u015f ortamda 3D olarak da y\u00fcr\u00fct\u00fclmektedir. Ders i\u00e7erikleri s\u0131n\u0131flarda 2D versiyonlu olarak da ak\u0131ll\u0131 tahtalardan y\u00fcr\u00fct\u00fclmektedir.<\/p><p>\u00a0<\/p><p>Okulumuzda i\u015flenen Sosyal Bilgiler dersi; ele\u015ftirel d\u00fc\u015f\u00fcnme, sorgulama, sorun \u00e7\u00f6zme becerileri kazand\u0131r\u0131rken genel k\u00fclt\u00fcr d\u00fczeyi y\u00fcksek, temel hak ve \u00f6zg\u00fcrl\u00fcklerinin fark\u0131nda, vatanda\u015fl\u0131k bilin\u00e7 ve sorumlulu\u011funa sahip, toplumdaki di\u011fer bireylerle iyi ili\u015fkiler kuran \u00f6\u011frenciler yeti\u015ftirmeyi hedefler. Milli E\u011fitim Bakanl\u0131\u011f\u0131 m\u00fcfredat\u0131ndaki kazan\u0131mlar \u0131\u015f\u0131\u011f\u0131nda projelendirdi\u011fimiz konular\u0131m\u0131z\u0131 i\u015flerken zengin g\u00f6rsel ve i\u015fitsel kaynaklardan yararlanmaktay\u0131z.<\/p><p>\u00a0<\/p><p>SIDE TO SIDE PROGRAMI \u0130LE \u00c7\u0130FT \u00d6\u011eRETMENHER SINIFA B\u0130R\u0130 \u0130NG\u0130L\u0130ZCE \u0130K\u0130 \u00d6\u011eRETMEN<\/p><p>Fatih S\u0131nav Koleji \u0130lkokulu\u2019nda her s\u0131n\u0131fta biri \u0130ngilizce olmak \u00fczere iki s\u0131n\u0131f \u00f6\u011fretmeni g\u00f6rev yapar. Her iki \u00f6\u011fretmen de \u00f6\u011frencilerle birebir ilgilenir ve yak\u0131ndan takip eder. B\u00f6ylece hi\u00e7bir \u015fey g\u00f6zden ka\u00e7maz ve hi\u00e7bir konu atlanmaz.<\/p><p>\u0130lkokulumuzda e\u011fitim alan \u00f6\u011frenciler, her s\u0131n\u0131fta iki \u00f6\u011fretmenin yak\u0131n ilgi ve deste\u011fiyle ba\u015far\u0131l\u0131 bir gelece\u011fe \u00f6zg\u00fcvenle haz\u0131rlan\u0131rlar.<\/p><p>\u00a0<\/p><p>ANAD\u0130L G\u0130B\u0130 \u0130NG\u0130L\u0130ZCE<\/p><p>\u201cSide To Side\u201d program\u0131 ile \u00f6\u011frenciler \u0130ngilizceyi anadili gibi \u00f6\u011frenirken okuldaki t\u00fcm e\u011fitim \u00f6\u011fretim etkinlikleri de T\u00fcrk\u00e7e-\u0130ngilizce olarak e\u015fg\u00fcd\u00fcml\u00fc bir \u015fekilde y\u00fcr\u00fct\u00fcl\u00fcr.<\/p><p>\u00d6\u011frenciler, g\u00fcn boyunca derslerde, oyun, etkinlik, beslenme ve di\u011fer zamanlar\u0131nda ilgili \u00f6\u011fretmenleriyle \u0130ngilizce ileti\u015fim kurar ve \u0130ngilizceyi adeta ya\u015farlar.<\/p><p>\u0130ngilizcenin erken ya\u015fta kal\u0131c\u0131 bir \u015fekilde \u00f6\u011frenilmesi i\u00e7in \u201cSide To Side\u201d program\u0131 Fatih S\u0131nav Koleji Anaokulu\u2019nda 4 ya\u015ftan itibaren ba\u015flay\u0131p \u0130lkokul 4. S\u0131n\u0131f\u0131n sonuna kadar devam eder.<\/p>\t\t\t\t\t\t\t\t<\/div>\n\t\t\t\t<\/div>\n\t\t\t\t\t<\/div>\n\t\t<\/div>\n\t\t\t\t\t<\/div>\n\t\t<\/section>\n\t\t\t\t\t<\/div>\n\t\t<\/div>\n\t\t\t\t\t<\/div>\n\t\t<\/section>\n\t\t\t\t<\/div>\n\t\t","protected":false},"excerpt":{"rendered":"<p>\u0130LKOKULDA AKADEM\u0130K YA\u015eAM \u0130lkokulu\u2019nda kendine g\u00fcvenen, yarat\u0131c\u0131, ara\u015ft\u0131ran, sorgulayan, nitelikli ve sa\u011fl\u0131kl\u0131 ileti\u015fim kuran, Anadilini \u00e7ok iyi kullanan, \u00e7ift dilli, kendi k\u00fclt\u00fcr\u00fcne sahip \u00e7\u0131kan ve ayn\u0131 zamanda farkl\u0131 k\u00fclt\u00fcrlere de\u011fer veren, Atat\u00fcrk\u2019\u00fcn ilke ve ink\u0131laplar\u0131na ba\u011fl\u0131 nesiller yeti\u015ftirilmesi temel hedefimizdir. Bu temel hedefler do\u011frultusunda 1. S\u0131n\u0131ftan itibaren t\u00fcm \u00f6\u011frencilerimizin yerel ve evrensel de\u011ferleri benimsemesi ad\u0131na&#8230;<\/p>\n","protected":false},"author":1,"featured_media":0,"parent":0,"menu_order":0,"comment_status":"closed","ping_status":"closed","template":"template-builder.php","meta":{"footnotes":""},"class_list":["post-4132","page","type-page","status-publish","hentry"],"yoast_head":"<!-- This site is optimized with the Yoast SEO plugin v25.4 - https:\/\/yoast.com\/wordpress\/plugins\/seo\/ -->\n<title>\u0130lkokul - Fatih S\u0131nav Koleji<\/title>\n<meta name=\"description\" content=\"S\u0131nav Koleji ile uzman e\u011fitmenler e\u015fli\u011finde geli\u015fmi\u015f bir e\u011fitim olana\u011f\u0131 \u00e7ocuklar\u0131n\u0131z\u0131 bekliyor...\" \/>\n<meta name=\"robots\" content=\"index, follow, max-snippet:-1, max-image-preview:large, max-video-preview:-1\" \/>\n<link rel=\"canonical\" href=\"https:\/\/www.sinavkolej.com\/fatihkoleji\/ilkokul\/\" \/>\n<meta property=\"og:locale\" content=\"tr_TR\" \/>\n<meta property=\"og:type\" content=\"article\" \/>\n<meta property=\"og:title\" content=\"\u0130lkokul - Fatih S\u0131nav Koleji\" \/>\n<meta property=\"og:description\" content=\"S\u0131nav Koleji ile uzman e\u011fitmenler e\u015fli\u011finde geli\u015fmi\u015f bir e\u011fitim olana\u011f\u0131 \u00e7ocuklar\u0131n\u0131z\u0131 bekliyor...\" \/>\n<meta property=\"og:url\" content=\"https:\/\/www.sinavkolej.com\/fatihkoleji\/ilkokul\/\" \/>\n<meta property=\"og:site_name\" content=\"Fatih S\u0131nav Koleji\" \/>\n<meta property=\"article:modified_time\" content=\"2024-04-03T00:38:50+00:00\" \/>\n<meta property=\"og:image\" content=\"https:\/\/www.sinavkolej.com\/fatihkoleji\/wp-content\/uploads\/2023\/10\/utangac-ogrenciler-konusunda-ogretmenlere-oneriler.jpg\" \/>\n<meta name=\"twitter:card\" content=\"summary_large_image\" \/>\n<meta name=\"twitter:label1\" content=\"Tahmini okuma s\u00fcresi\" \/>\n\t<meta name=\"twitter:data1\" content=\"4 dakika\" \/>\n<script type=\"application\/ld+json\" class=\"yoast-schema-graph\">{\"@context\":\"https:\/\/schema.org\",\"@graph\":[{\"@type\":\"WebPage\",\"@id\":\"https:\/\/www.sinavkolej.com\/fatihkoleji\/ilkokul\/\",\"url\":\"https:\/\/www.sinavkolej.com\/fatihkoleji\/ilkokul\/\",\"name\":\"\u0130lkokul - Fatih S\u0131nav Koleji\",\"isPartOf\":{\"@id\":\"https:\/\/www.sinavkolej.com\/fatihkoleji\/#website\"},\"primaryImageOfPage\":{\"@id\":\"https:\/\/www.sinavkolej.com\/fatihkoleji\/ilkokul\/#primaryimage\"},\"image\":{\"@id\":\"https:\/\/www.sinavkolej.com\/fatihkoleji\/ilkokul\/#primaryimage\"},\"thumbnailUrl\":\"https:\/\/www.sinavkolej.com\/fatihkoleji\/wp-content\/uploads\/2023\/10\/utangac-ogrenciler-konusunda-ogretmenlere-oneriler.jpg\",\"datePublished\":\"2023-10-24T12:35:19+00:00\",\"dateModified\":\"2024-04-03T00:38:50+00:00\",\"description\":\"S\u0131nav Koleji ile uzman e\u011fitmenler e\u015fli\u011finde geli\u015fmi\u015f bir e\u011fitim olana\u011f\u0131 \u00e7ocuklar\u0131n\u0131z\u0131 bekliyor...\",\"breadcrumb\":{\"@id\":\"https:\/\/www.sinavkolej.com\/fatihkoleji\/ilkokul\/#breadcrumb\"},\"inLanguage\":\"tr\",\"potentialAction\":[{\"@type\":\"ReadAction\",\"target\":[\"https:\/\/www.sinavkolej.com\/fatihkoleji\/ilkokul\/\"]}]},{\"@type\":\"ImageObject\",\"inLanguage\":\"tr\",\"@id\":\"https:\/\/www.sinavkolej.com\/fatihkoleji\/ilkokul\/#primaryimage\",\"url\":\"https:\/\/www.sinavkolej.com\/fatihkoleji\/wp-content\/uploads\/2023\/10\/utangac-ogrenciler-konusunda-ogretmenlere-oneriler.jpg\",\"contentUrl\":\"https:\/\/www.sinavkolej.com\/fatihkoleji\/wp-content\/uploads\/2023\/10\/utangac-ogrenciler-konusunda-ogretmenlere-oneriler.jpg\",\"width\":1280,\"height\":720},{\"@type\":\"BreadcrumbList\",\"@id\":\"https:\/\/www.sinavkolej.com\/fatihkoleji\/ilkokul\/#breadcrumb\",\"itemListElement\":[{\"@type\":\"ListItem\",\"position\":1,\"name\":\"Anasayfa\",\"item\":\"https:\/\/www.sinavkolej.com\/fatihkoleji\/\"},{\"@type\":\"ListItem\",\"position\":2,\"name\":\"\u0130lkokul\"}]},{\"@type\":\"WebSite\",\"@id\":\"https:\/\/www.sinavkolej.com\/fatihkoleji\/#website\",\"url\":\"https:\/\/www.sinavkolej.com\/fatihkoleji\/\",\"name\":\"Fatih S\u0131nav Koleji\",\"description\":\"Fatih S\u0131nav Koleji\",\"potentialAction\":[{\"@type\":\"SearchAction\",\"target\":{\"@type\":\"EntryPoint\",\"urlTemplate\":\"https:\/\/www.sinavkolej.com\/fatihkoleji\/?s={search_term_string}\"},\"query-input\":{\"@type\":\"PropertyValueSpecification\",\"valueRequired\":true,\"valueName\":\"search_term_string\"}}],\"inLanguage\":\"tr\"}]}<\/script>\n<!-- \/ Yoast SEO plugin. -->","yoast_head_json":{"title":"\u0130lkokul - Fatih S\u0131nav Koleji","description":"S\u0131nav Koleji ile uzman e\u011fitmenler e\u015fli\u011finde geli\u015fmi\u015f bir e\u011fitim olana\u011f\u0131 \u00e7ocuklar\u0131n\u0131z\u0131 bekliyor...","robots":{"index":"index","follow":"follow","max-snippet":"max-snippet:-1","max-image-preview":"max-image-preview:large","max-video-preview":"max-video-preview:-1"},"canonical":"https:\/\/www.sinavkolej.com\/fatihkoleji\/ilkokul\/","og_locale":"tr_TR","og_type":"article","og_title":"\u0130lkokul - Fatih S\u0131nav Koleji","og_description":"S\u0131nav Koleji ile uzman e\u011fitmenler e\u015fli\u011finde geli\u015fmi\u015f bir e\u011fitim olana\u011f\u0131 \u00e7ocuklar\u0131n\u0131z\u0131 bekliyor...","og_url":"https:\/\/www.sinavkolej.com\/fatihkoleji\/ilkokul\/","og_site_name":"Fatih S\u0131nav Koleji","article_modified_time":"2024-04-03T00:38:50+00:00","og_image":[{"url":"https:\/\/www.sinavkolej.com\/fatihkoleji\/wp-content\/uploads\/2023\/10\/utangac-ogrenciler-konusunda-ogretmenlere-oneriler.jpg","type":"","width":"","height":""}],"twitter_card":"summary_large_image","twitter_misc":{"Tahmini okuma s\u00fcresi":"4 dakika"},"schema":{"@context":"https:\/\/schema.org","@graph":[{"@type":"WebPage","@id":"https:\/\/www.sinavkolej.com\/fatihkoleji\/ilkokul\/","url":"https:\/\/www.sinavkolej.com\/fatihkoleji\/ilkokul\/","name":"\u0130lkokul - Fatih S\u0131nav Koleji","isPartOf":{"@id":"https:\/\/www.sinavkolej.com\/fatihkoleji\/#website"},"primaryImageOfPage":{"@id":"https:\/\/www.sinavkolej.com\/fatihkoleji\/ilkokul\/#primaryimage"},"image":{"@id":"https:\/\/www.sinavkolej.com\/fatihkoleji\/ilkokul\/#primaryimage"},"thumbnailUrl":"https:\/\/www.sinavkolej.com\/fatihkoleji\/wp-content\/uploads\/2023\/10\/utangac-ogrenciler-konusunda-ogretmenlere-oneriler.jpg","datePublished":"2023-10-24T12:35:19+00:00","dateModified":"2024-04-03T00:38:50+00:00","description":"S\u0131nav Koleji ile uzman e\u011fitmenler e\u015fli\u011finde geli\u015fmi\u015f bir e\u011fitim olana\u011f\u0131 \u00e7ocuklar\u0131n\u0131z\u0131 bekliyor...","breadcrumb":{"@id":"https:\/\/www.sinavkolej.com\/fatihkoleji\/ilkokul\/#breadcrumb"},"inLanguage":"tr","potentialAction":[{"@type":"ReadAction","target":["https:\/\/www.sinavkolej.com\/fatihkoleji\/ilkokul\/"]}]},{"@type":"ImageObject","inLanguage":"tr","@id":"https:\/\/www.sinavkolej.com\/fatihkoleji\/ilkokul\/#primaryimage","url":"https:\/\/www.sinavkolej.com\/fatihkoleji\/wp-content\/uploads\/2023\/10\/utangac-ogrenciler-konusunda-ogretmenlere-oneriler.jpg","contentUrl":"https:\/\/www.sinavkolej.com\/fatihkoleji\/wp-content\/uploads\/2023\/10\/utangac-ogrenciler-konusunda-ogretmenlere-oneriler.jpg","width":1280,"height":720},{"@type":"BreadcrumbList","@id":"https:\/\/www.sinavkolej.com\/fatihkoleji\/ilkokul\/#breadcrumb","itemListElement":[{"@type":"ListItem","position":1,"name":"Anasayfa","item":"https:\/\/www.sinavkolej.com\/fatihkoleji\/"},{"@type":"ListItem","position":2,"name":"\u0130lkokul"}]},{"@type":"WebSite","@id":"https:\/\/www.sinavkolej.com\/fatihkoleji\/#website","url":"https:\/\/www.sinavkolej.com\/fatihkoleji\/","name":"Fatih S\u0131nav Koleji","description":"Fatih S\u0131nav Koleji","potentialAction":[{"@type":"SearchAction","target":{"@type":"EntryPoint","urlTemplate":"https:\/\/www.sinavkolej.com\/fatihkoleji\/?s={search_term_string}"},"query-input":{"@type":"PropertyValueSpecification","valueRequired":true,"valueName":"search_term_string"}}],"inLanguage":"tr"}]}},"_links":{"self":[{"href":"https:\/\/www.sinavkolej.com\/fatihkoleji\/wp-json\/wp\/v2\/pages\/4132","targetHints":{"allow":["GET"]}}],"collection":[{"href":"https:\/\/www.sinavkolej.com\/fatihkoleji\/wp-json\/wp\/v2\/pages"}],"about":[{"href":"https:\/\/www.sinavkolej.com\/fatihkoleji\/wp-json\/wp\/v2\/types\/page"}],"author":[{"embeddable":true,"href":"https:\/\/www.sinavkolej.com\/fatihkoleji\/wp-json\/wp\/v2\/users\/1"}],"replies":[{"embeddable":true,"href":"https:\/\/www.sinavkolej.com\/fatihkoleji\/wp-json\/wp\/v2\/comments?post=4132"}],"version-history":[{"count":4,"href":"https:\/\/www.sinavkolej.com\/fatihkoleji\/wp-json\/wp\/v2\/pages\/4132\/revisions"}],"predecessor-version":[{"id":4139,"href":"https:\/\/www.sinavkolej.com\/fatihkoleji\/wp-json\/wp\/v2\/pages\/4132\/revisions\/4139"}],"wp:attachment":[{"href":"https:\/\/www.sinavkolej.com\/fatihkoleji\/wp-json\/wp\/v2\/media?parent=4132"}],"curies":[{"name":"wp","href":"https:\/\/api.w.org\/{rel}","templated":true}]}}