{"id":4177,"date":"2023-10-24T13:09:29","date_gmt":"2023-10-24T13:09:29","guid":{"rendered":"https:\/\/www.sinavkolej.com\/fatihkoleji\/?page_id=4177"},"modified":"2024-04-04T09:44:01","modified_gmt":"2024-04-04T06:44:01","slug":"mentor-ogretmenlik","status":"publish","type":"page","link":"https:\/\/www.sinavkolej.com\/fatihkoleji\/mentor-ogretmenlik\/","title":{"rendered":"Mentor \u00d6\u011fretmenlik"},"content":{"rendered":"\t\t<div data-elementor-type=\"wp-page\" data-elementor-id=\"4177\" class=\"elementor elementor-4177\">\n\t\t\t\t\t\t<section class=\"elementor-section elementor-top-section elementor-element elementor-element-b63540a elementor-section-boxed elementor-section-height-default elementor-section-height-default\" data-id=\"b63540a\" data-element_type=\"section\">\n\t\t\t\t\t\t<div class=\"elementor-container elementor-column-gap-no\">\n\t\t\t\t\t<div class=\"elementor-column elementor-col-100 elementor-top-column elementor-element elementor-element-2b37718\" data-id=\"2b37718\" data-element_type=\"column\">\n\t\t\t<div class=\"elementor-widget-wrap elementor-element-populated\">\n\t\t\t\t\t\t<section class=\"elementor-section elementor-inner-section elementor-element elementor-element-e3ffe3f elementor-section-boxed elementor-section-height-default elementor-section-height-default\" data-id=\"e3ffe3f\" data-element_type=\"section\">\n\t\t\t\t\t\t<div class=\"elementor-container elementor-column-gap-no\">\n\t\t\t\t\t<div class=\"elementor-column elementor-col-100 elementor-inner-column elementor-element elementor-element-90fb08b\" data-id=\"90fb08b\" data-element_type=\"column\">\n\t\t\t<div class=\"elementor-widget-wrap elementor-element-populated\">\n\t\t\t\t\r\n\r\n\t\t<div class=\"elementor-element elementor-element-cf29924 elementor-widget elementor-widget-image\" data-id=\"cf29924\" data-element_type=\"widget\" data-widget_type=\"image.default\">\n\t\t\t\t<div class=\"elementor-widget-container\">\n\t\t\t\t\t\t\t\t\t\t\t\t\t\t\t<img fetchpriority=\"high\" decoding=\"async\" width=\"760\" height=\"450\" src=\"https:\/\/www.sinavkolej.com\/fatihkoleji\/wp-content\/uploads\/2023\/10\/kapak_093313.jpg\" class=\"attachment-full size-full wp-image-4179\" alt=\"Fatih S\u0131nav Koleji\" srcset=\"https:\/\/www.sinavkolej.com\/fatihkoleji\/wp-content\/uploads\/2023\/10\/kapak_093313.jpg 760w, https:\/\/www.sinavkolej.com\/fatihkoleji\/wp-content\/uploads\/2023\/10\/kapak_093313-300x178.jpg 300w\" sizes=\"(max-width: 760px) 100vw, 760px\" \/>\t\t\t\t\t\t\t\t\t\t\t\t\t\t\t<\/div>\n\t\t\t\t<\/div>\n\t\t\t\t<div class=\"elementor-element elementor-element-2148a4c elementor-widget elementor-widget-heading\" data-id=\"2148a4c\" data-element_type=\"widget\" data-widget_type=\"heading.default\">\n\t\t\t\t<div class=\"elementor-widget-container\">\n\t\t\t\t\t<h3 class=\"elementor-heading-title elementor-size-default\">Mentor \u00d6\u011fretmenlik<\/h3>\t\t\t\t<\/div>\n\t\t\t\t<\/div>\n\t\t\t\t<div class=\"elementor-element elementor-element-154bc68 elementor-widget elementor-widget-text-editor\" data-id=\"154bc68\" data-element_type=\"widget\" data-widget_type=\"text-editor.default\">\n\t\t\t\t<div class=\"elementor-widget-container\">\n\t\t\t\t\t\t\t\t\t<p>Anaokulundan 5. s\u0131n\u0131fa \u201cher s\u0131n\u0131fta 2 \u00f6\u011fretmen\u201d uygulamas\u0131yla S\u0131nav Kolejlerinde;<\/p><p>\u00d6\u011fretmenlerimiz \u00f6\u011frencilere daha fazla bire bir zaman ay\u0131rabilmektedir.Her \u00f6\u011frencinin farkl\u0131 \u00f6\u011frenme stiline g\u00f6re \u00f6\u011fretim metodu uygulanmaktad\u0131r.Bire bir ilgi ve y\u00fcksek sosyal etkile\u015fimle \u00f6\u011frencinin ilgi alanlar\u0131na uygun y\u00f6nlendirme yap\u0131lmaktad\u0131r.<\/p><p>5. s\u0131n\u0131ftan itibaren mentor \u00f6\u011fretmenlik sistemi uygulanan S\u0131nav Kolejlerinde;<\/p><p>\u00d6\u011frencinin derslerdeki geli\u015fimi, motivasyonu ve devaml\u0131l\u0131\u011f\u0131 izlenmektedir.\u00d6\u011fretmenleri, ailesi ve arkada\u015flar\u0131yla ili\u015fkilerine ve sosyal ya\u015fam\u0131na katk\u0131 sa\u011flanmaktad\u0131r.Sorunlar kar\u015f\u0131s\u0131nda kendi \u00e7\u00f6z\u00fcmlerini \u00fcretmesi, kendini yeni ko\u015fullara g\u00f6re yap\u0131land\u0131rmas\u0131 m\u00fcmk\u00fcn olmaktad\u0131r.<\/p><p>Her \u00f6\u011frencimiz, mentor \u00f6\u011fretmenlik sistemiyle \u2018ba\u015far\u0131l\u0131-ba\u015far\u0131s\u0131z\u2019 diye ayr\u0131\u015ft\u0131r\u0131lmadan 12. s\u0131n\u0131fa kadar bir \u00f6\u011fretmenden dan\u0131\u015fmanl\u0131k deste\u011fi al\u0131yor.<\/p>\t\t\t\t\t\t\t\t<\/div>\n\t\t\t\t<\/div>\n\t\t\t\t\t<\/div>\n\t\t<\/div>\n\t\t\t\t\t<\/div>\n\t\t<\/section>\n\t\t\t\t\t<\/div>\n\t\t<\/div>\n\t\t\t\t\t<\/div>\n\t\t<\/section>\n\t\t\t\t<\/div>\n\t\t","protected":false},"excerpt":{"rendered":"<p>Mentor \u00d6\u011fretmenlik Anaokulundan 5. s\u0131n\u0131fa \u201cher s\u0131n\u0131fta 2 \u00f6\u011fretmen\u201d uygulamas\u0131yla S\u0131nav Kolejlerinde; \u00d6\u011fretmenlerimiz \u00f6\u011frencilere daha fazla bire bir zaman ay\u0131rabilmektedir.Her \u00f6\u011frencinin farkl\u0131 \u00f6\u011frenme stiline g\u00f6re \u00f6\u011fretim metodu uygulanmaktad\u0131r.Bire bir ilgi ve y\u00fcksek sosyal etkile\u015fimle \u00f6\u011frencinin ilgi alanlar\u0131na uygun y\u00f6nlendirme yap\u0131lmaktad\u0131r. 5. s\u0131n\u0131ftan itibaren mentor \u00f6\u011fretmenlik sistemi uygulanan S\u0131nav Kolejlerinde; \u00d6\u011frencinin derslerdeki geli\u015fimi, motivasyonu ve devaml\u0131l\u0131\u011f\u0131&#8230;<\/p>\n","protected":false},"author":1,"featured_media":0,"parent":0,"menu_order":0,"comment_status":"closed","ping_status":"closed","template":"template-builder.php","meta":{"footnotes":""},"class_list":["post-4177","page","type-page","status-publish","hentry"],"yoast_head":"<!-- This site is optimized with the Yoast SEO plugin v25.4 - https:\/\/yoast.com\/wordpress\/plugins\/seo\/ -->\n<title>Fatih S\u0131nav Koleji Mentor \u00d6\u011fretmenlik - S\u0131nav Kolej, \u00d6zel Okul, Anaokulu, \u0130lkokul, Ortaokul, Lise<\/title>\n<meta name=\"description\" content=\"S\u0131nav Koleji ile uzman e\u011fitmenler e\u015fli\u011finde geli\u015fmi\u015f bir e\u011fitim olana\u011f\u0131 \u00e7ocuklar\u0131n\u0131z\u0131 bekliyor...\" \/>\n<meta name=\"robots\" content=\"index, follow, max-snippet:-1, max-image-preview:large, max-video-preview:-1\" \/>\n<link rel=\"canonical\" href=\"https:\/\/www.sinavkolej.com\/fatihkoleji\/mentor-ogretmenlik\/\" \/>\n<meta property=\"og:locale\" content=\"tr_TR\" \/>\n<meta property=\"og:type\" content=\"article\" \/>\n<meta property=\"og:title\" content=\"Fatih S\u0131nav Koleji Mentor \u00d6\u011fretmenlik - S\u0131nav Kolej, \u00d6zel Okul, Anaokulu, \u0130lkokul, Ortaokul, Lise\" \/>\n<meta property=\"og:description\" content=\"S\u0131nav Koleji ile uzman e\u011fitmenler e\u015fli\u011finde geli\u015fmi\u015f bir e\u011fitim olana\u011f\u0131 \u00e7ocuklar\u0131n\u0131z\u0131 bekliyor...\" \/>\n<meta property=\"og:url\" content=\"https:\/\/www.sinavkolej.com\/fatihkoleji\/mentor-ogretmenlik\/\" \/>\n<meta property=\"og:site_name\" content=\"Fatih S\u0131nav Koleji\" \/>\n<meta property=\"article:modified_time\" content=\"2024-04-04T06:44:01+00:00\" \/>\n<meta property=\"og:image\" content=\"https:\/\/www.sinavkolej.com\/fatihkoleji\/wp-content\/uploads\/2023\/10\/kapak_093313.jpg\" \/>\n<meta name=\"twitter:card\" content=\"summary_large_image\" \/>\n<meta name=\"twitter:label1\" content=\"Tahmini okuma s\u00fcresi\" \/>\n\t<meta name=\"twitter:data1\" content=\"1 dakika\" \/>\n<script type=\"application\/ld+json\" class=\"yoast-schema-graph\">{\"@context\":\"https:\/\/schema.org\",\"@graph\":[{\"@type\":\"WebPage\",\"@id\":\"https:\/\/www.sinavkolej.com\/fatihkoleji\/mentor-ogretmenlik\/\",\"url\":\"https:\/\/www.sinavkolej.com\/fatihkoleji\/mentor-ogretmenlik\/\",\"name\":\"Fatih S\u0131nav Koleji Mentor \u00d6\u011fretmenlik - S\u0131nav Kolej, \u00d6zel Okul, Anaokulu, \u0130lkokul, Ortaokul, Lise\",\"isPartOf\":{\"@id\":\"https:\/\/www.sinavkolej.com\/fatihkoleji\/#website\"},\"primaryImageOfPage\":{\"@id\":\"https:\/\/www.sinavkolej.com\/fatihkoleji\/mentor-ogretmenlik\/#primaryimage\"},\"image\":{\"@id\":\"https:\/\/www.sinavkolej.com\/fatihkoleji\/mentor-ogretmenlik\/#primaryimage\"},\"thumbnailUrl\":\"https:\/\/www.sinavkolej.com\/fatihkoleji\/wp-content\/uploads\/2023\/10\/kapak_093313.jpg\",\"datePublished\":\"2023-10-24T13:09:29+00:00\",\"dateModified\":\"2024-04-04T06:44:01+00:00\",\"description\":\"S\u0131nav Koleji ile uzman e\u011fitmenler e\u015fli\u011finde geli\u015fmi\u015f bir e\u011fitim olana\u011f\u0131 \u00e7ocuklar\u0131n\u0131z\u0131 bekliyor...\",\"breadcrumb\":{\"@id\":\"https:\/\/www.sinavkolej.com\/fatihkoleji\/mentor-ogretmenlik\/#breadcrumb\"},\"inLanguage\":\"tr\",\"potentialAction\":[{\"@type\":\"ReadAction\",\"target\":[\"https:\/\/www.sinavkolej.com\/fatihkoleji\/mentor-ogretmenlik\/\"]}]},{\"@type\":\"ImageObject\",\"inLanguage\":\"tr\",\"@id\":\"https:\/\/www.sinavkolej.com\/fatihkoleji\/mentor-ogretmenlik\/#primaryimage\",\"url\":\"https:\/\/www.sinavkolej.com\/fatihkoleji\/wp-content\/uploads\/2023\/10\/kapak_093313.jpg\",\"contentUrl\":\"https:\/\/www.sinavkolej.com\/fatihkoleji\/wp-content\/uploads\/2023\/10\/kapak_093313.jpg\",\"width\":760,\"height\":450,\"caption\":\"Fatih S\u0131nav Koleji\"},{\"@type\":\"BreadcrumbList\",\"@id\":\"https:\/\/www.sinavkolej.com\/fatihkoleji\/mentor-ogretmenlik\/#breadcrumb\",\"itemListElement\":[{\"@type\":\"ListItem\",\"position\":1,\"name\":\"Anasayfa\",\"item\":\"https:\/\/www.sinavkolej.com\/fatihkoleji\/\"},{\"@type\":\"ListItem\",\"position\":2,\"name\":\"Mentor \u00d6\u011fretmenlik\"}]},{\"@type\":\"WebSite\",\"@id\":\"https:\/\/www.sinavkolej.com\/fatihkoleji\/#website\",\"url\":\"https:\/\/www.sinavkolej.com\/fatihkoleji\/\",\"name\":\"Fatih S\u0131nav Koleji\",\"description\":\"Fatih S\u0131nav Koleji\",\"potentialAction\":[{\"@type\":\"SearchAction\",\"target\":{\"@type\":\"EntryPoint\",\"urlTemplate\":\"https:\/\/www.sinavkolej.com\/fatihkoleji\/?s={search_term_string}\"},\"query-input\":{\"@type\":\"PropertyValueSpecification\",\"valueRequired\":true,\"valueName\":\"search_term_string\"}}],\"inLanguage\":\"tr\"}]}<\/script>\n<!-- \/ Yoast SEO plugin. -->","yoast_head_json":{"title":"Fatih S\u0131nav Koleji Mentor \u00d6\u011fretmenlik - S\u0131nav Kolej, \u00d6zel Okul, Anaokulu, \u0130lkokul, Ortaokul, Lise","description":"S\u0131nav Koleji ile uzman e\u011fitmenler e\u015fli\u011finde geli\u015fmi\u015f bir e\u011fitim olana\u011f\u0131 \u00e7ocuklar\u0131n\u0131z\u0131 bekliyor...","robots":{"index":"index","follow":"follow","max-snippet":"max-snippet:-1","max-image-preview":"max-image-preview:large","max-video-preview":"max-video-preview:-1"},"canonical":"https:\/\/www.sinavkolej.com\/fatihkoleji\/mentor-ogretmenlik\/","og_locale":"tr_TR","og_type":"article","og_title":"Fatih S\u0131nav Koleji Mentor \u00d6\u011fretmenlik - S\u0131nav Kolej, \u00d6zel Okul, Anaokulu, \u0130lkokul, Ortaokul, Lise","og_description":"S\u0131nav Koleji ile uzman e\u011fitmenler e\u015fli\u011finde geli\u015fmi\u015f bir e\u011fitim olana\u011f\u0131 \u00e7ocuklar\u0131n\u0131z\u0131 bekliyor...","og_url":"https:\/\/www.sinavkolej.com\/fatihkoleji\/mentor-ogretmenlik\/","og_site_name":"Fatih S\u0131nav Koleji","article_modified_time":"2024-04-04T06:44:01+00:00","og_image":[{"url":"https:\/\/www.sinavkolej.com\/fatihkoleji\/wp-content\/uploads\/2023\/10\/kapak_093313.jpg","type":"","width":"","height":""}],"twitter_card":"summary_large_image","twitter_misc":{"Tahmini okuma s\u00fcresi":"1 dakika"},"schema":{"@context":"https:\/\/schema.org","@graph":[{"@type":"WebPage","@id":"https:\/\/www.sinavkolej.com\/fatihkoleji\/mentor-ogretmenlik\/","url":"https:\/\/www.sinavkolej.com\/fatihkoleji\/mentor-ogretmenlik\/","name":"Fatih S\u0131nav Koleji Mentor \u00d6\u011fretmenlik - S\u0131nav Kolej, \u00d6zel Okul, Anaokulu, \u0130lkokul, Ortaokul, Lise","isPartOf":{"@id":"https:\/\/www.sinavkolej.com\/fatihkoleji\/#website"},"primaryImageOfPage":{"@id":"https:\/\/www.sinavkolej.com\/fatihkoleji\/mentor-ogretmenlik\/#primaryimage"},"image":{"@id":"https:\/\/www.sinavkolej.com\/fatihkoleji\/mentor-ogretmenlik\/#primaryimage"},"thumbnailUrl":"https:\/\/www.sinavkolej.com\/fatihkoleji\/wp-content\/uploads\/2023\/10\/kapak_093313.jpg","datePublished":"2023-10-24T13:09:29+00:00","dateModified":"2024-04-04T06:44:01+00:00","description":"S\u0131nav Koleji ile uzman e\u011fitmenler e\u015fli\u011finde geli\u015fmi\u015f bir e\u011fitim olana\u011f\u0131 \u00e7ocuklar\u0131n\u0131z\u0131 bekliyor...","breadcrumb":{"@id":"https:\/\/www.sinavkolej.com\/fatihkoleji\/mentor-ogretmenlik\/#breadcrumb"},"inLanguage":"tr","potentialAction":[{"@type":"ReadAction","target":["https:\/\/www.sinavkolej.com\/fatihkoleji\/mentor-ogretmenlik\/"]}]},{"@type":"ImageObject","inLanguage":"tr","@id":"https:\/\/www.sinavkolej.com\/fatihkoleji\/mentor-ogretmenlik\/#primaryimage","url":"https:\/\/www.sinavkolej.com\/fatihkoleji\/wp-content\/uploads\/2023\/10\/kapak_093313.jpg","contentUrl":"https:\/\/www.sinavkolej.com\/fatihkoleji\/wp-content\/uploads\/2023\/10\/kapak_093313.jpg","width":760,"height":450,"caption":"Fatih S\u0131nav Koleji"},{"@type":"BreadcrumbList","@id":"https:\/\/www.sinavkolej.com\/fatihkoleji\/mentor-ogretmenlik\/#breadcrumb","itemListElement":[{"@type":"ListItem","position":1,"name":"Anasayfa","item":"https:\/\/www.sinavkolej.com\/fatihkoleji\/"},{"@type":"ListItem","position":2,"name":"Mentor \u00d6\u011fretmenlik"}]},{"@type":"WebSite","@id":"https:\/\/www.sinavkolej.com\/fatihkoleji\/#website","url":"https:\/\/www.sinavkolej.com\/fatihkoleji\/","name":"Fatih S\u0131nav Koleji","description":"Fatih S\u0131nav Koleji","potentialAction":[{"@type":"SearchAction","target":{"@type":"EntryPoint","urlTemplate":"https:\/\/www.sinavkolej.com\/fatihkoleji\/?s={search_term_string}"},"query-input":{"@type":"PropertyValueSpecification","valueRequired":true,"valueName":"search_term_string"}}],"inLanguage":"tr"}]}},"_links":{"self":[{"href":"https:\/\/www.sinavkolej.com\/fatihkoleji\/wp-json\/wp\/v2\/pages\/4177","targetHints":{"allow":["GET"]}}],"collection":[{"href":"https:\/\/www.sinavkolej.com\/fatihkoleji\/wp-json\/wp\/v2\/pages"}],"about":[{"href":"https:\/\/www.sinavkolej.com\/fatihkoleji\/wp-json\/wp\/v2\/types\/page"}],"author":[{"embeddable":true,"href":"https:\/\/www.sinavkolej.com\/fatihkoleji\/wp-json\/wp\/v2\/users\/1"}],"replies":[{"embeddable":true,"href":"https:\/\/www.sinavkolej.com\/fatihkoleji\/wp-json\/wp\/v2\/comments?post=4177"}],"version-history":[{"count":4,"href":"https:\/\/www.sinavkolej.com\/fatihkoleji\/wp-json\/wp\/v2\/pages\/4177\/revisions"}],"predecessor-version":[{"id":4182,"href":"https:\/\/www.sinavkolej.com\/fatihkoleji\/wp-json\/wp\/v2\/pages\/4177\/revisions\/4182"}],"wp:attachment":[{"href":"https:\/\/www.sinavkolej.com\/fatihkoleji\/wp-json\/wp\/v2\/media?parent=4177"}],"curies":[{"name":"wp","href":"https:\/\/api.w.org\/{rel}","templated":true}]}}