{"id":4189,"date":"2023-10-24T13:19:36","date_gmt":"2023-10-24T13:19:36","guid":{"rendered":"https:\/\/www.sinavkolej.com\/fatihkoleji\/?page_id=4189"},"modified":"2024-04-04T09:51:10","modified_gmt":"2024-04-04T06:51:10","slug":"after-school","status":"publish","type":"page","link":"https:\/\/www.sinavkolej.com\/fatihkoleji\/after-school\/","title":{"rendered":"After School"},"content":{"rendered":"\t\t<div data-elementor-type=\"wp-page\" data-elementor-id=\"4189\" class=\"elementor elementor-4189\">\n\t\t\t\t\t\t<section class=\"elementor-section elementor-top-section elementor-element elementor-element-b63540a elementor-section-boxed elementor-section-height-default elementor-section-height-default\" data-id=\"b63540a\" data-element_type=\"section\">\n\t\t\t\t\t\t<div class=\"elementor-container elementor-column-gap-no\">\n\t\t\t\t\t<div class=\"elementor-column elementor-col-100 elementor-top-column elementor-element elementor-element-2b37718\" data-id=\"2b37718\" data-element_type=\"column\">\n\t\t\t<div class=\"elementor-widget-wrap elementor-element-populated\">\n\t\t\t\t\t\t<section class=\"elementor-section elementor-inner-section elementor-element elementor-element-e3ffe3f elementor-section-boxed elementor-section-height-default elementor-section-height-default\" data-id=\"e3ffe3f\" data-element_type=\"section\">\n\t\t\t\t\t\t<div class=\"elementor-container elementor-column-gap-no\">\n\t\t\t\t\t<div class=\"elementor-column elementor-col-100 elementor-inner-column elementor-element elementor-element-90fb08b\" data-id=\"90fb08b\" data-element_type=\"column\">\n\t\t\t<div class=\"elementor-widget-wrap elementor-element-populated\">\n\t\t\t\t\r\n\r\n\t\t<div class=\"elementor-element elementor-element-cf29924 elementor-widget elementor-widget-image\" data-id=\"cf29924\" data-element_type=\"widget\" data-widget_type=\"image.default\">\n\t\t\t\t<div class=\"elementor-widget-container\">\n\t\t\t\t\t\t\t\t\t\t\t\t\t\t\t<img fetchpriority=\"high\" decoding=\"async\" width=\"716\" height=\"500\" src=\"https:\/\/www.sinavkolej.com\/fatihkoleji\/wp-content\/uploads\/2023\/10\/cropped-cropped-afterschool.jpg\" class=\"attachment-full size-full wp-image-4191\" alt=\"Fatih S\u0131nav Koleji\" srcset=\"https:\/\/www.sinavkolej.com\/fatihkoleji\/wp-content\/uploads\/2023\/10\/cropped-cropped-afterschool.jpg 716w, https:\/\/www.sinavkolej.com\/fatihkoleji\/wp-content\/uploads\/2023\/10\/cropped-cropped-afterschool-300x209.jpg 300w\" sizes=\"(max-width: 716px) 100vw, 716px\" \/>\t\t\t\t\t\t\t\t\t\t\t\t\t\t\t<\/div>\n\t\t\t\t<\/div>\n\t\t\t\t<div class=\"elementor-element elementor-element-2148a4c elementor-widget elementor-widget-heading\" data-id=\"2148a4c\" data-element_type=\"widget\" data-widget_type=\"heading.default\">\n\t\t\t\t<div class=\"elementor-widget-container\">\n\t\t\t\t\t<h3 class=\"elementor-heading-title elementor-size-default\">After School<\/h3>\t\t\t\t<\/div>\n\t\t\t\t<\/div>\n\t\t\t\t<div class=\"elementor-element elementor-element-154bc68 elementor-widget elementor-widget-text-editor\" data-id=\"154bc68\" data-element_type=\"widget\" data-widget_type=\"text-editor.default\">\n\t\t\t\t<div class=\"elementor-widget-container\">\n\t\t\t\t\t\t\t\t\t<p>Okulu yaln\u0131zca akademik bilgi ve beceri kazand\u0131ran bir yer olmaktan \u00f6te \u00f6\u011frencinin bedensel geli\u015fimine, sosyal ve k\u00fclt\u00fcrel birikimine katk\u0131da bulunan ortamlar\u0131n t\u00fcm\u00fcn\u00fc i\u00e7ine alan ya\u015fam alan\u0131 olarak kabul eden S\u0131nav Kolejlerinde;Akademik ba\u015far\u0131y\u0131 destekleyecek ve \u00f6\u011frencilerin okul motivasyonlar\u0131n\u0131 artt\u0131racak bilimsel, sosyal, k\u00fclt\u00fcrel, sanatsal ve sportif etkinlerden olu\u015fan After School program\u0131 uygulanmaktad\u0131r.Ulusal s\u0131navlara haz\u0131rl\u0131k s\u00fcreci, After School program\u0131 \u00e7er\u00e7evesinde S\u0131nav E\u011fitim Kurumlar\u0131\u2019n\u0131n 25 y\u0131l\u0131 a\u015fk\u0131n birikimiyle y\u00fcr\u00fct\u00fclmektedir.<\/p><p>Her ilgiye ve beceriye uygun \u00e7ok say\u0131da nitelikli kul\u00fcp yer almaktad\u0131r.Kul\u00fcplerin se\u00e7iminde ve takibinde online sistem kullan\u0131lmaktad\u0131r.Alanlar\u0131nda uzman \u00f6\u011fretmen, sanat\u00e7\u0131 ve sporculardan olu\u015fan kul\u00fcp e\u011fitmenleri g\u00f6rev yapmaktad\u0131r.Kul\u00fcp etkinlikleri kapsam\u0131nda okul i\u00e7i ve d\u0131\u015f\u0131 g\u00f6steriler, organizasyonlar, sergiler d\u00fczenlenmektedir.<\/p><p>\u00d6\u011frencilerimiz After School \u00e7al\u0131\u015fmalar\u0131yla, akademik ba\u015far\u0131lar\u0131n\u0131 artt\u0131r\u0131yor, sosyal ba\u011flar\u0131n\u0131 g\u00fc\u00e7lendiriyor, fiziksel ve bili\u015fsel a\u00e7\u0131dan b\u00fcy\u00fck bir geli\u015fim sa\u011fl\u0131yorlar.<\/p><p>Detayl\u0131 bilgi i\u00e7in\u00a0<strong>Uygulamal\u0131 Dersler B\u00f6l\u00fcm\u00fc<\/strong>\u00a0ile irtibata ge\u00e7iniz.<\/p>\t\t\t\t\t\t\t\t<\/div>\n\t\t\t\t<\/div>\n\t\t\t\t\t<\/div>\n\t\t<\/div>\n\t\t\t\t\t<\/div>\n\t\t<\/section>\n\t\t\t\t\t<\/div>\n\t\t<\/div>\n\t\t\t\t\t<\/div>\n\t\t<\/section>\n\t\t\t\t<\/div>\n\t\t","protected":false},"excerpt":{"rendered":"<p>After School Okulu yaln\u0131zca akademik bilgi ve beceri kazand\u0131ran bir yer olmaktan \u00f6te \u00f6\u011frencinin bedensel geli\u015fimine, sosyal ve k\u00fclt\u00fcrel birikimine katk\u0131da bulunan ortamlar\u0131n t\u00fcm\u00fcn\u00fc i\u00e7ine alan ya\u015fam alan\u0131 olarak kabul eden S\u0131nav Kolejlerinde;Akademik ba\u015far\u0131y\u0131 destekleyecek ve \u00f6\u011frencilerin okul motivasyonlar\u0131n\u0131 artt\u0131racak bilimsel, sosyal, k\u00fclt\u00fcrel, sanatsal ve sportif etkinlerden olu\u015fan After School program\u0131 uygulanmaktad\u0131r.Ulusal s\u0131navlara haz\u0131rl\u0131k s\u00fcreci,&#8230;<\/p>\n","protected":false},"author":1,"featured_media":0,"parent":0,"menu_order":0,"comment_status":"closed","ping_status":"closed","template":"template-builder.php","meta":{"footnotes":""},"class_list":["post-4189","page","type-page","status-publish","hentry"],"yoast_head":"<!-- This site is optimized with the Yoast SEO plugin v25.4 - https:\/\/yoast.com\/wordpress\/plugins\/seo\/ -->\n<title>Fatih S\u0131nav Koleji After School - S\u0131nav Kolej, \u00d6zel Okul, Anaokulu, \u0130lkokul, Ortaokul, Lise<\/title>\n<meta name=\"robots\" content=\"index, follow, max-snippet:-1, max-image-preview:large, max-video-preview:-1\" \/>\n<link rel=\"canonical\" href=\"https:\/\/www.sinavkolej.com\/fatihkoleji\/after-school\/\" \/>\n<meta property=\"og:locale\" content=\"tr_TR\" \/>\n<meta property=\"og:type\" content=\"article\" \/>\n<meta property=\"og:title\" content=\"Fatih S\u0131nav Koleji After School - S\u0131nav Kolej, \u00d6zel Okul, Anaokulu, \u0130lkokul, Ortaokul, Lise\" \/>\n<meta property=\"og:description\" content=\"After School Okulu yaln\u0131zca akademik bilgi ve beceri kazand\u0131ran bir yer olmaktan \u00f6te \u00f6\u011frencinin bedensel geli\u015fimine, sosyal ve k\u00fclt\u00fcrel birikimine katk\u0131da bulunan ortamlar\u0131n t\u00fcm\u00fcn\u00fc i\u00e7ine alan ya\u015fam alan\u0131 olarak kabul eden S\u0131nav Kolejlerinde;Akademik ba\u015far\u0131y\u0131 destekleyecek ve \u00f6\u011frencilerin okul motivasyonlar\u0131n\u0131 artt\u0131racak bilimsel, sosyal, k\u00fclt\u00fcrel, sanatsal ve sportif etkinlerden olu\u015fan After School program\u0131 uygulanmaktad\u0131r.Ulusal s\u0131navlara haz\u0131rl\u0131k s\u00fcreci,...\" \/>\n<meta property=\"og:url\" content=\"https:\/\/www.sinavkolej.com\/fatihkoleji\/after-school\/\" \/>\n<meta property=\"og:site_name\" content=\"Fatih S\u0131nav Koleji\" \/>\n<meta property=\"article:modified_time\" content=\"2024-04-04T06:51:10+00:00\" \/>\n<meta property=\"og:image\" content=\"https:\/\/www.sinavkolej.com\/fatihkoleji\/wp-content\/uploads\/2023\/10\/cropped-cropped-afterschool.jpg\" \/>\n<meta name=\"twitter:card\" content=\"summary_large_image\" \/>\n<meta name=\"twitter:label1\" content=\"Tahmini okuma s\u00fcresi\" \/>\n\t<meta name=\"twitter:data1\" content=\"1 dakika\" \/>\n<script type=\"application\/ld+json\" class=\"yoast-schema-graph\">{\"@context\":\"https:\/\/schema.org\",\"@graph\":[{\"@type\":\"WebPage\",\"@id\":\"https:\/\/www.sinavkolej.com\/fatihkoleji\/after-school\/\",\"url\":\"https:\/\/www.sinavkolej.com\/fatihkoleji\/after-school\/\",\"name\":\"Fatih S\u0131nav Koleji After School - S\u0131nav Kolej, \u00d6zel Okul, Anaokulu, \u0130lkokul, Ortaokul, Lise\",\"isPartOf\":{\"@id\":\"https:\/\/www.sinavkolej.com\/fatihkoleji\/#website\"},\"primaryImageOfPage\":{\"@id\":\"https:\/\/www.sinavkolej.com\/fatihkoleji\/after-school\/#primaryimage\"},\"image\":{\"@id\":\"https:\/\/www.sinavkolej.com\/fatihkoleji\/after-school\/#primaryimage\"},\"thumbnailUrl\":\"https:\/\/www.sinavkolej.com\/fatihkoleji\/wp-content\/uploads\/2023\/10\/cropped-cropped-afterschool.jpg\",\"datePublished\":\"2023-10-24T13:19:36+00:00\",\"dateModified\":\"2024-04-04T06:51:10+00:00\",\"breadcrumb\":{\"@id\":\"https:\/\/www.sinavkolej.com\/fatihkoleji\/after-school\/#breadcrumb\"},\"inLanguage\":\"tr\",\"potentialAction\":[{\"@type\":\"ReadAction\",\"target\":[\"https:\/\/www.sinavkolej.com\/fatihkoleji\/after-school\/\"]}]},{\"@type\":\"ImageObject\",\"inLanguage\":\"tr\",\"@id\":\"https:\/\/www.sinavkolej.com\/fatihkoleji\/after-school\/#primaryimage\",\"url\":\"https:\/\/www.sinavkolej.com\/fatihkoleji\/wp-content\/uploads\/2023\/10\/cropped-cropped-afterschool.jpg\",\"contentUrl\":\"https:\/\/www.sinavkolej.com\/fatihkoleji\/wp-content\/uploads\/2023\/10\/cropped-cropped-afterschool.jpg\",\"width\":716,\"height\":500,\"caption\":\"Fatih S\u0131nav Koleji\"},{\"@type\":\"BreadcrumbList\",\"@id\":\"https:\/\/www.sinavkolej.com\/fatihkoleji\/after-school\/#breadcrumb\",\"itemListElement\":[{\"@type\":\"ListItem\",\"position\":1,\"name\":\"Anasayfa\",\"item\":\"https:\/\/www.sinavkolej.com\/fatihkoleji\/\"},{\"@type\":\"ListItem\",\"position\":2,\"name\":\"After School\"}]},{\"@type\":\"WebSite\",\"@id\":\"https:\/\/www.sinavkolej.com\/fatihkoleji\/#website\",\"url\":\"https:\/\/www.sinavkolej.com\/fatihkoleji\/\",\"name\":\"Fatih S\u0131nav Koleji\",\"description\":\"Fatih S\u0131nav Koleji\",\"potentialAction\":[{\"@type\":\"SearchAction\",\"target\":{\"@type\":\"EntryPoint\",\"urlTemplate\":\"https:\/\/www.sinavkolej.com\/fatihkoleji\/?s={search_term_string}\"},\"query-input\":{\"@type\":\"PropertyValueSpecification\",\"valueRequired\":true,\"valueName\":\"search_term_string\"}}],\"inLanguage\":\"tr\"}]}<\/script>\n<!-- \/ Yoast SEO plugin. -->","yoast_head_json":{"title":"Fatih S\u0131nav Koleji After School - S\u0131nav Kolej, \u00d6zel Okul, Anaokulu, \u0130lkokul, Ortaokul, Lise","robots":{"index":"index","follow":"follow","max-snippet":"max-snippet:-1","max-image-preview":"max-image-preview:large","max-video-preview":"max-video-preview:-1"},"canonical":"https:\/\/www.sinavkolej.com\/fatihkoleji\/after-school\/","og_locale":"tr_TR","og_type":"article","og_title":"Fatih S\u0131nav Koleji After School - S\u0131nav Kolej, \u00d6zel Okul, Anaokulu, \u0130lkokul, Ortaokul, Lise","og_description":"After School Okulu yaln\u0131zca akademik bilgi ve beceri kazand\u0131ran bir yer olmaktan \u00f6te \u00f6\u011frencinin bedensel geli\u015fimine, sosyal ve k\u00fclt\u00fcrel birikimine katk\u0131da bulunan ortamlar\u0131n t\u00fcm\u00fcn\u00fc i\u00e7ine alan ya\u015fam alan\u0131 olarak kabul eden S\u0131nav Kolejlerinde;Akademik ba\u015far\u0131y\u0131 destekleyecek ve \u00f6\u011frencilerin okul motivasyonlar\u0131n\u0131 artt\u0131racak bilimsel, sosyal, k\u00fclt\u00fcrel, sanatsal ve sportif etkinlerden olu\u015fan After School program\u0131 uygulanmaktad\u0131r.Ulusal s\u0131navlara haz\u0131rl\u0131k s\u00fcreci,...","og_url":"https:\/\/www.sinavkolej.com\/fatihkoleji\/after-school\/","og_site_name":"Fatih S\u0131nav Koleji","article_modified_time":"2024-04-04T06:51:10+00:00","og_image":[{"url":"https:\/\/www.sinavkolej.com\/fatihkoleji\/wp-content\/uploads\/2023\/10\/cropped-cropped-afterschool.jpg","type":"","width":"","height":""}],"twitter_card":"summary_large_image","twitter_misc":{"Tahmini okuma s\u00fcresi":"1 dakika"},"schema":{"@context":"https:\/\/schema.org","@graph":[{"@type":"WebPage","@id":"https:\/\/www.sinavkolej.com\/fatihkoleji\/after-school\/","url":"https:\/\/www.sinavkolej.com\/fatihkoleji\/after-school\/","name":"Fatih S\u0131nav Koleji After School - S\u0131nav Kolej, \u00d6zel Okul, Anaokulu, \u0130lkokul, Ortaokul, Lise","isPartOf":{"@id":"https:\/\/www.sinavkolej.com\/fatihkoleji\/#website"},"primaryImageOfPage":{"@id":"https:\/\/www.sinavkolej.com\/fatihkoleji\/after-school\/#primaryimage"},"image":{"@id":"https:\/\/www.sinavkolej.com\/fatihkoleji\/after-school\/#primaryimage"},"thumbnailUrl":"https:\/\/www.sinavkolej.com\/fatihkoleji\/wp-content\/uploads\/2023\/10\/cropped-cropped-afterschool.jpg","datePublished":"2023-10-24T13:19:36+00:00","dateModified":"2024-04-04T06:51:10+00:00","breadcrumb":{"@id":"https:\/\/www.sinavkolej.com\/fatihkoleji\/after-school\/#breadcrumb"},"inLanguage":"tr","potentialAction":[{"@type":"ReadAction","target":["https:\/\/www.sinavkolej.com\/fatihkoleji\/after-school\/"]}]},{"@type":"ImageObject","inLanguage":"tr","@id":"https:\/\/www.sinavkolej.com\/fatihkoleji\/after-school\/#primaryimage","url":"https:\/\/www.sinavkolej.com\/fatihkoleji\/wp-content\/uploads\/2023\/10\/cropped-cropped-afterschool.jpg","contentUrl":"https:\/\/www.sinavkolej.com\/fatihkoleji\/wp-content\/uploads\/2023\/10\/cropped-cropped-afterschool.jpg","width":716,"height":500,"caption":"Fatih S\u0131nav Koleji"},{"@type":"BreadcrumbList","@id":"https:\/\/www.sinavkolej.com\/fatihkoleji\/after-school\/#breadcrumb","itemListElement":[{"@type":"ListItem","position":1,"name":"Anasayfa","item":"https:\/\/www.sinavkolej.com\/fatihkoleji\/"},{"@type":"ListItem","position":2,"name":"After School"}]},{"@type":"WebSite","@id":"https:\/\/www.sinavkolej.com\/fatihkoleji\/#website","url":"https:\/\/www.sinavkolej.com\/fatihkoleji\/","name":"Fatih S\u0131nav Koleji","description":"Fatih S\u0131nav Koleji","potentialAction":[{"@type":"SearchAction","target":{"@type":"EntryPoint","urlTemplate":"https:\/\/www.sinavkolej.com\/fatihkoleji\/?s={search_term_string}"},"query-input":{"@type":"PropertyValueSpecification","valueRequired":true,"valueName":"search_term_string"}}],"inLanguage":"tr"}]}},"_links":{"self":[{"href":"https:\/\/www.sinavkolej.com\/fatihkoleji\/wp-json\/wp\/v2\/pages\/4189","targetHints":{"allow":["GET"]}}],"collection":[{"href":"https:\/\/www.sinavkolej.com\/fatihkoleji\/wp-json\/wp\/v2\/pages"}],"about":[{"href":"https:\/\/www.sinavkolej.com\/fatihkoleji\/wp-json\/wp\/v2\/types\/page"}],"author":[{"embeddable":true,"href":"https:\/\/www.sinavkolej.com\/fatihkoleji\/wp-json\/wp\/v2\/users\/1"}],"replies":[{"embeddable":true,"href":"https:\/\/www.sinavkolej.com\/fatihkoleji\/wp-json\/wp\/v2\/comments?post=4189"}],"version-history":[{"count":4,"href":"https:\/\/www.sinavkolej.com\/fatihkoleji\/wp-json\/wp\/v2\/pages\/4189\/revisions"}],"predecessor-version":[{"id":4194,"href":"https:\/\/www.sinavkolej.com\/fatihkoleji\/wp-json\/wp\/v2\/pages\/4189\/revisions\/4194"}],"wp:attachment":[{"href":"https:\/\/www.sinavkolej.com\/fatihkoleji\/wp-json\/wp\/v2\/media?parent=4189"}],"curies":[{"name":"wp","href":"https:\/\/api.w.org\/{rel}","templated":true}]}}