{"id":388,"date":"2023-07-16T02:14:35","date_gmt":"2023-07-16T02:14:35","guid":{"rendered":"https:\/\/themeholy.com\/wordpress\/edura\/?page_id=388"},"modified":"2024-04-04T08:59:28","modified_gmt":"2024-04-04T08:59:28","slug":"kurumsal","status":"publish","type":"page","link":"https:\/\/www.sinavkolej.com\/haramidereadmcocuk\/kurumsal\/","title":{"rendered":"Kurumsal"},"content":{"rendered":"\t\t<div data-elementor-type=\"wp-page\" data-elementor-id=\"388\" class=\"elementor elementor-388\">\n\t\t\t\t\t\t<section class=\"elementor-section elementor-top-section elementor-element elementor-element-940198e elementor-section-full_width elementor-section-height-default elementor-section-height-default\" data-id=\"940198e\" data-element_type=\"section\" data-settings=\"{&quot;background_background&quot;:&quot;classic&quot;}\">\n\t\t\t\t\t\t<div class=\"elementor-container elementor-column-gap-no\">\n\t\t\t\t\t<div class=\"elementor-column elementor-col-100 elementor-top-column elementor-element elementor-element-6b84c09\" data-id=\"6b84c09\" data-element_type=\"column\">\n\t\t\t<div class=\"elementor-widget-wrap elementor-element-populated\">\n\t\t\t\t\r\n\r\n\t\t<div class=\"elementor-element elementor-element-1d6d672 elementor-widget elementor-widget-image\" data-id=\"1d6d672\" data-element_type=\"widget\" data-widget_type=\"image.default\">\n\t\t\t\t<div class=\"elementor-widget-container\">\n\t\t\t<style>\/*! elementor - v3.23.0 - 23-07-2024 *\/\n.elementor-widget-image{text-align:center}.elementor-widget-image a{display:inline-block}.elementor-widget-image a img[src$=\".svg\"]{width:48px}.elementor-widget-image img{vertical-align:middle;display:inline-block}<\/style>\t\t\t\t\t\t\t\t\t\t<img fetchpriority=\"high\" decoding=\"async\" width=\"751\" height=\"520\" src=\"https:\/\/www.sinavkolej.com\/haramidereadmcocuk\/wp-content\/uploads\/2023\/10\/hbr_191815_954-768x532.png\" class=\"attachment-medium_large size-medium_large wp-image-4198\" alt=\"Haramidere S\u0131nav Anaokulu\" srcset=\"https:\/\/www.sinavkolej.com\/haramidereadmcocuk\/wp-content\/uploads\/2023\/10\/hbr_191815_954-768x532.png 768w, https:\/\/www.sinavkolej.com\/haramidereadmcocuk\/wp-content\/uploads\/2023\/10\/hbr_191815_954-300x208.png 300w, https:\/\/www.sinavkolej.com\/haramidereadmcocuk\/wp-content\/uploads\/2023\/10\/hbr_191815_954-1024x709.png 1024w, https:\/\/www.sinavkolej.com\/haramidereadmcocuk\/wp-content\/uploads\/2023\/10\/hbr_191815_954-1536x1064.png 1536w, https:\/\/www.sinavkolej.com\/haramidereadmcocuk\/wp-content\/uploads\/2023\/10\/hbr_191815_954-2048x1419.png 2048w\" sizes=\"(max-width: 751px) 100vw, 751px\" \/>\t\t\t\t\t\t\t\t\t\t\t\t\t<\/div>\n\t\t\t\t<\/div>\n\t\t\t\t<div class=\"elementor-element elementor-element-2a5d783 elementor-widget elementor-widget-text-editor\" data-id=\"2a5d783\" data-element_type=\"widget\" data-widget_type=\"text-editor.default\">\n\t\t\t\t<div class=\"elementor-widget-container\">\n\t\t\t<style>\/*! elementor - v3.23.0 - 23-07-2024 *\/\n.elementor-widget-text-editor.elementor-drop-cap-view-stacked .elementor-drop-cap{background-color:#69727d;color:#fff}.elementor-widget-text-editor.elementor-drop-cap-view-framed .elementor-drop-cap{color:#69727d;border:3px solid;background-color:transparent}.elementor-widget-text-editor:not(.elementor-drop-cap-view-default) .elementor-drop-cap{margin-top:8px}.elementor-widget-text-editor:not(.elementor-drop-cap-view-default) .elementor-drop-cap-letter{width:1em;height:1em}.elementor-widget-text-editor .elementor-drop-cap{float:left;text-align:center;line-height:1;font-size:50px}.elementor-widget-text-editor .elementor-drop-cap-letter{display:inline-block}<\/style>\t\t\t\t<h3 style=\"text-align: center;\">1992\u2019DEN BUG\u00dcNE<\/h3><p>S\u0131nav E\u011fitim Kurumlar\u0131, 1992 y\u0131l\u0131nda bir aile \u015firketi olarak 50 metrekarelik bir mekan, 5 \u00e7al\u0131\u015fan ve k\u0131s\u0131tl\u0131 sermayeyle kuruldu. Mekan k\u00fc\u00e7\u00fck, imkanlar s\u0131n\u0131rl\u0131 ama hedef b\u00fcy\u00fckt\u00fc.K\u00fc\u00e7\u00fck bir ad\u0131mla ba\u015flayan enerji, g\u00fcn geldi \u00fclkeyi saran bir sinerjiye d\u00f6n\u00fc\u015ft\u00fc. O g\u00fcn\u00fcn 50 metrekaresi bug\u00fcn 500 bin metrekarelik kapal\u0131 alana, 5 personeli ise 10 bini a\u015fk\u0131n \u00e7al\u0131\u015fana ula\u015ft\u0131. Ciddi bir gelecek tasar\u0131m\u0131n\u0131n, geni\u015f \u00f6l\u00e7ekli bir vizyonun b\u00fct\u00fcn kararlara ve \u00e7al\u0131\u015fmalara e\u015flik etti\u011fi bu s\u00fcre\u00e7te yay\u0131nlar\u0131, dershaneleri, kurslar\u0131, okullar\u0131 ile T\u00fcrkiye\u2019nin en b\u00fcy\u00fck e\u011fitim zincirine d\u00f6n\u00fc\u015ft\u00fc.<\/p><h3 style=\"text-align: center;\">KOLEKT\u0130F AKLIN \u00dcR\u00dcN\u00dc<\/h3><p style=\"text-align: left;\">\u0130lk kez Ankara\u2019da faaliyet g\u00f6stermeye ba\u015flayan S\u0131nav E\u011fitim Kurumlar\u0131, bug\u00fcn \u00fclke genelinde yayg\u0131n, \u00f6nc\u00fc ve \u00f6rnek bir kurum olarak sayg\u0131n bir marka haline gelmi\u015ftir.<\/p><p style=\"text-align: left;\">S\u0131nav E\u011fitim Kurumlar\u0131, \u00f6ylesine kurulmu\u015f bir i\u015fletme de\u011fildir. Felsefesi, hedefleri, ismi, renkleri, sloganlar\u0131, amblemi, reklam\u0131, tan\u0131t\u0131m\u0131, her \u015feyi en ince ayr\u0131nt\u0131s\u0131na kadar d\u00fc\u015f\u00fcn\u00fclm\u00fc\u015f, dan\u0131\u015f\u0131lm\u0131\u015f, sorulmu\u015f; k\u0131saca kolektif bir akl\u0131n \u00fcr\u00fcn\u00fc olarak ortaya \u00e7\u0131km\u0131\u015ft\u0131r.<\/p><h3 style=\"text-align: center;\">\u201c\u0130LK\u201dLER\u0130N KURUMU<\/h3><p>S\u0131nav E\u011fitim Kurumlar\u0131, s\u0131navlara haz\u0131rl\u0131k yay\u0131nlar\u0131ndaki \u00f6nc\u00fcl\u00fc\u011f\u00fcn\u00fc, dershanecilik alan\u0131na da ta\u015f\u0131yarak bu alanda pek \u00e7ok yenili\u011fe imza atm\u0131\u015ft\u0131r. Soru a\u011f\u0131rl\u0131kl\u0131 bol testli dergiler, kitap ekleri, dershanecili\u011fi eksen alan dergicilik gibi bir\u00e7ok ilk S\u0131nav E\u011fitim Kurumlar\u0131 ile ba\u015flam\u0131\u015ft\u0131r. Hepsinden \u00f6nemlisi, birbirinin kar\u015f\u0131t\u0131 olarak sunulan \u201cdergi ve dershane birlikteli\u011fi\u201dnin temeli S\u0131nav E\u011fitim Kurumlar\u0131 ile at\u0131lm\u0131\u015ft\u0131r.<\/p><p>Okulla\u015fma s\u00fcrecini de ba\u015far\u0131yla y\u00fcr\u00fcten S\u0131nav E\u011fitim Kurumlar\u0131 dershaneden d\u00f6n\u00fc\u015fen okullar\u0131 ve kolejleri ile yurt genelinde yeni bir e\u011fitim a\u011f\u0131 olu\u015fturmu\u015ftur. Ayr\u0131ca dershanecilikteki deneyim ve birikimini son d\u00f6nemde a\u00e7\u0131lan S\u0131nav Kurs ve S\u0131nav Et\u00fct merkezlerine ta\u015f\u0131maktad\u0131r.<\/p><p>Bug\u00fcne bakt\u0131\u011f\u0131m\u0131zda kolejleri, dershaneden d\u00f6n\u00fc\u015fen okullar\u0131, S\u0131nav Kurs ve Et\u00fct E\u011fitim Merkezleri ile 400\u2019e yak\u0131n \u015fubesi ve binlerce \u00e7al\u0131\u015fan\u0131 bulunan T\u00fcrkiye\u2019nin yayg\u0131nl\u0131\u011f\u0131 en y\u00fcksek, en b\u00fcy\u00fck ve g\u00fcvenilir e\u011fitim kurumlar\u0131ndan biri olan S\u0131nav E\u011fitim Kurumlar\u0131; yay\u0131nc\u0131l\u0131kta oldu\u011fu gibi kolej, okul, kurs ve et\u00fct merkezlerinde de \u00e7\u0131tay\u0131 hep y\u00fcksek tutmu\u015ftur.!<\/p><p>Kaliteli ve kapsaml\u0131 yay\u0131nlar\u0131, se\u00e7kin e\u011fitimcilerden olu\u015fan nitelikli kadrosu, \u00f6zg\u00fcn bir sistemati\u011fe ve planlamaya sahip y\u00f6netim anlay\u0131\u015f\u0131, \u00f6zveriyle ve yeniliklere a\u00e7\u0131k bir anlay\u0131\u015fla \u00e7al\u0131\u015fan kurumlar\u0131yla her y\u0131l y\u00fcz binlerce gencimizi gelece\u011fe haz\u0131rlamaktad\u0131r.<\/p><p>S\u0131nav E\u011fitim Kurumlar\u0131, abonelik sistemiyle de y\u00fcz binlerce ki\u015fiye ula\u015fmaktad\u0131r. \u00dclke genelindeki da\u011f\u0131t\u0131m a\u011f\u0131 ve y\u00fczlerce bayisiyle dershane \u00f6\u011frencisi olmayan binlerce gencimizin s\u0131navlara haz\u0131rlanmas\u0131na katk\u0131da bulunmaktad\u0131r.<\/p><h3 style=\"text-align: center;\">SEKT\u00d6RDE \u00d6RNEK ALINAN MODEL<\/h3><p>S\u0131nav E\u011fitim Kurumlar\u0131 hep farkl\u0131 olmu\u015ftur . Dershanecilik d\u00f6neminde a\u00e7\u0131ld\u0131\u011f\u0131 bir\u00e7ok yerde dershanecili\u011fin standard\u0131 de\u011fi\u015fmi\u015ftir. Kurum tabelalar\u0131, bina cepheleri, s\u0131n\u0131f tasar\u0131mlar\u0131, ders programlar\u0131, i\u015fletme anlay\u0131\u015f\u0131 sekt\u00f6rde model olarak al\u0131nm\u0131\u015ft\u0131r. Ulusal bir marka olma yolunda h\u0131zla ilerlerken hi\u00e7bir \u015fekilde kavgaya ve \u00e7at\u0131\u015fmaya girmemi\u015f, asla y\u0131k\u0131c\u0131 bir rekabet anlay\u0131\u015f\u0131 g\u00fctmemi\u015f, ba\u015far\u0131s\u0131n\u0131, ba\u015fkalar\u0131n\u0131n ba\u015far\u0131s\u0131zl\u0131\u011f\u0131yla \u00f6l\u00e7memi\u015ftir. Yay\u0131nlar\u0131 ve e\u011fitim kurumlar\u0131yla ulusal marka haline gelen S\u0131nav E\u011fitim Kurumlar\u0131, T\u00fcrkiye\u2019ye se\u00e7kin kurumlar kazand\u0131rma \u00e7al\u0131\u015fmalar\u0131na h\u0131z vermi\u015f ve 25. y\u0131l\u0131nda 25 y\u0131ll\u0131k e\u011fitim deneyim ve birikimini aktarmak \u00fczere okulla\u015fma s\u00fcrecini de ba\u015far\u0131yla s\u00fcrd\u00fcrmektedir.<\/p>\t\t\t\t\t\t<\/div>\n\t\t\t\t<\/div>\n\t\t\t\t\t<\/div>\n\t\t<\/div>\n\t\t\t\t\t<\/div>\n\t\t<\/section>\n\t\t\t\t<\/div>\n\t\t","protected":false},"excerpt":{"rendered":"<p>1992\u2019DEN BUG\u00dcNE S\u0131nav E\u011fitim Kurumlar\u0131, 1992 y\u0131l\u0131nda bir aile \u015firketi olarak 50 metrekarelik bir mekan, 5 \u00e7al\u0131\u015fan ve k\u0131s\u0131tl\u0131 sermayeyle kuruldu. Mekan k\u00fc\u00e7\u00fck, imkanlar s\u0131n\u0131rl\u0131 ama hedef b\u00fcy\u00fckt\u00fc.K\u00fc\u00e7\u00fck bir ad\u0131mla ba\u015flayan enerji, g\u00fcn geldi \u00fclkeyi saran bir sinerjiye d\u00f6n\u00fc\u015ft\u00fc. O g\u00fcn\u00fcn 50 metrekaresi bug\u00fcn 500 bin metrekarelik kapal\u0131 alana, 5 personeli ise 10 bini a\u015fk\u0131n&#8230;<\/p>\n","protected":false},"author":1,"featured_media":0,"parent":0,"menu_order":0,"comment_status":"closed","ping_status":"closed","template":"","meta":{"footnotes":""},"class_list":["post-388","page","type-page","status-publish","hentry"],"yoast_head":"<!-- This site is optimized with the Yoast SEO plugin v23.1 - https:\/\/yoast.com\/wordpress\/plugins\/seo\/ -->\n<title>Haramidere S\u0131nav Koleji Anaokulu Kurumsal - Modern E\u011fitim, Anaokulu, \u00d6\u011fretici \u0130\u00e7erikler, Hakk\u0131m\u0131zda<\/title>\n<meta name=\"robots\" content=\"index, follow, max-snippet:-1, max-image-preview:large, max-video-preview:-1\" \/>\n<link rel=\"canonical\" href=\"https:\/\/www.sinavkolej.com\/haramidereadmcocuk\/kurumsal\/\" \/>\n<meta property=\"og:locale\" content=\"tr_TR\" \/>\n<meta property=\"og:type\" content=\"article\" \/>\n<meta property=\"og:title\" content=\"Haramidere S\u0131nav Koleji Anaokulu Kurumsal - Modern E\u011fitim, Anaokulu, \u00d6\u011fretici \u0130\u00e7erikler, Hakk\u0131m\u0131zda\" \/>\n<meta property=\"og:description\" content=\"1992\u2019DEN BUG\u00dcNE S\u0131nav E\u011fitim Kurumlar\u0131, 1992 y\u0131l\u0131nda bir aile \u015firketi olarak 50 metrekarelik bir mekan, 5 \u00e7al\u0131\u015fan ve k\u0131s\u0131tl\u0131 sermayeyle kuruldu. Mekan k\u00fc\u00e7\u00fck, imkanlar s\u0131n\u0131rl\u0131 ama hedef b\u00fcy\u00fckt\u00fc.K\u00fc\u00e7\u00fck bir ad\u0131mla ba\u015flayan enerji, g\u00fcn geldi \u00fclkeyi saran bir sinerjiye d\u00f6n\u00fc\u015ft\u00fc. O g\u00fcn\u00fcn 50 metrekaresi bug\u00fcn 500 bin metrekarelik kapal\u0131 alana, 5 personeli ise 10 bini a\u015fk\u0131n...\" \/>\n<meta property=\"og:url\" content=\"https:\/\/www.sinavkolej.com\/haramidereadmcocuk\/kurumsal\/\" \/>\n<meta property=\"og:site_name\" content=\"Haramidere S\u0131nav Adm \u00c7ocuk Akademisi\" \/>\n<meta property=\"article:modified_time\" content=\"2024-04-04T08:59:28+00:00\" \/>\n<meta property=\"og:image\" content=\"https:\/\/www.sinavkolej.com\/haramidereadmcocuk\/wp-content\/uploads\/2023\/10\/hbr_191815_954-768x532.png\" \/>\n<meta name=\"twitter:card\" content=\"summary_large_image\" \/>\n<meta name=\"twitter:label1\" content=\"Tahmini okuma s\u00fcresi\" \/>\n\t<meta name=\"twitter:data1\" content=\"3 dakika\" \/>\n<script type=\"application\/ld+json\" class=\"yoast-schema-graph\">{\"@context\":\"https:\/\/schema.org\",\"@graph\":[{\"@type\":\"WebPage\",\"@id\":\"https:\/\/www.sinavkolej.com\/haramidereadmcocuk\/kurumsal\/\",\"url\":\"https:\/\/www.sinavkolej.com\/haramidereadmcocuk\/kurumsal\/\",\"name\":\"Haramidere S\u0131nav Koleji Anaokulu Kurumsal - Modern E\u011fitim, Anaokulu, \u00d6\u011fretici \u0130\u00e7erikler, Hakk\u0131m\u0131zda\",\"isPartOf\":{\"@id\":\"https:\/\/www.sinavkolej.com\/haramidereadmcocuk\/#website\"},\"primaryImageOfPage\":{\"@id\":\"https:\/\/www.sinavkolej.com\/haramidereadmcocuk\/kurumsal\/#primaryimage\"},\"image\":{\"@id\":\"https:\/\/www.sinavkolej.com\/haramidereadmcocuk\/kurumsal\/#primaryimage\"},\"thumbnailUrl\":\"https:\/\/www.sinavkolej.com\/haramidereadmcocuk\/wp-content\/uploads\/2023\/10\/hbr_191815_954-768x532.png\",\"datePublished\":\"2023-07-16T02:14:35+00:00\",\"dateModified\":\"2024-04-04T08:59:28+00:00\",\"breadcrumb\":{\"@id\":\"https:\/\/www.sinavkolej.com\/haramidereadmcocuk\/kurumsal\/#breadcrumb\"},\"inLanguage\":\"tr\",\"potentialAction\":[{\"@type\":\"ReadAction\",\"target\":[\"https:\/\/www.sinavkolej.com\/haramidereadmcocuk\/kurumsal\/\"]}]},{\"@type\":\"ImageObject\",\"inLanguage\":\"tr\",\"@id\":\"https:\/\/www.sinavkolej.com\/haramidereadmcocuk\/kurumsal\/#primaryimage\",\"url\":\"https:\/\/www.sinavkolej.com\/haramidereadmcocuk\/wp-content\/uploads\/2023\/10\/hbr_191815_954.png\",\"contentUrl\":\"https:\/\/www.sinavkolej.com\/haramidereadmcocuk\/wp-content\/uploads\/2023\/10\/hbr_191815_954.png\",\"width\":3464,\"height\":2400,\"caption\":\"Haramidere S\u0131nav Anaokulu\"},{\"@type\":\"BreadcrumbList\",\"@id\":\"https:\/\/www.sinavkolej.com\/haramidereadmcocuk\/kurumsal\/#breadcrumb\",\"itemListElement\":[{\"@type\":\"ListItem\",\"position\":1,\"name\":\"Anasayfa\",\"item\":\"https:\/\/www.sinavkolej.com\/haramidereadmcocuk\/\"},{\"@type\":\"ListItem\",\"position\":2,\"name\":\"Kurumsal\"}]},{\"@type\":\"WebSite\",\"@id\":\"https:\/\/www.sinavkolej.com\/haramidereadmcocuk\/#website\",\"url\":\"https:\/\/www.sinavkolej.com\/haramidereadmcocuk\/\",\"name\":\"Haramidere S\u0131nav Adm \u00c7ocuk Akademisi\",\"description\":\"Haramidere S\u0131nav Adm \u00c7ocuk Akademisi\",\"publisher\":{\"@id\":\"https:\/\/www.sinavkolej.com\/haramidereadmcocuk\/#organization\"},\"potentialAction\":[{\"@type\":\"SearchAction\",\"target\":{\"@type\":\"EntryPoint\",\"urlTemplate\":\"https:\/\/www.sinavkolej.com\/haramidereadmcocuk\/?s={search_term_string}\"},\"query-input\":\"required name=search_term_string\"}],\"inLanguage\":\"tr\"},{\"@type\":\"Organization\",\"@id\":\"https:\/\/www.sinavkolej.com\/haramidereadmcocuk\/#organization\",\"name\":\"Haramidere S\u0131nav Adm \u00c7ocuk Akademisi\",\"url\":\"https:\/\/www.sinavkolej.com\/haramidereadmcocuk\/\",\"logo\":{\"@type\":\"ImageObject\",\"inLanguage\":\"tr\",\"@id\":\"https:\/\/www.sinavkolej.com\/haramidereadmcocuk\/#\/schema\/logo\/image\/\",\"url\":\"https:\/\/www.sinavkolej.com\/haramidereadmcocuk\/wp-content\/uploads\/2023\/07\/HARAMIDERE-ANAKOLU.png\",\"contentUrl\":\"https:\/\/www.sinavkolej.com\/haramidereadmcocuk\/wp-content\/uploads\/2023\/07\/HARAMIDERE-ANAKOLU.png\",\"width\":2899,\"height\":1003,\"caption\":\"Haramidere S\u0131nav Adm \u00c7ocuk Akademisi\"},\"image\":{\"@id\":\"https:\/\/www.sinavkolej.com\/haramidereadmcocuk\/#\/schema\/logo\/image\/\"}}]}<\/script>\n<!-- \/ Yoast SEO plugin. -->","yoast_head_json":{"title":"Haramidere S\u0131nav Koleji Anaokulu Kurumsal - Modern E\u011fitim, Anaokulu, \u00d6\u011fretici \u0130\u00e7erikler, Hakk\u0131m\u0131zda","robots":{"index":"index","follow":"follow","max-snippet":"max-snippet:-1","max-image-preview":"max-image-preview:large","max-video-preview":"max-video-preview:-1"},"canonical":"https:\/\/www.sinavkolej.com\/haramidereadmcocuk\/kurumsal\/","og_locale":"tr_TR","og_type":"article","og_title":"Haramidere S\u0131nav Koleji Anaokulu Kurumsal - Modern E\u011fitim, Anaokulu, \u00d6\u011fretici \u0130\u00e7erikler, Hakk\u0131m\u0131zda","og_description":"1992\u2019DEN BUG\u00dcNE S\u0131nav E\u011fitim Kurumlar\u0131, 1992 y\u0131l\u0131nda bir aile \u015firketi olarak 50 metrekarelik bir mekan, 5 \u00e7al\u0131\u015fan ve k\u0131s\u0131tl\u0131 sermayeyle kuruldu. Mekan k\u00fc\u00e7\u00fck, imkanlar s\u0131n\u0131rl\u0131 ama hedef b\u00fcy\u00fckt\u00fc.K\u00fc\u00e7\u00fck bir ad\u0131mla ba\u015flayan enerji, g\u00fcn geldi \u00fclkeyi saran bir sinerjiye d\u00f6n\u00fc\u015ft\u00fc. O g\u00fcn\u00fcn 50 metrekaresi bug\u00fcn 500 bin metrekarelik kapal\u0131 alana, 5 personeli ise 10 bini a\u015fk\u0131n...","og_url":"https:\/\/www.sinavkolej.com\/haramidereadmcocuk\/kurumsal\/","og_site_name":"Haramidere S\u0131nav Adm \u00c7ocuk Akademisi","article_modified_time":"2024-04-04T08:59:28+00:00","og_image":[{"url":"https:\/\/www.sinavkolej.com\/haramidereadmcocuk\/wp-content\/uploads\/2023\/10\/hbr_191815_954-768x532.png"}],"twitter_card":"summary_large_image","twitter_misc":{"Tahmini okuma s\u00fcresi":"3 dakika"},"schema":{"@context":"https:\/\/schema.org","@graph":[{"@type":"WebPage","@id":"https:\/\/www.sinavkolej.com\/haramidereadmcocuk\/kurumsal\/","url":"https:\/\/www.sinavkolej.com\/haramidereadmcocuk\/kurumsal\/","name":"Haramidere S\u0131nav Koleji Anaokulu Kurumsal - Modern E\u011fitim, Anaokulu, \u00d6\u011fretici \u0130\u00e7erikler, Hakk\u0131m\u0131zda","isPartOf":{"@id":"https:\/\/www.sinavkolej.com\/haramidereadmcocuk\/#website"},"primaryImageOfPage":{"@id":"https:\/\/www.sinavkolej.com\/haramidereadmcocuk\/kurumsal\/#primaryimage"},"image":{"@id":"https:\/\/www.sinavkolej.com\/haramidereadmcocuk\/kurumsal\/#primaryimage"},"thumbnailUrl":"https:\/\/www.sinavkolej.com\/haramidereadmcocuk\/wp-content\/uploads\/2023\/10\/hbr_191815_954-768x532.png","datePublished":"2023-07-16T02:14:35+00:00","dateModified":"2024-04-04T08:59:28+00:00","breadcrumb":{"@id":"https:\/\/www.sinavkolej.com\/haramidereadmcocuk\/kurumsal\/#breadcrumb"},"inLanguage":"tr","potentialAction":[{"@type":"ReadAction","target":["https:\/\/www.sinavkolej.com\/haramidereadmcocuk\/kurumsal\/"]}]},{"@type":"ImageObject","inLanguage":"tr","@id":"https:\/\/www.sinavkolej.com\/haramidereadmcocuk\/kurumsal\/#primaryimage","url":"https:\/\/www.sinavkolej.com\/haramidereadmcocuk\/wp-content\/uploads\/2023\/10\/hbr_191815_954.png","contentUrl":"https:\/\/www.sinavkolej.com\/haramidereadmcocuk\/wp-content\/uploads\/2023\/10\/hbr_191815_954.png","width":3464,"height":2400,"caption":"Haramidere S\u0131nav Anaokulu"},{"@type":"BreadcrumbList","@id":"https:\/\/www.sinavkolej.com\/haramidereadmcocuk\/kurumsal\/#breadcrumb","itemListElement":[{"@type":"ListItem","position":1,"name":"Anasayfa","item":"https:\/\/www.sinavkolej.com\/haramidereadmcocuk\/"},{"@type":"ListItem","position":2,"name":"Kurumsal"}]},{"@type":"WebSite","@id":"https:\/\/www.sinavkolej.com\/haramidereadmcocuk\/#website","url":"https:\/\/www.sinavkolej.com\/haramidereadmcocuk\/","name":"Haramidere S\u0131nav Adm \u00c7ocuk Akademisi","description":"Haramidere S\u0131nav Adm \u00c7ocuk Akademisi","publisher":{"@id":"https:\/\/www.sinavkolej.com\/haramidereadmcocuk\/#organization"},"potentialAction":[{"@type":"SearchAction","target":{"@type":"EntryPoint","urlTemplate":"https:\/\/www.sinavkolej.com\/haramidereadmcocuk\/?s={search_term_string}"},"query-input":"required name=search_term_string"}],"inLanguage":"tr"},{"@type":"Organization","@id":"https:\/\/www.sinavkolej.com\/haramidereadmcocuk\/#organization","name":"Haramidere S\u0131nav Adm \u00c7ocuk Akademisi","url":"https:\/\/www.sinavkolej.com\/haramidereadmcocuk\/","logo":{"@type":"ImageObject","inLanguage":"tr","@id":"https:\/\/www.sinavkolej.com\/haramidereadmcocuk\/#\/schema\/logo\/image\/","url":"https:\/\/www.sinavkolej.com\/haramidereadmcocuk\/wp-content\/uploads\/2023\/07\/HARAMIDERE-ANAKOLU.png","contentUrl":"https:\/\/www.sinavkolej.com\/haramidereadmcocuk\/wp-content\/uploads\/2023\/07\/HARAMIDERE-ANAKOLU.png","width":2899,"height":1003,"caption":"Haramidere S\u0131nav Adm \u00c7ocuk Akademisi"},"image":{"@id":"https:\/\/www.sinavkolej.com\/haramidereadmcocuk\/#\/schema\/logo\/image\/"}}]}},"_links":{"self":[{"href":"https:\/\/www.sinavkolej.com\/haramidereadmcocuk\/wp-json\/wp\/v2\/pages\/388"}],"collection":[{"href":"https:\/\/www.sinavkolej.com\/haramidereadmcocuk\/wp-json\/wp\/v2\/pages"}],"about":[{"href":"https:\/\/www.sinavkolej.com\/haramidereadmcocuk\/wp-json\/wp\/v2\/types\/page"}],"author":[{"embeddable":true,"href":"https:\/\/www.sinavkolej.com\/haramidereadmcocuk\/wp-json\/wp\/v2\/users\/1"}],"replies":[{"embeddable":true,"href":"https:\/\/www.sinavkolej.com\/haramidereadmcocuk\/wp-json\/wp\/v2\/comments?post=388"}],"version-history":[{"count":9,"href":"https:\/\/www.sinavkolej.com\/haramidereadmcocuk\/wp-json\/wp\/v2\/pages\/388\/revisions"}],"predecessor-version":[{"id":4338,"href":"https:\/\/www.sinavkolej.com\/haramidereadmcocuk\/wp-json\/wp\/v2\/pages\/388\/revisions\/4338"}],"wp:attachment":[{"href":"https:\/\/www.sinavkolej.com\/haramidereadmcocuk\/wp-json\/wp\/v2\/media?parent=388"}],"curies":[{"name":"wp","href":"https:\/\/api.w.org\/{rel}","templated":true}]}}