{"id":389,"date":"2023-07-16T02:14:42","date_gmt":"2023-07-16T02:14:42","guid":{"rendered":"https:\/\/themeholy.com\/wordpress\/edura\/?page_id=389"},"modified":"2024-04-04T09:04:12","modified_gmt":"2024-04-04T09:04:12","slug":"iletisim","status":"publish","type":"page","link":"https:\/\/www.sinavkolej.com\/haramidereadmcocuk\/iletisim\/","title":{"rendered":"\u0130leti\u015fim"},"content":{"rendered":"\t\t<div data-elementor-type=\"wp-page\" data-elementor-id=\"389\" class=\"elementor elementor-389\">\n\t\t\t\t\t\t<section class=\"elementor-section elementor-top-section elementor-element elementor-element-ebe9513 elementor-section-boxed elementor-section-height-default elementor-section-height-default\" data-id=\"ebe9513\" data-element_type=\"section\">\n\t\t\t\t\t\t<div class=\"elementor-container elementor-column-gap-no\">\n\t\t\t\t\t<div class=\"elementor-column elementor-col-100 elementor-top-column elementor-element elementor-element-dc85bd2\" data-id=\"dc85bd2\" data-element_type=\"column\">\n\t\t\t<div class=\"elementor-widget-wrap elementor-element-populated\">\n\t\t\t\t\t\t<section class=\"elementor-section elementor-inner-section elementor-element elementor-element-fe0a3ec map-sec elementor-section-boxed elementor-section-height-default elementor-section-height-default\" data-id=\"fe0a3ec\" data-element_type=\"section\">\n\t\t\t\t\t\t<div class=\"elementor-container elementor-column-gap-no\">\n\t\t\t\t\t<div class=\"elementor-column elementor-col-100 elementor-inner-column elementor-element elementor-element-8168757  map\" data-id=\"8168757\" data-element_type=\"column\">\n\t\t\t<div class=\"elementor-widget-wrap elementor-element-populated\">\n\t\t\t\t\r\n\r\n\t\t<div class=\"elementor-element elementor-element-901322e elementor-widget elementor-widget-google_maps\" data-id=\"901322e\" data-element_type=\"widget\" data-widget_type=\"google_maps.default\">\n\t\t\t\t<div class=\"elementor-widget-container\">\n\t\t\t<style>\/*! elementor - v3.23.0 - 23-07-2024 *\/\n.elementor-widget-google_maps .elementor-widget-container{overflow:hidden}.elementor-widget-google_maps .elementor-custom-embed{line-height:0}.elementor-widget-google_maps iframe{height:300px}<\/style>\t\t<div class=\"elementor-custom-embed\">\n\t\t\t<iframe loading=\"lazy\"\n\t\t\t\t\tsrc=\"https:\/\/maps.google.com\/maps?q=Akevler%2C%20AdmPramit%20Residence%2C%201061.%20Sk.%20No%3A11%2FA%2C%2034513%20Esenyurt%2F%C4%B0stanbul&#038;t=m&#038;z=10&#038;output=embed&#038;iwloc=near\"\n\t\t\t\t\ttitle=\"Akevler, AdmPramit Residence, 1061. Sk. No:11\/A, 34513 Esenyurt\/\u0130stanbul\"\n\t\t\t\t\taria-label=\"Akevler, AdmPramit Residence, 1061. Sk. No:11\/A, 34513 Esenyurt\/\u0130stanbul\"\n\t\t\t><\/iframe>\n\t\t<\/div>\n\t\t\t\t<\/div>\n\t\t\t\t<\/div>\n\t\t\t\t\t<\/div>\n\t\t<\/div>\n\t\t\t\t\t<\/div>\n\t\t<\/section>\n\t\t\t\t<section class=\"elementor-section elementor-inner-section elementor-element elementor-element-c9592c7 elementor-section-boxed elementor-section-height-default elementor-section-height-default\" data-id=\"c9592c7\" data-element_type=\"section\">\n\t\t\t\t\t\t<div class=\"elementor-container elementor-column-gap-no\">\n\t\t\t\t\t<div class=\"elementor-column elementor-col-50 elementor-inner-column elementor-element elementor-element-5696c14\" data-id=\"5696c14\" data-element_type=\"column\">\n\t\t\t<div class=\"elementor-widget-wrap elementor-element-populated\">\n\t\t\t\t\t\t<div class=\"elementor-element elementor-element-c845d99 border-title h3 elementor-widget elementor-widget-heading\" data-id=\"c845d99\" data-element_type=\"widget\" data-widget_type=\"heading.default\">\n\t\t\t\t<div class=\"elementor-widget-container\">\n\t\t\t<style>\/*! elementor - v3.23.0 - 23-07-2024 *\/\n.elementor-heading-title{padding:0;margin:0;line-height:1}.elementor-widget-heading .elementor-heading-title[class*=elementor-size-]>a{color:inherit;font-size:inherit;line-height:inherit}.elementor-widget-heading .elementor-heading-title.elementor-size-small{font-size:15px}.elementor-widget-heading .elementor-heading-title.elementor-size-medium{font-size:19px}.elementor-widget-heading .elementor-heading-title.elementor-size-large{font-size:29px}.elementor-widget-heading .elementor-heading-title.elementor-size-xl{font-size:39px}.elementor-widget-heading .elementor-heading-title.elementor-size-xxl{font-size:59px}<\/style><h2 class=\"elementor-heading-title elementor-size-default\">Herhangi bir sorunuz var m\u0131?<\/h2>\t\t<\/div>\n\t\t\t\t<\/div>\n\t\t\t\t<div class=\"elementor-element elementor-element-a2e13dd elementor-widget elementor-widget-eduracontactinfo\" data-id=\"a2e13dd\" data-element_type=\"widget\" data-widget_type=\"eduracontactinfo.default\">\n\t\t\t\t<div class=\"elementor-widget-container\">\n\t\t\t        <div class=\"contact-feature\"><div class=\"contact-feature-icon th-icon\"><i class=\"fal fa-location-dot\"><\/i><\/div><div class=\"media-body\"><p class=\"contact-feature_label th-title\">Adresimiz<\/p><a href=\"\" class=\"contact-feature_link th-info\">Akevler, AdmPramit Residence, 1061. Sk. No:11\/A, 34513 Esenyurt\/\u0130stanbul<\/a><\/div><\/div><div class=\"contact-feature\"><div class=\"contact-feature-icon th-icon\"><i class=\"fal fa-phone\"><\/i><\/div><div class=\"media-body\"><p class=\"contact-feature_label th-title\">Telefon Numaras\u0131<\/p><a href=\"tel:05051915797\" class=\"contact-feature_link th-info\">0505 191 57 97<\/a><a href=\"tel:021258844\u00a072\" class=\"contact-feature_link th-info\">0212 588 44\u00a072<\/a><\/div><\/div><div class=\"contact-feature\"><div class=\"contact-feature-icon th-icon\"><i class=\"fal fa-envelope\"><\/i><\/div><div class=\"media-body\"><p class=\"contact-feature_label th-title\">E-Posta Adresi<\/p><span class=\"contact-feature_link\"><\/span><span class=\"contact-feature_link\">info@sinavkolej.com<\/span><\/div><\/div>\t\t<\/div>\n\t\t\t\t<\/div>\n\t\t\t\t\t<\/div>\n\t\t<\/div>\n\t\t\t\t<div class=\"elementor-column elementor-col-50 elementor-inner-column elementor-element elementor-element-f635e8d\" data-id=\"f635e8d\" data-element_type=\"column\">\n\t\t\t<div class=\"elementor-widget-wrap elementor-element-populated\">\n\t\t\t\t\t\t<div class=\"elementor-element elementor-element-9fb9b2c elementor-widget elementor-widget-eduracontactform\" data-id=\"9fb9b2c\" data-element_type=\"widget\" data-widget_type=\"eduracontactform.default\">\n\t\t\t\t<div class=\"elementor-widget-container\">\n\t\t\t\t\t<div class=\"contact-form-wrap th-bg\" data-bg-src=\"https:\/\/themeholy.com\/wordpress\/edura\/wp-content\/uploads\/2023\/07\/contact_bg_1.png\"><span class=\"sub-title th-sub\">Bizimle \u0130leti\u015fime Ge\u00e7in!<\/span><h2 class=\"border-title th-title\">\u0130leti\u015fime Ge\u00e7in<\/h2><p class=\"mt-n1 mb-30 sec-text th-desc\">Bize bir sorunuz veya geri bildiriminiz mi var? Ekibimizle ileti\u015fime ge\u00e7mek i\u00e7in a\u015fa\u011f\u0131daki formu doldurun.<\/p><div class=\"contact-form ajax-contact\">\n<div class=\"wpcf7 no-js\" id=\"wpcf7-f2426-o1\" lang=\"en-US\" dir=\"ltr\">\n<div class=\"screen-reader-response\"><p role=\"status\" aria-live=\"polite\" aria-atomic=\"true\"><\/p> <ul><\/ul><\/div>\n<form action=\"\/haramidereadmcocuk\/wp-json\/wp\/v2\/pages\/389#wpcf7-f2426-o1\" method=\"post\" class=\"wpcf7-form init\" aria-label=\"Contact form\" novalidate=\"novalidate\" data-status=\"init\">\n<div style=\"display: none;\">\n<input type=\"hidden\" name=\"_wpcf7\" value=\"2426\" \/>\n<input type=\"hidden\" name=\"_wpcf7_version\" value=\"5.9.7\" \/>\n<input type=\"hidden\" name=\"_wpcf7_locale\" value=\"en_US\" \/>\n<input type=\"hidden\" name=\"_wpcf7_unit_tag\" value=\"wpcf7-f2426-o1\" \/>\n<input type=\"hidden\" name=\"_wpcf7_container_post\" value=\"0\" \/>\n<input type=\"hidden\" name=\"_wpcf7_posted_data_hash\" value=\"\" \/>\n<\/div>\n<div class=\"row\">\n    <div class=\"col-md-6\">\n        <div class=\"form-group\">\n <span class=\"wpcf7-form-control-wrap\" data-name=\"text-307\"><input size=\"40\" maxlength=\"400\" class=\"wpcf7-form-control wpcf7-text wpcf7-validates-as-required form-control style-white\" id=\"text-307\" aria-required=\"true\" aria-invalid=\"false\" placeholder=\"Sizin ad\u0131n\u0131z*\" value=\"\" type=\"text\" name=\"text-307\" \/><\/span>\n            <i class=\"fal fa-user\"><\/i>\n        <\/div>\n    <\/div>\n    <div class=\"col-md-6\">\n        <div class=\"form-group\">\n<span class=\"wpcf7-form-control-wrap\" data-name=\"email-174\"><input size=\"40\" maxlength=\"400\" class=\"wpcf7-form-control wpcf7-email wpcf7-text wpcf7-validates-as-email form-control style-white\" id=\"email-174\" aria-invalid=\"false\" placeholder=\"E-posta Adresi*\" value=\"\" type=\"email\" name=\"email-174\" \/><\/span>\n            <i class=\"fal fa-envelope\"><\/i>\n        <\/div>\n    <\/div>\n    <div class=\"col-md-6\">\n        <div class=\"form-group\">\n<span class=\"wpcf7-form-control-wrap\" data-name=\"menu-700\"><select class=\"wpcf7-form-control wpcf7-select single-select nice-select form-control style-white\" aria-invalid=\"false\" name=\"menu-700\"><option value=\"Anaokul\">Anaokul<\/option><option value=\"\u0130lkokul\">\u0130lkokul<\/option><option value=\"Ortaokul\">Ortaokul<\/option><option value=\"Anadolu Lisesi\">Anadolu Lisesi<\/option><\/select><\/span>        <\/div>\n    <\/div>\n    <div class=\"col-md-6\">\n        <div class=\"form-group\">\n<span class=\"wpcf7-form-control-wrap\" data-name=\"tel-799\"><input size=\"40\" maxlength=\"400\" class=\"wpcf7-form-control wpcf7-tel wpcf7-text wpcf7-validates-as-tel form-control style-white\" id=\"tel-799\" aria-invalid=\"false\" placeholder=\"Telefon Numaras\u0131*\" value=\"\" type=\"tel\" name=\"tel-799\" \/><\/span>\n            <i class=\"fal fa-phone\"><\/i>\n        <\/div>\n    <\/div>\n    <div class=\"col-12\">\n        <div class=\"form-group \">\n<span class=\"wpcf7-form-control-wrap\" data-name=\"textarea-226\"><textarea cols=\"40\" rows=\"10\" maxlength=\"2000\" class=\"wpcf7-form-control wpcf7-textarea form-control style-white\" id=\"textarea-226\" aria-invalid=\"false\" placeholder=\"Mesaj\u0131n\u0131z\u0131 Yaz\u0131n*\" name=\"textarea-226\"><\/textarea><\/span>\n            <i class=\"fal fa-pen\"><\/i>\n        <\/div>\n    <\/div>\n    <div class=\"form-btn col-12 mt-10\">\n        <button class=\"th-btn th_btn wpcf7\">Mesaj G\u00f6nder<i class=\"fas fa-long-arrow-right ms-2\"><\/i><\/button>\n    <\/div>\n<\/div>\n<p class=\"form-messages mb-0 mt-3\"><\/p><div class=\"wpcf7-response-output\" aria-hidden=\"true\"><\/div>\n<\/form>\n<\/div>\n<\/div><\/div>\t\t<\/div>\n\t\t\t\t<\/div>\n\t\t\t\t\t<\/div>\n\t\t<\/div>\n\t\t\t\t\t<\/div>\n\t\t<\/section>\n\t\t\t\t\t<\/div>\n\t\t<\/div>\n\t\t\t\t\t<\/div>\n\t\t<\/section>\n\t\t\t\t<\/div>\n\t\t","protected":false},"excerpt":{"rendered":"<p>Herhangi bir sorunuz var m\u0131? Adresimiz Akevler, AdmPramit Residence, 1061. Sk. No:11\/A, 34513 Esenyurt\/\u0130stanbul Telefon Numaras\u0131 0505 191 57 970212 588 44\u00a072 E-Posta Adresi info@sinavkolej.com Bizimle \u0130leti\u015fime Ge\u00e7in! \u0130leti\u015fime Ge\u00e7in Bize bir sorunuz veya geri bildiriminiz mi var? Ekibimizle ileti\u015fime ge\u00e7mek i\u00e7in a\u015fa\u011f\u0131daki formu doldurun. Anaokul\u0130lkokulOrtaokulAnadolu Lisesi Mesaj G\u00f6nder<\/p>\n","protected":false},"author":1,"featured_media":0,"parent":0,"menu_order":0,"comment_status":"closed","ping_status":"closed","template":"template-builder.php","meta":{"footnotes":""},"class_list":["post-389","page","type-page","status-publish","hentry"],"yoast_head":"<!-- This site is optimized with the Yoast SEO plugin v23.1 - https:\/\/yoast.com\/wordpress\/plugins\/seo\/ -->\n<title>Haramidere S\u0131nav Koleji Anaokul \u0130leti\u015fim - Modern E\u011fitim, Anaokulu, \u00d6\u011fretici \u0130\u00e7erikler, Hemen Bize Ula\u015f\u0131n<\/title>\n<meta name=\"robots\" content=\"index, follow, max-snippet:-1, max-image-preview:large, max-video-preview:-1\" \/>\n<link rel=\"canonical\" href=\"https:\/\/www.sinavkolej.com\/haramidereadmcocuk\/iletisim\/\" \/>\n<meta property=\"og:locale\" content=\"tr_TR\" \/>\n<meta property=\"og:type\" content=\"article\" \/>\n<meta property=\"og:title\" content=\"Haramidere S\u0131nav Koleji Anaokul \u0130leti\u015fim - Modern E\u011fitim, Anaokulu, \u00d6\u011fretici \u0130\u00e7erikler, Hemen Bize Ula\u015f\u0131n\" \/>\n<meta property=\"og:description\" content=\"Herhangi bir sorunuz var m\u0131? Adresimiz Akevler, AdmPramit Residence, 1061. Sk. No:11\/A, 34513 Esenyurt\/\u0130stanbul Telefon Numaras\u0131 0505 191 57 970212 588 44\u00a072 E-Posta Adresi info@sinavkolej.com Bizimle \u0130leti\u015fime Ge\u00e7in! \u0130leti\u015fime Ge\u00e7in Bize bir sorunuz veya geri bildiriminiz mi var? Ekibimizle ileti\u015fime ge\u00e7mek i\u00e7in a\u015fa\u011f\u0131daki formu doldurun. Anaokul\u0130lkokulOrtaokulAnadolu Lisesi Mesaj G\u00f6nder\" \/>\n<meta property=\"og:url\" content=\"https:\/\/www.sinavkolej.com\/haramidereadmcocuk\/iletisim\/\" \/>\n<meta property=\"og:site_name\" content=\"Haramidere S\u0131nav Adm \u00c7ocuk Akademisi\" \/>\n<meta property=\"article:modified_time\" content=\"2024-04-04T09:04:12+00:00\" \/>\n<meta name=\"twitter:card\" content=\"summary_large_image\" \/>\n<meta name=\"twitter:label1\" content=\"Tahmini okuma s\u00fcresi\" \/>\n\t<meta name=\"twitter:data1\" content=\"1 dakika\" \/>\n<script type=\"application\/ld+json\" class=\"yoast-schema-graph\">{\"@context\":\"https:\/\/schema.org\",\"@graph\":[{\"@type\":\"WebPage\",\"@id\":\"https:\/\/www.sinavkolej.com\/haramidereadmcocuk\/iletisim\/\",\"url\":\"https:\/\/www.sinavkolej.com\/haramidereadmcocuk\/iletisim\/\",\"name\":\"Haramidere S\u0131nav Koleji Anaokul \u0130leti\u015fim - Modern E\u011fitim, Anaokulu, \u00d6\u011fretici \u0130\u00e7erikler, Hemen Bize Ula\u015f\u0131n\",\"isPartOf\":{\"@id\":\"https:\/\/www.sinavkolej.com\/haramidereadmcocuk\/#website\"},\"datePublished\":\"2023-07-16T02:14:42+00:00\",\"dateModified\":\"2024-04-04T09:04:12+00:00\",\"breadcrumb\":{\"@id\":\"https:\/\/www.sinavkolej.com\/haramidereadmcocuk\/iletisim\/#breadcrumb\"},\"inLanguage\":\"tr\",\"potentialAction\":[{\"@type\":\"ReadAction\",\"target\":[\"https:\/\/www.sinavkolej.com\/haramidereadmcocuk\/iletisim\/\"]}]},{\"@type\":\"BreadcrumbList\",\"@id\":\"https:\/\/www.sinavkolej.com\/haramidereadmcocuk\/iletisim\/#breadcrumb\",\"itemListElement\":[{\"@type\":\"ListItem\",\"position\":1,\"name\":\"Anasayfa\",\"item\":\"https:\/\/www.sinavkolej.com\/haramidereadmcocuk\/\"},{\"@type\":\"ListItem\",\"position\":2,\"name\":\"\u0130leti\u015fim\"}]},{\"@type\":\"WebSite\",\"@id\":\"https:\/\/www.sinavkolej.com\/haramidereadmcocuk\/#website\",\"url\":\"https:\/\/www.sinavkolej.com\/haramidereadmcocuk\/\",\"name\":\"Haramidere S\u0131nav Adm \u00c7ocuk Akademisi\",\"description\":\"Haramidere S\u0131nav Adm \u00c7ocuk Akademisi\",\"publisher\":{\"@id\":\"https:\/\/www.sinavkolej.com\/haramidereadmcocuk\/#organization\"},\"potentialAction\":[{\"@type\":\"SearchAction\",\"target\":{\"@type\":\"EntryPoint\",\"urlTemplate\":\"https:\/\/www.sinavkolej.com\/haramidereadmcocuk\/?s={search_term_string}\"},\"query-input\":\"required name=search_term_string\"}],\"inLanguage\":\"tr\"},{\"@type\":\"Organization\",\"@id\":\"https:\/\/www.sinavkolej.com\/haramidereadmcocuk\/#organization\",\"name\":\"Haramidere S\u0131nav Adm \u00c7ocuk Akademisi\",\"url\":\"https:\/\/www.sinavkolej.com\/haramidereadmcocuk\/\",\"logo\":{\"@type\":\"ImageObject\",\"inLanguage\":\"tr\",\"@id\":\"https:\/\/www.sinavkolej.com\/haramidereadmcocuk\/#\/schema\/logo\/image\/\",\"url\":\"https:\/\/www.sinavkolej.com\/haramidereadmcocuk\/wp-content\/uploads\/2023\/07\/HARAMIDERE-ANAKOLU.png\",\"contentUrl\":\"https:\/\/www.sinavkolej.com\/haramidereadmcocuk\/wp-content\/uploads\/2023\/07\/HARAMIDERE-ANAKOLU.png\",\"width\":2899,\"height\":1003,\"caption\":\"Haramidere S\u0131nav Adm \u00c7ocuk Akademisi\"},\"image\":{\"@id\":\"https:\/\/www.sinavkolej.com\/haramidereadmcocuk\/#\/schema\/logo\/image\/\"}}]}<\/script>\n<!-- \/ Yoast SEO plugin. -->","yoast_head_json":{"title":"Haramidere S\u0131nav Koleji Anaokul \u0130leti\u015fim - Modern E\u011fitim, Anaokulu, \u00d6\u011fretici \u0130\u00e7erikler, Hemen Bize Ula\u015f\u0131n","robots":{"index":"index","follow":"follow","max-snippet":"max-snippet:-1","max-image-preview":"max-image-preview:large","max-video-preview":"max-video-preview:-1"},"canonical":"https:\/\/www.sinavkolej.com\/haramidereadmcocuk\/iletisim\/","og_locale":"tr_TR","og_type":"article","og_title":"Haramidere S\u0131nav Koleji Anaokul \u0130leti\u015fim - Modern E\u011fitim, Anaokulu, \u00d6\u011fretici \u0130\u00e7erikler, Hemen Bize Ula\u015f\u0131n","og_description":"Herhangi bir sorunuz var m\u0131? Adresimiz Akevler, AdmPramit Residence, 1061. Sk. No:11\/A, 34513 Esenyurt\/\u0130stanbul Telefon Numaras\u0131 0505 191 57 970212 588 44\u00a072 E-Posta Adresi info@sinavkolej.com Bizimle \u0130leti\u015fime Ge\u00e7in! \u0130leti\u015fime Ge\u00e7in Bize bir sorunuz veya geri bildiriminiz mi var? Ekibimizle ileti\u015fime ge\u00e7mek i\u00e7in a\u015fa\u011f\u0131daki formu doldurun. Anaokul\u0130lkokulOrtaokulAnadolu Lisesi Mesaj G\u00f6nder","og_url":"https:\/\/www.sinavkolej.com\/haramidereadmcocuk\/iletisim\/","og_site_name":"Haramidere S\u0131nav Adm \u00c7ocuk Akademisi","article_modified_time":"2024-04-04T09:04:12+00:00","twitter_card":"summary_large_image","twitter_misc":{"Tahmini okuma s\u00fcresi":"1 dakika"},"schema":{"@context":"https:\/\/schema.org","@graph":[{"@type":"WebPage","@id":"https:\/\/www.sinavkolej.com\/haramidereadmcocuk\/iletisim\/","url":"https:\/\/www.sinavkolej.com\/haramidereadmcocuk\/iletisim\/","name":"Haramidere S\u0131nav Koleji Anaokul \u0130leti\u015fim - Modern E\u011fitim, Anaokulu, \u00d6\u011fretici \u0130\u00e7erikler, Hemen Bize Ula\u015f\u0131n","isPartOf":{"@id":"https:\/\/www.sinavkolej.com\/haramidereadmcocuk\/#website"},"datePublished":"2023-07-16T02:14:42+00:00","dateModified":"2024-04-04T09:04:12+00:00","breadcrumb":{"@id":"https:\/\/www.sinavkolej.com\/haramidereadmcocuk\/iletisim\/#breadcrumb"},"inLanguage":"tr","potentialAction":[{"@type":"ReadAction","target":["https:\/\/www.sinavkolej.com\/haramidereadmcocuk\/iletisim\/"]}]},{"@type":"BreadcrumbList","@id":"https:\/\/www.sinavkolej.com\/haramidereadmcocuk\/iletisim\/#breadcrumb","itemListElement":[{"@type":"ListItem","position":1,"name":"Anasayfa","item":"https:\/\/www.sinavkolej.com\/haramidereadmcocuk\/"},{"@type":"ListItem","position":2,"name":"\u0130leti\u015fim"}]},{"@type":"WebSite","@id":"https:\/\/www.sinavkolej.com\/haramidereadmcocuk\/#website","url":"https:\/\/www.sinavkolej.com\/haramidereadmcocuk\/","name":"Haramidere S\u0131nav Adm \u00c7ocuk Akademisi","description":"Haramidere S\u0131nav Adm \u00c7ocuk Akademisi","publisher":{"@id":"https:\/\/www.sinavkolej.com\/haramidereadmcocuk\/#organization"},"potentialAction":[{"@type":"SearchAction","target":{"@type":"EntryPoint","urlTemplate":"https:\/\/www.sinavkolej.com\/haramidereadmcocuk\/?s={search_term_string}"},"query-input":"required name=search_term_string"}],"inLanguage":"tr"},{"@type":"Organization","@id":"https:\/\/www.sinavkolej.com\/haramidereadmcocuk\/#organization","name":"Haramidere S\u0131nav Adm \u00c7ocuk Akademisi","url":"https:\/\/www.sinavkolej.com\/haramidereadmcocuk\/","logo":{"@type":"ImageObject","inLanguage":"tr","@id":"https:\/\/www.sinavkolej.com\/haramidereadmcocuk\/#\/schema\/logo\/image\/","url":"https:\/\/www.sinavkolej.com\/haramidereadmcocuk\/wp-content\/uploads\/2023\/07\/HARAMIDERE-ANAKOLU.png","contentUrl":"https:\/\/www.sinavkolej.com\/haramidereadmcocuk\/wp-content\/uploads\/2023\/07\/HARAMIDERE-ANAKOLU.png","width":2899,"height":1003,"caption":"Haramidere S\u0131nav Adm \u00c7ocuk Akademisi"},"image":{"@id":"https:\/\/www.sinavkolej.com\/haramidereadmcocuk\/#\/schema\/logo\/image\/"}}]}},"_links":{"self":[{"href":"https:\/\/www.sinavkolej.com\/haramidereadmcocuk\/wp-json\/wp\/v2\/pages\/389"}],"collection":[{"href":"https:\/\/www.sinavkolej.com\/haramidereadmcocuk\/wp-json\/wp\/v2\/pages"}],"about":[{"href":"https:\/\/www.sinavkolej.com\/haramidereadmcocuk\/wp-json\/wp\/v2\/types\/page"}],"author":[{"embeddable":true,"href":"https:\/\/www.sinavkolej.com\/haramidereadmcocuk\/wp-json\/wp\/v2\/users\/1"}],"replies":[{"embeddable":true,"href":"https:\/\/www.sinavkolej.com\/haramidereadmcocuk\/wp-json\/wp\/v2\/comments?post=389"}],"version-history":[{"count":10,"href":"https:\/\/www.sinavkolej.com\/haramidereadmcocuk\/wp-json\/wp\/v2\/pages\/389\/revisions"}],"predecessor-version":[{"id":4337,"href":"https:\/\/www.sinavkolej.com\/haramidereadmcocuk\/wp-json\/wp\/v2\/pages\/389\/revisions\/4337"}],"wp:attachment":[{"href":"https:\/\/www.sinavkolej.com\/haramidereadmcocuk\/wp-json\/wp\/v2\/media?parent=389"}],"curies":[{"name":"wp","href":"https:\/\/api.w.org\/{rel}","templated":true}]}}