{"id":4168,"date":"2023-10-24T13:05:01","date_gmt":"2023-10-24T13:05:01","guid":{"rendered":"https:\/\/www.sinavkolej.com\/haramidereadmcocuk\/?page_id=4168"},"modified":"2024-04-04T08:52:26","modified_gmt":"2024-04-04T08:52:26","slug":"site-to-side","status":"publish","type":"page","link":"https:\/\/www.sinavkolej.com\/haramidereadmcocuk\/site-to-side\/","title":{"rendered":"Site to Side"},"content":{"rendered":"\t\t<div data-elementor-type=\"wp-page\" data-elementor-id=\"4168\" class=\"elementor elementor-4168\">\n\t\t\t\t\t\t<section class=\"elementor-section elementor-top-section elementor-element elementor-element-b63540a elementor-section-boxed elementor-section-height-default elementor-section-height-default\" data-id=\"b63540a\" data-element_type=\"section\">\n\t\t\t\t\t\t<div class=\"elementor-container elementor-column-gap-no\">\n\t\t\t\t\t<div class=\"elementor-column elementor-col-100 elementor-top-column elementor-element elementor-element-2b37718\" data-id=\"2b37718\" data-element_type=\"column\">\n\t\t\t<div class=\"elementor-widget-wrap elementor-element-populated\">\n\t\t\t\t\t\t<section class=\"elementor-section elementor-inner-section elementor-element elementor-element-e3ffe3f elementor-section-boxed elementor-section-height-default elementor-section-height-default\" data-id=\"e3ffe3f\" data-element_type=\"section\">\n\t\t\t\t\t\t<div class=\"elementor-container elementor-column-gap-no\">\n\t\t\t\t\t<div class=\"elementor-column elementor-col-100 elementor-inner-column elementor-element elementor-element-90fb08b\" data-id=\"90fb08b\" data-element_type=\"column\">\n\t\t\t<div class=\"elementor-widget-wrap elementor-element-populated\">\n\t\t\t\t\r\n\r\n\t\t<div class=\"elementor-element elementor-element-cf29924 elementor-widget elementor-widget-image\" data-id=\"cf29924\" data-element_type=\"widget\" data-widget_type=\"image.default\">\n\t\t\t\t<div class=\"elementor-widget-container\">\n\t\t\t<style>\/*! elementor - v3.23.0 - 23-07-2024 *\/\n.elementor-widget-image{text-align:center}.elementor-widget-image a{display:inline-block}.elementor-widget-image a img[src$=\".svg\"]{width:48px}.elementor-widget-image img{vertical-align:middle;display:inline-block}<\/style>\t\t\t\t\t\t\t\t\t\t<img fetchpriority=\"high\" decoding=\"async\" width=\"770\" height=\"513\" src=\"https:\/\/www.sinavkolej.com\/haramidereadmcocuk\/wp-content\/uploads\/2023\/10\/enrtKJWC_cover-1.jpg\" class=\"attachment-full size-full wp-image-4173\" alt=\"Haramidere S\u0131nav Anaokulu\" srcset=\"https:\/\/www.sinavkolej.com\/haramidereadmcocuk\/wp-content\/uploads\/2023\/10\/enrtKJWC_cover-1.jpg 770w, https:\/\/www.sinavkolej.com\/haramidereadmcocuk\/wp-content\/uploads\/2023\/10\/enrtKJWC_cover-1-300x200.jpg 300w, https:\/\/www.sinavkolej.com\/haramidereadmcocuk\/wp-content\/uploads\/2023\/10\/enrtKJWC_cover-1-768x512.jpg 768w\" sizes=\"(max-width: 770px) 100vw, 770px\" \/>\t\t\t\t\t\t\t\t\t\t\t\t\t<\/div>\n\t\t\t\t<\/div>\n\t\t\t\t<div class=\"elementor-element elementor-element-2148a4c elementor-widget elementor-widget-heading\" data-id=\"2148a4c\" data-element_type=\"widget\" data-widget_type=\"heading.default\">\n\t\t\t\t<div class=\"elementor-widget-container\">\n\t\t\t<style>\/*! elementor - v3.23.0 - 23-07-2024 *\/\n.elementor-heading-title{padding:0;margin:0;line-height:1}.elementor-widget-heading .elementor-heading-title[class*=elementor-size-]>a{color:inherit;font-size:inherit;line-height:inherit}.elementor-widget-heading .elementor-heading-title.elementor-size-small{font-size:15px}.elementor-widget-heading .elementor-heading-title.elementor-size-medium{font-size:19px}.elementor-widget-heading .elementor-heading-title.elementor-size-large{font-size:29px}.elementor-widget-heading .elementor-heading-title.elementor-size-xl{font-size:39px}.elementor-widget-heading .elementor-heading-title.elementor-size-xxl{font-size:59px}<\/style><h3 class=\"elementor-heading-title elementor-size-default\">BU OKULDA \u0130NG\u0130L\u0130ZCE KONU\u015eULUYOR\n<\/h3>\t\t<\/div>\n\t\t\t\t<\/div>\n\t\t\t\t<div class=\"elementor-element elementor-element-154bc68 elementor-widget elementor-widget-text-editor\" data-id=\"154bc68\" data-element_type=\"widget\" data-widget_type=\"text-editor.default\">\n\t\t\t\t<div class=\"elementor-widget-container\">\n\t\t\t<style>\/*! elementor - v3.23.0 - 23-07-2024 *\/\n.elementor-widget-text-editor.elementor-drop-cap-view-stacked .elementor-drop-cap{background-color:#69727d;color:#fff}.elementor-widget-text-editor.elementor-drop-cap-view-framed .elementor-drop-cap{color:#69727d;border:3px solid;background-color:transparent}.elementor-widget-text-editor:not(.elementor-drop-cap-view-default) .elementor-drop-cap{margin-top:8px}.elementor-widget-text-editor:not(.elementor-drop-cap-view-default) .elementor-drop-cap-letter{width:1em;height:1em}.elementor-widget-text-editor .elementor-drop-cap{float:left;text-align:center;line-height:1;font-size:50px}.elementor-widget-text-editor .elementor-drop-cap-letter{display:inline-block}<\/style>\t\t\t\t<div><div><div>Haramidere S\u0131nav Adm \u00c7ocuk Akademisi, uygulad\u0131\u011f\u0131 \u201cSide to Side\u201d program\u0131 ile \u201cT\u00fcrkiye\u2019de \u0130ngilizce \u00f6\u011fretilemiyor\u201d yarg\u0131s\u0131n\u0131 y\u0131kt\u0131. \u201cSide to Side\u201d program\u0131 ile anadili T\u00fcrk\u00e7e olan \u00f6\u011frenciler, hem \u0130ngilizce \u00f6\u011freniyor hem de kendi anadillerinde \u00f6\u011frenimlerini devam ettiriyor.<\/div><div>\u00a0<\/div><div>Bu programla \u00f6zellikle anaokulu ile 1, 2, 3, 4 ve 5. s\u0131n\u0131fta e\u011fitim; ayn\u0131 i\u00e7erikle ve farkl\u0131 iki \u00f6\u011fretmenle (anadil-\u0130ngilizce) yap\u0131lmaktad\u0131r.<\/div><div>\u00a0<\/div><div>HER SAAT \u201cSIDE TO SIDE\u201d<\/div><div>\u00a0<\/div><div>Haramidere S\u0131nav Adm \u00c7ocuk Akademisi\u2019nde \u201cSide to Side\u201d program\u0131 ile anaokulu 3 ya\u015ftan itibaren ilkokul 1, 2, 3, 4 ve ortaokul 5. s\u0131n\u0131fa kadar haftal\u0131k ders programlar\u0131nda yakla\u015f\u0131k 30 saat \u0130ngilizceye yer verilir. Bunun bir k\u0131sm\u0131 sadece \u0130ngilizce dersi iken bir k\u0131sm\u0131 ise \u0130ngilizce ile entegre edilmi\u015f bran\u015f dersleridir. Bunun d\u0131\u015f\u0131nda \u00f6\u011frenciler teneff\u00fcslerde, yemeklerde hatta bah\u00e7ede oyun oynarken, ilgili \u00f6\u011fretmenleriyle hep \u0130ngilizce ileti\u015fim kurar ve g\u00fcn boyu adeta \u0130ngilizceye doyar.<\/div><div>\u00a0<\/div><div>Haramidere S\u0131nav Adm \u00c7ocuk Akademisi MOBILE SCHOOL<\/div><div>\u00a0<\/div><div>S\u0131nav Kolejinde \u0130ngilizce \u00f6\u011fretimi sadece okulla s\u0131n\u0131rl\u0131 de\u011fildir. S\u0131nav E\u011fitim Kurumlar\u0131 Genel Merkezindeki st\u00fcdyolarda geli\u015ftirilen videolarla \u00f6\u011frencilerin evlerinde de \u0130ngilizce \u00f6\u011frenimlerini s\u00fcrd\u00fcrmeleri sa\u011flan\u0131r.<\/div><\/div><\/div>\t\t\t\t\t\t<\/div>\n\t\t\t\t<\/div>\n\t\t\t\t\t<\/div>\n\t\t<\/div>\n\t\t\t\t\t<\/div>\n\t\t<\/section>\n\t\t\t\t\t<\/div>\n\t\t<\/div>\n\t\t\t\t\t<\/div>\n\t\t<\/section>\n\t\t\t\t<\/div>\n\t\t","protected":false},"excerpt":{"rendered":"<p>BU OKULDA \u0130NG\u0130L\u0130ZCE KONU\u015eULUYOR , uygulad\u0131\u011f\u0131 \u201cSide to Side\u201d program\u0131 ile \u201cT\u00fcrkiye\u2019de \u0130ngilizce \u00f6\u011fretilemiyor\u201d yarg\u0131s\u0131n\u0131 y\u0131kt\u0131. \u201cSide to Side\u201d program\u0131 ile anadili T\u00fcrk\u00e7e olan \u00f6\u011frenciler, hem \u0130ngilizce \u00f6\u011freniyor hem de kendi anadillerinde \u00f6\u011frenimlerini devam ettiriyor.\u00a0Bu programla \u00f6zellikle anaokulu ile 1, 2, 3, 4 ve 5. s\u0131n\u0131fta e\u011fitim; ayn\u0131 i\u00e7erikle ve farkl\u0131 iki \u00f6\u011fretmenle (anadil-\u0130ngilizce) yap\u0131lmaktad\u0131r.\u00a0HER&#8230;<\/p>\n","protected":false},"author":1,"featured_media":0,"parent":0,"menu_order":0,"comment_status":"closed","ping_status":"closed","template":"template-builder.php","meta":{"footnotes":""},"class_list":["post-4168","page","type-page","status-publish","hentry"],"yoast_head":"<!-- This site is optimized with the Yoast SEO plugin v23.1 - https:\/\/yoast.com\/wordpress\/plugins\/seo\/ -->\n<title>Haramidere S\u0131nav Koleji Anaokulu Site to Side - Modern E\u011fitim, Anaokulu, \u00d6\u011fretici \u0130\u00e7erikler, Y\u00fcksek E\u011fitim<\/title>\n<meta name=\"robots\" content=\"index, follow, max-snippet:-1, max-image-preview:large, max-video-preview:-1\" \/>\n<link rel=\"canonical\" href=\"https:\/\/www.sinavkolej.com\/haramidereadmcocuk\/site-to-side\/\" \/>\n<meta property=\"og:locale\" content=\"tr_TR\" \/>\n<meta property=\"og:type\" content=\"article\" \/>\n<meta property=\"og:title\" content=\"Haramidere S\u0131nav Koleji Anaokulu Site to Side - Modern E\u011fitim, Anaokulu, \u00d6\u011fretici \u0130\u00e7erikler, Y\u00fcksek E\u011fitim\" \/>\n<meta property=\"og:description\" content=\"BU OKULDA \u0130NG\u0130L\u0130ZCE KONU\u015eULUYOR , uygulad\u0131\u011f\u0131 \u201cSide to Side\u201d program\u0131 ile \u201cT\u00fcrkiye\u2019de \u0130ngilizce \u00f6\u011fretilemiyor\u201d yarg\u0131s\u0131n\u0131 y\u0131kt\u0131. \u201cSide to Side\u201d program\u0131 ile anadili T\u00fcrk\u00e7e olan \u00f6\u011frenciler, hem \u0130ngilizce \u00f6\u011freniyor hem de kendi anadillerinde \u00f6\u011frenimlerini devam ettiriyor.\u00a0Bu programla \u00f6zellikle anaokulu ile 1, 2, 3, 4 ve 5. s\u0131n\u0131fta e\u011fitim; ayn\u0131 i\u00e7erikle ve farkl\u0131 iki \u00f6\u011fretmenle (anadil-\u0130ngilizce) yap\u0131lmaktad\u0131r.\u00a0HER...\" \/>\n<meta property=\"og:url\" content=\"https:\/\/www.sinavkolej.com\/haramidereadmcocuk\/site-to-side\/\" \/>\n<meta property=\"og:site_name\" content=\"Haramidere S\u0131nav Adm \u00c7ocuk Akademisi\" \/>\n<meta property=\"article:modified_time\" content=\"2024-04-04T08:52:26+00:00\" \/>\n<meta property=\"og:image\" content=\"https:\/\/www.sinavkolej.com\/haramidereadmcocuk\/wp-content\/uploads\/2023\/10\/enrtKJWC_cover-1.jpg\" \/>\n<meta name=\"twitter:card\" content=\"summary_large_image\" \/>\n<meta name=\"twitter:label1\" content=\"Tahmini okuma s\u00fcresi\" \/>\n\t<meta name=\"twitter:data1\" content=\"2 dakika\" \/>\n<script type=\"application\/ld+json\" class=\"yoast-schema-graph\">{\"@context\":\"https:\/\/schema.org\",\"@graph\":[{\"@type\":\"WebPage\",\"@id\":\"https:\/\/www.sinavkolej.com\/haramidereadmcocuk\/site-to-side\/\",\"url\":\"https:\/\/www.sinavkolej.com\/haramidereadmcocuk\/site-to-side\/\",\"name\":\"Haramidere S\u0131nav Koleji Anaokulu Site to Side - Modern E\u011fitim, Anaokulu, \u00d6\u011fretici \u0130\u00e7erikler, Y\u00fcksek E\u011fitim\",\"isPartOf\":{\"@id\":\"https:\/\/www.sinavkolej.com\/haramidereadmcocuk\/#website\"},\"primaryImageOfPage\":{\"@id\":\"https:\/\/www.sinavkolej.com\/haramidereadmcocuk\/site-to-side\/#primaryimage\"},\"image\":{\"@id\":\"https:\/\/www.sinavkolej.com\/haramidereadmcocuk\/site-to-side\/#primaryimage\"},\"thumbnailUrl\":\"https:\/\/www.sinavkolej.com\/haramidereadmcocuk\/wp-content\/uploads\/2023\/10\/enrtKJWC_cover-1.jpg\",\"datePublished\":\"2023-10-24T13:05:01+00:00\",\"dateModified\":\"2024-04-04T08:52:26+00:00\",\"breadcrumb\":{\"@id\":\"https:\/\/www.sinavkolej.com\/haramidereadmcocuk\/site-to-side\/#breadcrumb\"},\"inLanguage\":\"tr\",\"potentialAction\":[{\"@type\":\"ReadAction\",\"target\":[\"https:\/\/www.sinavkolej.com\/haramidereadmcocuk\/site-to-side\/\"]}]},{\"@type\":\"ImageObject\",\"inLanguage\":\"tr\",\"@id\":\"https:\/\/www.sinavkolej.com\/haramidereadmcocuk\/site-to-side\/#primaryimage\",\"url\":\"https:\/\/www.sinavkolej.com\/haramidereadmcocuk\/wp-content\/uploads\/2023\/10\/enrtKJWC_cover-1.jpg\",\"contentUrl\":\"https:\/\/www.sinavkolej.com\/haramidereadmcocuk\/wp-content\/uploads\/2023\/10\/enrtKJWC_cover-1.jpg\",\"width\":770,\"height\":513,\"caption\":\"Haramidere S\u0131nav Anaokulu\"},{\"@type\":\"BreadcrumbList\",\"@id\":\"https:\/\/www.sinavkolej.com\/haramidereadmcocuk\/site-to-side\/#breadcrumb\",\"itemListElement\":[{\"@type\":\"ListItem\",\"position\":1,\"name\":\"Anasayfa\",\"item\":\"https:\/\/www.sinavkolej.com\/haramidereadmcocuk\/\"},{\"@type\":\"ListItem\",\"position\":2,\"name\":\"Site to Side\"}]},{\"@type\":\"WebSite\",\"@id\":\"https:\/\/www.sinavkolej.com\/haramidereadmcocuk\/#website\",\"url\":\"https:\/\/www.sinavkolej.com\/haramidereadmcocuk\/\",\"name\":\"Haramidere S\u0131nav Adm \u00c7ocuk Akademisi\",\"description\":\"Haramidere S\u0131nav Adm \u00c7ocuk Akademisi\",\"publisher\":{\"@id\":\"https:\/\/www.sinavkolej.com\/haramidereadmcocuk\/#organization\"},\"potentialAction\":[{\"@type\":\"SearchAction\",\"target\":{\"@type\":\"EntryPoint\",\"urlTemplate\":\"https:\/\/www.sinavkolej.com\/haramidereadmcocuk\/?s={search_term_string}\"},\"query-input\":\"required name=search_term_string\"}],\"inLanguage\":\"tr\"},{\"@type\":\"Organization\",\"@id\":\"https:\/\/www.sinavkolej.com\/haramidereadmcocuk\/#organization\",\"name\":\"Haramidere S\u0131nav Adm \u00c7ocuk Akademisi\",\"url\":\"https:\/\/www.sinavkolej.com\/haramidereadmcocuk\/\",\"logo\":{\"@type\":\"ImageObject\",\"inLanguage\":\"tr\",\"@id\":\"https:\/\/www.sinavkolej.com\/haramidereadmcocuk\/#\/schema\/logo\/image\/\",\"url\":\"https:\/\/www.sinavkolej.com\/haramidereadmcocuk\/wp-content\/uploads\/2023\/07\/HARAMIDERE-ANAKOLU.png\",\"contentUrl\":\"https:\/\/www.sinavkolej.com\/haramidereadmcocuk\/wp-content\/uploads\/2023\/07\/HARAMIDERE-ANAKOLU.png\",\"width\":2899,\"height\":1003,\"caption\":\"Haramidere S\u0131nav Adm \u00c7ocuk Akademisi\"},\"image\":{\"@id\":\"https:\/\/www.sinavkolej.com\/haramidereadmcocuk\/#\/schema\/logo\/image\/\"}}]}<\/script>\n<!-- \/ Yoast SEO plugin. -->","yoast_head_json":{"title":"Haramidere S\u0131nav Koleji Anaokulu Site to Side - Modern E\u011fitim, Anaokulu, \u00d6\u011fretici \u0130\u00e7erikler, Y\u00fcksek E\u011fitim","robots":{"index":"index","follow":"follow","max-snippet":"max-snippet:-1","max-image-preview":"max-image-preview:large","max-video-preview":"max-video-preview:-1"},"canonical":"https:\/\/www.sinavkolej.com\/haramidereadmcocuk\/site-to-side\/","og_locale":"tr_TR","og_type":"article","og_title":"Haramidere S\u0131nav Koleji Anaokulu Site to Side - Modern E\u011fitim, Anaokulu, \u00d6\u011fretici \u0130\u00e7erikler, Y\u00fcksek E\u011fitim","og_description":"BU OKULDA \u0130NG\u0130L\u0130ZCE KONU\u015eULUYOR , uygulad\u0131\u011f\u0131 \u201cSide to Side\u201d program\u0131 ile \u201cT\u00fcrkiye\u2019de \u0130ngilizce \u00f6\u011fretilemiyor\u201d yarg\u0131s\u0131n\u0131 y\u0131kt\u0131. \u201cSide to Side\u201d program\u0131 ile anadili T\u00fcrk\u00e7e olan \u00f6\u011frenciler, hem \u0130ngilizce \u00f6\u011freniyor hem de kendi anadillerinde \u00f6\u011frenimlerini devam ettiriyor.\u00a0Bu programla \u00f6zellikle anaokulu ile 1, 2, 3, 4 ve 5. s\u0131n\u0131fta e\u011fitim; ayn\u0131 i\u00e7erikle ve farkl\u0131 iki \u00f6\u011fretmenle (anadil-\u0130ngilizce) yap\u0131lmaktad\u0131r.\u00a0HER...","og_url":"https:\/\/www.sinavkolej.com\/haramidereadmcocuk\/site-to-side\/","og_site_name":"Haramidere S\u0131nav Adm \u00c7ocuk Akademisi","article_modified_time":"2024-04-04T08:52:26+00:00","og_image":[{"url":"https:\/\/www.sinavkolej.com\/haramidereadmcocuk\/wp-content\/uploads\/2023\/10\/enrtKJWC_cover-1.jpg"}],"twitter_card":"summary_large_image","twitter_misc":{"Tahmini okuma s\u00fcresi":"2 dakika"},"schema":{"@context":"https:\/\/schema.org","@graph":[{"@type":"WebPage","@id":"https:\/\/www.sinavkolej.com\/haramidereadmcocuk\/site-to-side\/","url":"https:\/\/www.sinavkolej.com\/haramidereadmcocuk\/site-to-side\/","name":"Haramidere S\u0131nav Koleji Anaokulu Site to Side - Modern E\u011fitim, Anaokulu, \u00d6\u011fretici \u0130\u00e7erikler, Y\u00fcksek E\u011fitim","isPartOf":{"@id":"https:\/\/www.sinavkolej.com\/haramidereadmcocuk\/#website"},"primaryImageOfPage":{"@id":"https:\/\/www.sinavkolej.com\/haramidereadmcocuk\/site-to-side\/#primaryimage"},"image":{"@id":"https:\/\/www.sinavkolej.com\/haramidereadmcocuk\/site-to-side\/#primaryimage"},"thumbnailUrl":"https:\/\/www.sinavkolej.com\/haramidereadmcocuk\/wp-content\/uploads\/2023\/10\/enrtKJWC_cover-1.jpg","datePublished":"2023-10-24T13:05:01+00:00","dateModified":"2024-04-04T08:52:26+00:00","breadcrumb":{"@id":"https:\/\/www.sinavkolej.com\/haramidereadmcocuk\/site-to-side\/#breadcrumb"},"inLanguage":"tr","potentialAction":[{"@type":"ReadAction","target":["https:\/\/www.sinavkolej.com\/haramidereadmcocuk\/site-to-side\/"]}]},{"@type":"ImageObject","inLanguage":"tr","@id":"https:\/\/www.sinavkolej.com\/haramidereadmcocuk\/site-to-side\/#primaryimage","url":"https:\/\/www.sinavkolej.com\/haramidereadmcocuk\/wp-content\/uploads\/2023\/10\/enrtKJWC_cover-1.jpg","contentUrl":"https:\/\/www.sinavkolej.com\/haramidereadmcocuk\/wp-content\/uploads\/2023\/10\/enrtKJWC_cover-1.jpg","width":770,"height":513,"caption":"Haramidere S\u0131nav Anaokulu"},{"@type":"BreadcrumbList","@id":"https:\/\/www.sinavkolej.com\/haramidereadmcocuk\/site-to-side\/#breadcrumb","itemListElement":[{"@type":"ListItem","position":1,"name":"Anasayfa","item":"https:\/\/www.sinavkolej.com\/haramidereadmcocuk\/"},{"@type":"ListItem","position":2,"name":"Site to Side"}]},{"@type":"WebSite","@id":"https:\/\/www.sinavkolej.com\/haramidereadmcocuk\/#website","url":"https:\/\/www.sinavkolej.com\/haramidereadmcocuk\/","name":"Haramidere S\u0131nav Adm \u00c7ocuk Akademisi","description":"Haramidere S\u0131nav Adm \u00c7ocuk Akademisi","publisher":{"@id":"https:\/\/www.sinavkolej.com\/haramidereadmcocuk\/#organization"},"potentialAction":[{"@type":"SearchAction","target":{"@type":"EntryPoint","urlTemplate":"https:\/\/www.sinavkolej.com\/haramidereadmcocuk\/?s={search_term_string}"},"query-input":"required name=search_term_string"}],"inLanguage":"tr"},{"@type":"Organization","@id":"https:\/\/www.sinavkolej.com\/haramidereadmcocuk\/#organization","name":"Haramidere S\u0131nav Adm \u00c7ocuk Akademisi","url":"https:\/\/www.sinavkolej.com\/haramidereadmcocuk\/","logo":{"@type":"ImageObject","inLanguage":"tr","@id":"https:\/\/www.sinavkolej.com\/haramidereadmcocuk\/#\/schema\/logo\/image\/","url":"https:\/\/www.sinavkolej.com\/haramidereadmcocuk\/wp-content\/uploads\/2023\/07\/HARAMIDERE-ANAKOLU.png","contentUrl":"https:\/\/www.sinavkolej.com\/haramidereadmcocuk\/wp-content\/uploads\/2023\/07\/HARAMIDERE-ANAKOLU.png","width":2899,"height":1003,"caption":"Haramidere S\u0131nav Adm \u00c7ocuk Akademisi"},"image":{"@id":"https:\/\/www.sinavkolej.com\/haramidereadmcocuk\/#\/schema\/logo\/image\/"}}]}},"_links":{"self":[{"href":"https:\/\/www.sinavkolej.com\/haramidereadmcocuk\/wp-json\/wp\/v2\/pages\/4168"}],"collection":[{"href":"https:\/\/www.sinavkolej.com\/haramidereadmcocuk\/wp-json\/wp\/v2\/pages"}],"about":[{"href":"https:\/\/www.sinavkolej.com\/haramidereadmcocuk\/wp-json\/wp\/v2\/types\/page"}],"author":[{"embeddable":true,"href":"https:\/\/www.sinavkolej.com\/haramidereadmcocuk\/wp-json\/wp\/v2\/users\/1"}],"replies":[{"embeddable":true,"href":"https:\/\/www.sinavkolej.com\/haramidereadmcocuk\/wp-json\/wp\/v2\/comments?post=4168"}],"version-history":[{"count":7,"href":"https:\/\/www.sinavkolej.com\/haramidereadmcocuk\/wp-json\/wp\/v2\/pages\/4168\/revisions"}],"predecessor-version":[{"id":4176,"href":"https:\/\/www.sinavkolej.com\/haramidereadmcocuk\/wp-json\/wp\/v2\/pages\/4168\/revisions\/4176"}],"wp:attachment":[{"href":"https:\/\/www.sinavkolej.com\/haramidereadmcocuk\/wp-json\/wp\/v2\/media?parent=4168"}],"curies":[{"name":"wp","href":"https:\/\/api.w.org\/{rel}","templated":true}]}}